{"id":1032,"date":"2024-07-22T14:02:45","date_gmt":"2024-07-22T12:02:45","guid":{"rendered":"https:\/\/handbook.kanco2.no\/?page_id=1032"},"modified":"2025-09-30T12:00:24","modified_gmt":"2025-09-30T10:00:24","slug":"rammebetingelser","status":"publish","type":"page","link":"https:\/\/handbook.kanco2.no\/en\/rammebetingelser\/","title":{"rendered":"Framework"},"content":{"rendered":"<div class=\"wp-block-group alignfull eplus-wrapper has-beige-background-color has-background has-global-padding is-layout-constrained wp-block-group-is-layout-constrained\" style=\"padding-top:var(--wp--preset--spacing--50);padding-bottom:var(--wp--preset--spacing--50)\">\n<div style=\"height:150px\" aria-hidden=\"true\" class=\"wp-block-spacer\"><\/div>\n\n\n\n<div style=\"height:50px\" aria-hidden=\"true\" class=\"wp-block-spacer hide-mobile\"><\/div>\n\n\n\n<div class=\"wp-block-group eplus-wrapper has-global-padding is-layout-constrained wp-block-group-is-layout-constrained\">\n<div class=\"wp-block-columns eplus-wrapper is-layout-flex wp-container-core-columns-is-layout-28f84493 wp-block-columns-is-layout-flex\">\n<div class=\"wp-block-column eplus-wrapper is-layout-flow wp-block-column-is-layout-flow\" style=\"flex-basis:80%\">\n<p class=\"eplus-wrapper\">Chapter 6<\/p>\n\n\n\n<h2 class=\"wp-block-heading eplus-wrapper\" id=\"0-rammebetingelser\">Framework<\/h2>\n<\/div>\n\n\n\n<div class=\"wp-block-column is-vertically-aligned-center eplus-wrapper is-layout-flow wp-block-column-is-layout-flow\" style=\"flex-basis:20%\"><\/div>\n<\/div>\n<\/div>\n<\/div>\n\n\n\n<div class=\"wp-block-group alignfull eplus-wrapper has-global-padding is-layout-constrained wp-block-group-is-layout-constrained\" style=\"padding-top:var(--wp--preset--spacing--40);padding-bottom:var(--wp--preset--spacing--40)\">\n<div class=\"wp-block-group eplus-wrapper has-global-padding is-layout-constrained wp-block-group-is-layout-constrained\">\n<div class=\"wp-block-columns eplus-wrapper is-layout-flex wp-container-core-columns-is-layout-28f84493 wp-block-columns-is-layout-flex\">\n<div class=\"wp-block-column eplus-wrapper is-layout-flow wp-block-column-is-layout-flow\">\n<p class=\"eplus-wrapper\" style=\"font-size:clamp(0.875rem, 0.875rem + ((1vw - 0.2rem) * 0.54), 1.3rem);font-style:normal;font-weight:500\">In order for Norway to be able to reduce its greenhouse gas emissions by at least 55% and fulfill its obligations under the Paris Agreement, Norway needs a plan for how to get CO2 management in place at waste incineration plants in Norway. Support schemes and framework conditions must collectively make it possible to realize CCUS at waste incineration plants.<\/p>\n\n\n\n<p>Waste incineration in Norway accounts for a total of 2.24% of Norwegian CO2 emissions. About 50% of CO2 emissions are biogenic CO2 that is part of the natural carbon cycle. Emissions originate from biomass that has absorbed CO2 throughout its lifetime. Capturing and storing biogenic CO2 will remove CO2 from the atmosphere and be an important contribution to achieving the climate goals. &nbsp;<\/p>\n\n\n<div style=\"background-color: #f8f8f8; border-width: 2px; border-color: #ECECEC; \" class=\"ub_call_to_action wp-block-ub-call-to-action-block\" id=\"ub_call_to_action_4d242499-c0f9-4431-98e3-17d05e1d0744\">\n\t\t\t<div class=\"ub_call_to_action_headline\">\n\t\t\t\t<p class=\"ub_call_to_action_headline_text\" style=\"font-size: 30px; text-align: center; \">KANs posisjon, august 2025<\/p>\n\t\t\t<\/div>\n\t\t\t<div class=\"ub_call_to_action_content\">\n\t\t\t\t<p class=\"ub_cta_content_text\" style=\"font-size: 15px; text-align: center; \">The partners in KAN have, in collaboration with subcontractors, mapped possible framework conditions and measures. Based on this work, the partners have gathered what KAN believes will contribute to the realization of CCS at waste incineration plants in a similar position:<\/p>\n\t\t\t<\/div>\n\t\t\t<div class=\"ub_call_to_action_button\">\n\t\t\t\t<a href=\"https:\/\/handbook.kanco2.no\/en\/our-position\/\" target=\"_self\" rel=\"noopener noreferrer\" class=\"ub_cta_button\" style=\"background-color: #E27330; width: 250px; \">\n\t\t\t\t\t<p class=\"ub_cta_button_text\" style=\"font-size: 14px; \"><a href=\"https:\/\/handbook.kanco2.no\/wp-content\/uploads\/2025\/09\/250829_KAN-posisjon.pdf\">Read KANs position<\/a><\/p>\n\t\t\t\t<\/a>\n\t\t\t<\/div>\n\t\t<\/div>\n\n\n<h3 class=\"wp-block-heading\" id=\"1-avfallsforbrenning-samfunnsviktig\"><\/h3>\n\n\n\n<div style=\"height:35px\" aria-hidden=\"true\" class=\"wp-block-spacer\"><\/div>\n\n\n\n<div class=\"wp-block-group has-beige-background-color has-background has-global-padding is-layout-constrained wp-container-core-group-is-layout-39412042 wp-block-group-is-layout-constrained\" style=\"border-radius:20px;padding-top:var(--wp--preset--spacing--40);padding-right:var(--wp--preset--spacing--50);padding-bottom:var(--wp--preset--spacing--40);padding-left:var(--wp--preset--spacing--50)\">\n<div class=\"wp-block-columns is-layout-flex wp-container-core-columns-is-layout-28f84493 wp-block-columns-is-layout-flex\">\n<div class=\"wp-block-column is-vertically-aligned-center is-layout-flow wp-block-column-is-layout-flow\" style=\"flex-basis:15%\">\n<h2 class=\"wp-block-heading\" id=\"4-merk\">Note!<\/h2>\n<\/div>\n\n\n\n<div class=\"wp-block-column has-border-color has-green-border-color has-green-background-color has-background is-layout-flow wp-block-column-is-layout-flow\" style=\"border-width:1px;flex-basis:1px\"><\/div>\n\n\n\n<div class=\"wp-block-column is-layout-flow wp-block-column-is-layout-flow\" style=\"padding-right:var(--wp--preset--spacing--10);padding-left:var(--wp--preset--spacing--10)\">\n<h4 class=\"wp-block-heading\" id=\"5-europa-vil-mangle-100-klemetsrudanlegg-i-2035-selv-om-eu-n%C3%A5r-alle-gjenvinnings-og-deponim%C3%A5l\">Europe will lack 100 Klemetsrud plants in 2035 even if the EU meets all recycling and landfill targets!<\/h4>\n\n\n\n<p>The Confederation of European Waste-to-Energy Plants (CEWEP) has calculated that Europe will need 142 million tons of residual waste treatment capacity by 2035 even if the EU meets its ambitious landfill and recycling targets for household and commercial waste. This is approx. 40 million tons more than the current incineration capacity and corresponds to approximately 100 Klemetsrud plants. Source: <a href=\"https:\/\/www.cewep.eu\/cewep-capacity-calculations\/\">https:\/\/www.cewep.eu\/cewep-capacity-calculations\/<\/a> <\/p>\n<\/div>\n<\/div>\n<\/div>\n<\/div>\n<\/div>\n<\/div>\n\n\n\n<div style=\"height:73px\" aria-hidden=\"true\" class=\"wp-block-spacer\"><\/div>\n\n\n\n<div class=\"wp-block-group alignfull has-medium-green-background-color has-background has-global-padding is-layout-constrained wp-container-core-group-is-layout-05278918 wp-block-group-is-layout-constrained\" style=\"padding-top:var(--wp--preset--spacing--30);padding-right:var(--wp--preset--spacing--10);padding-bottom:var(--wp--preset--spacing--30);padding-left:var(--wp--preset--spacing--10)\">\n<div style=\"height:50px\" aria-hidden=\"true\" class=\"wp-block-spacer\"><\/div>\n\n\n\n<div style=\"height:50px\" aria-hidden=\"true\" class=\"wp-block-spacer hide-mobile\"><\/div>\n\n\n\n<div class=\"wp-block-group has-global-padding is-layout-constrained wp-block-group-is-layout-constrained\">\n<div class=\"wp-block-columns bottom-nav-boxes has-dark-green-background-color has-background is-layout-flex wp-container-core-columns-is-layout-9a58509f wp-block-columns-is-layout-flex\" style=\"border-radius:15px;padding-top:var(--wp--preset--spacing--30);padding-right:var(--wp--preset--spacing--40);padding-bottom:var(--wp--preset--spacing--30);padding-left:var(--wp--preset--spacing--40)\">\n<div class=\"wp-block-column line is-layout-flow wp-block-column-is-layout-flow\" style=\"border-right-width:1px;padding-top:var(--wp--preset--spacing--40);padding-right:var(--wp--preset--spacing--30);padding-bottom:var(--wp--preset--spacing--40);padding-left:var(--wp--preset--spacing--30)\">\n<h4 class=\"wp-block-heading has-text-align-right has-white-color has-text-color has-link-color wp-elements-92b5ed97787c315cf8cda24307d1ed89\" id=\"7-lagringsmuligheter-\"><a href=\"https:\/\/handbook.kanco2.no\/en\/storage-options\/\">Storage options<\/a><\/h4>\n\n\n\n<h4 class=\"wp-block-heading has-text-align-right has-white-color has-text-color has-link-color wp-elements-96d4dec5800a6cf088d0e1348a35fa1c\" id=\"8-\"><a href=\"https:\/\/handbook.kanco2.no\/en\/storage-options\/\"><img loading=\"lazy\" decoding=\"async\" width=\"24\" height=\"15\" class=\"wp-image-518\" style=\"width: 24px;\" src=\"https:\/\/handbook.kanco2.no\/wp-content\/uploads\/2024\/06\/arrow-left-white.svg\" alt=\"\"><\/a><\/h4>\n<\/div>\n\n\n\n<div class=\"wp-block-column has-border-color has-white-border-color has-white-background-color has-background is-layout-flow wp-block-column-is-layout-flow\" style=\"border-width:1px;flex-basis:1px\"><\/div>\n\n\n\n<div class=\"wp-block-column is-layout-flow wp-block-column-is-layout-flow\" style=\"padding-top:var(--wp--preset--spacing--40);padding-right:var(--wp--preset--spacing--30);padding-bottom:var(--wp--preset--spacing--40);padding-left:var(--wp--preset--spacing--30)\">\n<h4 class=\"wp-block-heading has-white-color has-text-color has-link-color wp-elements-f0ab2a08f00fa914d67a9853f0d1c7ff\" id=\"9-ccs-ved-de-neste-avfallsforbrenningsanleggene-\"><a href=\"https:\/\/handbook.kanco2.no\/en\/ccs-at-the-next-waste-incineration-plants\/\">CCS at the next waste incineration plants<\/a><\/h4>\n\n\n\n<h4 class=\"wp-block-heading has-white-color has-text-color has-link-color wp-elements-43d44a234167bfeccf54c0976122222b\" id=\"10-\"><a href=\"https:\/\/handbook.kanco2.no\/en\/ccs-at-the-next-waste-incineration-plants\/\"><img loading=\"lazy\" decoding=\"async\" width=\"24\" height=\"15\" class=\"wp-image-60\" style=\"width: 24px;\" src=\"https:\/\/handbook.kanco2.no\/wp-content\/uploads\/2024\/06\/arrow-right-white.svg\" alt=\"\"><\/a><\/h4>\n<\/div>\n<\/div>\n<\/div>\n\n\n\n<div style=\"height:50px\" aria-hidden=\"true\" class=\"wp-block-spacer\"><\/div>\n\n\n\n<div style=\"height:50px\" aria-hidden=\"true\" class=\"wp-block-spacer hide-mobile\"><\/div>\n<\/div>\n<\/div>","protected":false},"excerpt":{"rendered":"<p>Kapittel 6 Rammebetingelser For at Norge skal kunne redusere sine klimagassutslipp med minst 55%, og oppfylle sine forpliktelser i henhold til Parisavtalen, trenger Norge en plan for hvordan f\u00e5 p\u00e5 plass CO2-h\u00e5ndtering ved avfallsforbrenningsanleggene i Norge. St\u00f8tteordninger og rammebetingelser m\u00e5 samlet gj\u00f8re det mulig \u00e5 realisere CCS. Avfallsforbrenningen i Norge st\u00e5r samlet for 2,24% av [&hellip;]<\/p>\n","protected":false},"author":1,"featured_media":0,"parent":0,"menu_order":0,"comment_status":"closed","ping_status":"closed","template":"","meta":{"_editorskit_title_hidden":false,"_editorskit_reading_time":0,"_editorskit_is_block_options_detached":false,"_editorskit_block_options_position":"{}","inline_featured_image":false,"footnotes":""},"class_list":["post-1032","page","type-page","status-publish","hentry"],"featured_image_src":null,"yoast_head":"<!-- This site is optimized with the Yoast SEO plugin v27.5 - https:\/\/yoast.com\/product\/yoast-seo-wordpress\/ -->\n<title>Rammebetingelser - KAN<\/title>\n<meta name=\"robots\" content=\"index, follow, max-snippet:-1, max-image-preview:large, max-video-preview:-1\" \/>\n<link rel=\"canonical\" href=\"https:\/\/handbook.kanco2.no\/en\/rammebetingelser\/\" \/>\n<meta property=\"og:locale\" content=\"en_GB\" \/>\n<meta property=\"og:type\" content=\"article\" \/>\n<meta property=\"og:title\" content=\"Rammebetingelser - KAN\" \/>\n<meta property=\"og:description\" content=\"Kapittel 6 Rammebetingelser For at Norge skal kunne redusere sine klimagassutslipp med minst 55%, og oppfylle sine forpliktelser i henhold til Parisavtalen, trenger Norge en plan for hvordan f\u00e5 p\u00e5 plass CO2-h\u00e5ndtering ved avfallsforbrenningsanleggene i Norge. St\u00f8tteordninger og rammebetingelser m\u00e5 samlet gj\u00f8re det mulig \u00e5 realisere CCS. Avfallsforbrenningen i Norge st\u00e5r samlet for 2,24% av [&hellip;]\" \/>\n<meta property=\"og:url\" content=\"https:\/\/handbook.kanco2.no\/en\/rammebetingelser\/\" \/>\n<meta property=\"og:site_name\" content=\"KAN\" \/>\n<meta property=\"article:modified_time\" content=\"2025-09-30T10:00:24+00:00\" \/>\n<meta name=\"twitter:card\" content=\"summary_large_image\" \/>\n<meta name=\"twitter:label1\" content=\"Estimated reading time\" \/>\n\t<meta name=\"twitter:data1\" content=\"2 minutes\" \/>\n<script type=\"application\/ld+json\" class=\"yoast-schema-graph\">{\"@context\":\"https:\\\/\\\/schema.org\",\"@graph\":[{\"@type\":\"WebPage\",\"@id\":\"https:\\\/\\\/handbook.kanco2.no\\\/rammebetingelser\\\/\",\"url\":\"https:\\\/\\\/handbook.kanco2.no\\\/rammebetingelser\\\/\",\"name\":\"Rammebetingelser - KAN\",\"isPartOf\":{\"@id\":\"https:\\\/\\\/handbook.kanco2.no\\\/#website\"},\"primaryImageOfPage\":{\"@id\":\"https:\\\/\\\/handbook.kanco2.no\\\/rammebetingelser\\\/#primaryimage\"},\"image\":{\"@id\":\"https:\\\/\\\/handbook.kanco2.no\\\/rammebetingelser\\\/#primaryimage\"},\"thumbnailUrl\":\"https:\\\/\\\/handbook.kanco2.no\\\/wp-content\\\/uploads\\\/2024\\\/06\\\/arrow-left-white.svg\",\"datePublished\":\"2024-07-22T12:02:45+00:00\",\"dateModified\":\"2025-09-30T10:00:24+00:00\",\"breadcrumb\":{\"@id\":\"https:\\\/\\\/handbook.kanco2.no\\\/rammebetingelser\\\/#breadcrumb\"},\"inLanguage\":\"en-GB\",\"potentialAction\":[{\"@type\":\"ReadAction\",\"target\":[\"https:\\\/\\\/handbook.kanco2.no\\\/rammebetingelser\\\/\"]}]},{\"@type\":\"ImageObject\",\"inLanguage\":\"en-GB\",\"@id\":\"https:\\\/\\\/handbook.kanco2.no\\\/rammebetingelser\\\/#primaryimage\",\"url\":\"https:\\\/\\\/handbook.kanco2.no\\\/wp-content\\\/uploads\\\/2024\\\/06\\\/arrow-left-white.svg\",\"contentUrl\":\"https:\\\/\\\/handbook.kanco2.no\\\/wp-content\\\/uploads\\\/2024\\\/06\\\/arrow-left-white.svg\"},{\"@type\":\"BreadcrumbList\",\"@id\":\"https:\\\/\\\/handbook.kanco2.no\\\/rammebetingelser\\\/#breadcrumb\",\"itemListElement\":[{\"@type\":\"ListItem\",\"position\":1,\"name\":\"Home\",\"item\":\"https:\\\/\\\/handbook.kanco2.no\\\/\"},{\"@type\":\"ListItem\",\"position\":2,\"name\":\"Rammebetingelser\"}]},{\"@type\":\"WebSite\",\"@id\":\"https:\\\/\\\/handbook.kanco2.no\\\/#website\",\"url\":\"https:\\\/\\\/handbook.kanco2.no\\\/\",\"name\":\"KAN\",\"description\":\"\",\"publisher\":{\"@id\":\"https:\\\/\\\/handbook.kanco2.no\\\/#organization\"},\"potentialAction\":[{\"@type\":\"SearchAction\",\"target\":{\"@type\":\"EntryPoint\",\"urlTemplate\":\"https:\\\/\\\/handbook.kanco2.no\\\/?s={search_term_string}\"},\"query-input\":{\"@type\":\"PropertyValueSpecification\",\"valueRequired\":true,\"valueName\":\"search_term_string\"}}],\"inLanguage\":\"en-GB\"},{\"@type\":\"Organization\",\"@id\":\"https:\\\/\\\/handbook.kanco2.no\\\/#organization\",\"name\":\"KAN\",\"url\":\"https:\\\/\\\/handbook.kanco2.no\\\/\",\"logo\":{\"@type\":\"ImageObject\",\"inLanguage\":\"en-GB\",\"@id\":\"https:\\\/\\\/handbook.kanco2.no\\\/#\\\/schema\\\/logo\\\/image\\\/\",\"url\":\"https:\\\/\\\/handbook.kanco2.no\\\/wp-content\\\/uploads\\\/2024\\\/06\\\/KAN-logo-e1718626874781.png\",\"contentUrl\":\"https:\\\/\\\/handbook.kanco2.no\\\/wp-content\\\/uploads\\\/2024\\\/06\\\/KAN-logo-e1718626874781.png\",\"width\":389,\"height\":230,\"caption\":\"KAN\"},\"image\":{\"@id\":\"https:\\\/\\\/handbook.kanco2.no\\\/#\\\/schema\\\/logo\\\/image\\\/\"}}]}<\/script>\n<!-- \/ Yoast SEO plugin. -->","yoast_head_json":{"title":"Rammebetingelser - KAN","robots":{"index":"index","follow":"follow","max-snippet":"max-snippet:-1","max-image-preview":"max-image-preview:large","max-video-preview":"max-video-preview:-1"},"canonical":"https:\/\/handbook.kanco2.no\/en\/rammebetingelser\/","og_locale":"en_GB","og_type":"article","og_title":"Rammebetingelser - KAN","og_description":"Kapittel 6 Rammebetingelser For at Norge skal kunne redusere sine klimagassutslipp med minst 55%, og oppfylle sine forpliktelser i henhold til Parisavtalen, trenger Norge en plan for hvordan f\u00e5 p\u00e5 plass CO2-h\u00e5ndtering ved avfallsforbrenningsanleggene i Norge. St\u00f8tteordninger og rammebetingelser m\u00e5 samlet gj\u00f8re det mulig \u00e5 realisere CCS. Avfallsforbrenningen i Norge st\u00e5r samlet for 2,24% av [&hellip;]","og_url":"https:\/\/handbook.kanco2.no\/en\/rammebetingelser\/","og_site_name":"KAN","article_modified_time":"2025-09-30T10:00:24+00:00","twitter_card":"summary_large_image","twitter_misc":{"Estimated reading time":"2 minutes"},"schema":{"@context":"https:\/\/schema.org","@graph":[{"@type":"WebPage","@id":"https:\/\/handbook.kanco2.no\/rammebetingelser\/","url":"https:\/\/handbook.kanco2.no\/rammebetingelser\/","name":"Rammebetingelser - KAN","isPartOf":{"@id":"https:\/\/handbook.kanco2.no\/#website"},"primaryImageOfPage":{"@id":"https:\/\/handbook.kanco2.no\/rammebetingelser\/#primaryimage"},"image":{"@id":"https:\/\/handbook.kanco2.no\/rammebetingelser\/#primaryimage"},"thumbnailUrl":"https:\/\/handbook.kanco2.no\/wp-content\/uploads\/2024\/06\/arrow-left-white.svg","datePublished":"2024-07-22T12:02:45+00:00","dateModified":"2025-09-30T10:00:24+00:00","breadcrumb":{"@id":"https:\/\/handbook.kanco2.no\/rammebetingelser\/#breadcrumb"},"inLanguage":"en-GB","potentialAction":[{"@type":"ReadAction","target":["https:\/\/handbook.kanco2.no\/rammebetingelser\/"]}]},{"@type":"ImageObject","inLanguage":"en-GB","@id":"https:\/\/handbook.kanco2.no\/rammebetingelser\/#primaryimage","url":"https:\/\/handbook.kanco2.no\/wp-content\/uploads\/2024\/06\/arrow-left-white.svg","contentUrl":"https:\/\/handbook.kanco2.no\/wp-content\/uploads\/2024\/06\/arrow-left-white.svg"},{"@type":"BreadcrumbList","@id":"https:\/\/handbook.kanco2.no\/rammebetingelser\/#breadcrumb","itemListElement":[{"@type":"ListItem","position":1,"name":"Home","item":"https:\/\/handbook.kanco2.no\/"},{"@type":"ListItem","position":2,"name":"Rammebetingelser"}]},{"@type":"WebSite","@id":"https:\/\/handbook.kanco2.no\/#website","url":"https:\/\/handbook.kanco2.no\/","name":"KAN","description":"","publisher":{"@id":"https:\/\/handbook.kanco2.no\/#organization"},"potentialAction":[{"@type":"SearchAction","target":{"@type":"EntryPoint","urlTemplate":"https:\/\/handbook.kanco2.no\/?s={search_term_string}"},"query-input":{"@type":"PropertyValueSpecification","valueRequired":true,"valueName":"search_term_string"}}],"inLanguage":"en-GB"},{"@type":"Organization","@id":"https:\/\/handbook.kanco2.no\/#organization","name":"KAN","url":"https:\/\/handbook.kanco2.no\/","logo":{"@type":"ImageObject","inLanguage":"en-GB","@id":"https:\/\/handbook.kanco2.no\/#\/schema\/logo\/image\/","url":"https:\/\/handbook.kanco2.no\/wp-content\/uploads\/2024\/06\/KAN-logo-e1718626874781.png","contentUrl":"https:\/\/handbook.kanco2.no\/wp-content\/uploads\/2024\/06\/KAN-logo-e1718626874781.png","width":389,"height":230,"caption":"KAN"},"image":{"@id":"https:\/\/handbook.kanco2.no\/#\/schema\/logo\/image\/"}}]}},"_links":{"self":[{"href":"https:\/\/handbook.kanco2.no\/en\/wp-json\/wp\/v2\/pages\/1032","targetHints":{"allow":["GET"]}}],"collection":[{"href":"https:\/\/handbook.kanco2.no\/en\/wp-json\/wp\/v2\/pages"}],"about":[{"href":"https:\/\/handbook.kanco2.no\/en\/wp-json\/wp\/v2\/types\/page"}],"author":[{"embeddable":true,"href":"https:\/\/handbook.kanco2.no\/en\/wp-json\/wp\/v2\/users\/1"}],"replies":[{"embeddable":true,"href":"https:\/\/handbook.kanco2.no\/en\/wp-json\/wp\/v2\/comments?post=1032"}],"version-history":[{"count":22,"href":"https:\/\/handbook.kanco2.no\/en\/wp-json\/wp\/v2\/pages\/1032\/revisions"}],"predecessor-version":[{"id":2510,"href":"https:\/\/handbook.kanco2.no\/en\/wp-json\/wp\/v2\/pages\/1032\/revisions\/2510"}],"wp:attachment":[{"href":"https:\/\/handbook.kanco2.no\/en\/wp-json\/wp\/v2\/media?parent=1032"}],"curies":[{"name":"wp","href":"https:\/\/api.w.org\/{rel}","templated":true}]}}