{"id":1513,"date":"2024-07-31T13:24:17","date_gmt":"2024-07-31T11:24:17","guid":{"rendered":"https:\/\/handbook.kanco2.no\/?page_id=1513"},"modified":"2025-09-30T13:42:21","modified_gmt":"2025-09-30T11:42:21","slug":"ccs-at-the-next-waste-incineration-plants","status":"publish","type":"page","link":"https:\/\/handbook.kanco2.no\/en\/ccs-ved-de-neste-avfallsforbrenningsanleggene\/","title":{"rendered":"CCS at the next waste incineration plants"},"content":{"rendered":"<div class=\"wp-block-group alignfull eplus-wrapper has-beige-background-color has-background has-global-padding is-layout-constrained wp-block-group-is-layout-constrained\" style=\"padding-top:var(--wp--preset--spacing--50);padding-bottom:var(--wp--preset--spacing--50)\">\n<div style=\"height:75px\" aria-hidden=\"true\" class=\"wp-block-spacer hide-mobile\"><\/div>\n\n\n\n<div style=\"height:125px\" aria-hidden=\"true\" class=\"wp-block-spacer\"><\/div>\n\n\n\n<div class=\"wp-block-group eplus-wrapper has-global-padding is-layout-constrained wp-block-group-is-layout-constrained\">\n<div class=\"wp-block-columns eplus-wrapper is-layout-flex wp-container-core-columns-is-layout-28f84493 wp-block-columns-is-layout-flex\">\n<div class=\"wp-block-column is-vertically-aligned-center eplus-wrapper is-layout-flow wp-block-column-is-layout-flow\" style=\"flex-basis:80%\">\n<p class=\"eplus-wrapper\">Chapter 7<\/p>\n\n\n\n<h2 class=\"wp-block-heading eplus-wrapper\" id=\"0-verdikjeden-for-karbonfangst-og-lagring-ccs\">CCS for waste incineration in Norway<\/h2>\n<\/div>\n\n\n\n<div class=\"wp-block-column is-vertically-aligned-center eplus-wrapper is-layout-flow wp-block-column-is-layout-flow\" style=\"flex-basis:5px\"><\/div>\n\n\n\n<div class=\"wp-block-column is-vertically-aligned-center eplus-wrapper is-layout-flow wp-block-column-is-layout-flow\" style=\"flex-basis:20%\"><\/div>\n<\/div>\n<\/div>\n<\/div>\n\n\n\n<div class=\"wp-block-group alignfull eplus-wrapper has-global-padding is-layout-constrained wp-block-group-is-layout-constrained\" style=\"padding-top:var(--wp--preset--spacing--40);padding-bottom:var(--wp--preset--spacing--40)\">\n<div class=\"wp-block-group eplus-wrapper has-global-padding is-layout-constrained wp-block-group-is-layout-constrained\">\n<div class=\"wp-block-columns eplus-wrapper is-layout-flex wp-container-core-columns-is-layout-28f84493 wp-block-columns-is-layout-flex\">\n<div class=\"wp-block-column eplus-wrapper is-layout-flow wp-block-column-is-layout-flow\">\n<p class=\"eplus-wrapper\" style=\"font-size:clamp(0.875rem, 0.875rem + ((1vw - 0.2rem) * 0.54), 1.3rem);font-style:normal;font-weight:500\">In connection with the preparation of this manual, KAN has been in contact with most of the waste incineration plants in Norway. The goal has been to get an overview of how far the industry has come in terms of establishing CO2 management solutions. The results of the mapping show that most of the plants are working on projects related to CCS<\/p>\n\n\n\n<div style=\"height:20px\" aria-hidden=\"true\" class=\"wp-block-spacer\"><\/div>\n\n\n\n<h3 class=\"wp-block-heading\">1 million tons CO2 equivalents<\/h3>\n\n\n\n<p>According to the report \"<em>Green transition - climate measures - analysis for petroleum, industry and energy supply<\/em>\" published by the Norwegian Environment Agency in 2022, emissions from waste incineration in Norway were around 1 million CO2 equivalents in 2021. To reduce these emissions, CCS solutions will be required.<\/p>\n\n\n\n<div style=\"height:35px\" aria-hidden=\"true\" class=\"wp-block-spacer\"><\/div>\n\n\n\n<div class=\"wp-block-group has-beige-background-color has-background has-global-padding is-layout-constrained wp-container-core-group-is-layout-39412042 wp-block-group-is-layout-constrained\" style=\"border-radius:20px;padding-top:var(--wp--preset--spacing--40);padding-right:var(--wp--preset--spacing--50);padding-bottom:var(--wp--preset--spacing--40);padding-left:var(--wp--preset--spacing--50)\">\n<div class=\"wp-block-columns is-layout-flex wp-container-core-columns-is-layout-28f84493 wp-block-columns-is-layout-flex\">\n<div class=\"wp-block-column is-layout-flow wp-block-column-is-layout-flow\" style=\"padding-right:var(--wp--preset--spacing--10);padding-left:var(--wp--preset--spacing--10)\">\n<h4 class=\"wp-block-heading\">Karbonfangstanlegget til Celsio tok ny investeringsbeslutning!&nbsp;<\/h4>\n\n\n\n<p>29. januar 2025 besluttet Hafslund Celsio \u00e5 gjenoppta karbonfangstprosjektet p\u00e5 Klemetsrud. Karbonfangstanlegget skal v\u00e6re i drift innen tredje kvartal 2029 og fange 350.000 tonn CO2 fra atmosf\u00e6ren \u00e5rlig hvor om lag 50 % inneb\u00e6rer permanent karbonfjerning fra atmosf\u00e6ren og 50 % er redusert utslipp av fossilt CO2.&nbsp;Les pressemeldingen her: <a href=\"https:\/\/kommunikasjon.ntb.no\/pressemelding\/18397537\/karbonfangst-i-oslo-realiseres?publisherId=17848223&amp;lang=no\">Karbonfangst i Oslo realiseres<\/a><\/p>\n<\/div>\n<\/div>\n<\/div>\n\n\n\n<div style=\"height:35px\" aria-hidden=\"true\" class=\"wp-block-spacer\"><\/div>\n\n\n\n<figure class=\"wp-block-image size-full is-resized\"><img loading=\"lazy\" decoding=\"async\" width=\"1200\" height=\"900\" src=\"https:\/\/handbook.kanco2.no\/wp-content\/uploads\/2024\/06\/fortum_-_ea_-_klemetsrud_-0549_4.jpg\" alt=\"\" class=\"wp-image-142\" style=\"aspect-ratio:1.7777777777777777;object-fit:cover;width:752px;height:auto\" srcset=\"https:\/\/handbook.kanco2.no\/wp-content\/uploads\/2024\/06\/fortum_-_ea_-_klemetsrud_-0549_4.jpg 1200w, https:\/\/handbook.kanco2.no\/wp-content\/uploads\/2024\/06\/fortum_-_ea_-_klemetsrud_-0549_4-300x225.jpg 300w, https:\/\/handbook.kanco2.no\/wp-content\/uploads\/2024\/06\/fortum_-_ea_-_klemetsrud_-0549_4-1024x768.jpg 1024w, https:\/\/handbook.kanco2.no\/wp-content\/uploads\/2024\/06\/fortum_-_ea_-_klemetsrud_-0549_4-768x576.jpg 768w, https:\/\/handbook.kanco2.no\/wp-content\/uploads\/2024\/06\/fortum_-_ea_-_klemetsrud_-0549_4-16x12.jpg 16w\" sizes=\"auto, (max-width: 1200px) 100vw, 1200px\" \/><\/figure>\n\n\n\n<div style=\"height:10px\" aria-hidden=\"true\" class=\"wp-block-spacer\"><\/div>\n\n\n\n<div style=\"height:30px\" aria-hidden=\"true\" class=\"wp-block-spacer eplus-wrapper\"><\/div>\n<\/div>\n<\/div>\n<\/div>\n<\/div>\n\n\n\n<div class=\"wp-block-group alignfull has-medium-green-background-color has-background has-global-padding is-layout-constrained wp-container-core-group-is-layout-05278918 wp-block-group-is-layout-constrained\" style=\"padding-top:var(--wp--preset--spacing--30);padding-right:var(--wp--preset--spacing--10);padding-bottom:var(--wp--preset--spacing--30);padding-left:var(--wp--preset--spacing--10)\">\n<div style=\"height:50px\" aria-hidden=\"true\" class=\"wp-block-spacer\"><\/div>\n\n\n\n<div style=\"height:50px\" aria-hidden=\"true\" class=\"wp-block-spacer hide-mobile\"><\/div>\n\n\n\n<div class=\"wp-block-group has-global-padding is-layout-constrained wp-block-group-is-layout-constrained\">\n<div class=\"wp-block-columns bottom-nav-boxes has-dark-green-background-color has-background is-layout-flex wp-container-core-columns-is-layout-9a58509f wp-block-columns-is-layout-flex\" style=\"border-radius:15px;padding-top:var(--wp--preset--spacing--30);padding-right:var(--wp--preset--spacing--40);padding-bottom:var(--wp--preset--spacing--30);padding-left:var(--wp--preset--spacing--40)\">\n<div class=\"wp-block-column line is-layout-flow wp-block-column-is-layout-flow\" style=\"border-right-width:1px;padding-top:var(--wp--preset--spacing--40);padding-right:var(--wp--preset--spacing--30);padding-bottom:var(--wp--preset--spacing--40);padding-left:var(--wp--preset--spacing--30)\">\n<h4 class=\"wp-block-heading has-text-align-right has-white-color has-text-color has-link-color wp-elements-47ab141b4cd491b76c3220799cc6d900\"><a href=\"https:\/\/handbook.kanco2.no\/en\/rammebetingelser\/\" data-type=\"page\" data-id=\"1032\">Framework<\/a><\/h4>\n\n\n\n<h4 class=\"wp-block-heading has-text-align-right has-white-color has-text-color has-link-color wp-elements-769439fbc898376ef78bfb52f8a6a8bd\"><a href=\"https:\/\/handbook.kanco2.no\/en\/rammebetingelser\/\" data-type=\"page\" data-id=\"1032\"><img loading=\"lazy\" decoding=\"async\" width=\"24\" height=\"15\" class=\"wp-image-518\" style=\"width: 24px;\" src=\"https:\/\/handbook.kanco2.no\/wp-content\/uploads\/2024\/06\/arrow-left-white.svg\" alt=\"\"><\/a><\/h4>\n<\/div>\n\n\n\n<div class=\"wp-block-column has-border-color has-white-border-color has-white-background-color has-background is-layout-flow wp-block-column-is-layout-flow\" style=\"border-width:1px;flex-basis:1px\"><\/div>\n\n\n\n<div class=\"wp-block-column is-layout-flow wp-block-column-is-layout-flow\" style=\"padding-top:var(--wp--preset--spacing--40);padding-right:var(--wp--preset--spacing--30);padding-bottom:var(--wp--preset--spacing--40);padding-left:var(--wp--preset--spacing--30)\">\n<h4 class=\"wp-block-heading has-white-color has-text-color has-link-color wp-elements-30e739e58d40a4409ee1b98f9734b7b2\"><a href=\"https:\/\/handbook.kanco2.no\/en\/cdr\/\">CDR fra avfallsforbrenning<\/a><\/h4>\n\n\n\n<h4 class=\"wp-block-heading has-white-color has-text-color has-link-color wp-elements-1aa412c5423d4c5ba5c237940a90d510\"><a href=\"https:\/\/handbook.kanco2.no\/en\/cdr\/\"><img loading=\"lazy\" decoding=\"async\" width=\"24\" height=\"15\" class=\"wp-image-60\" style=\"width: 24px;\" src=\"https:\/\/handbook.kanco2.no\/wp-content\/uploads\/2024\/06\/arrow-right-white.svg\" alt=\"\"><\/a><\/h4>\n<\/div>\n<\/div>\n<\/div>\n\n\n\n<div style=\"height:50px\" aria-hidden=\"true\" class=\"wp-block-spacer\"><\/div>\n\n\n\n<div style=\"height:50px\" aria-hidden=\"true\" class=\"wp-block-spacer hide-mobile\"><\/div>\n<\/div>","protected":false},"excerpt":{"rendered":"<p>Kapittel 7 CCS for avfallsforbrenning i Norge I forbindelse med utarbeidelsen av denne h\u00e5ndboken har KAN v\u00e6rt i kontakt med de fleste avfallsforbrenningsanleggene i Norge. M\u00e5let har v\u00e6rt \u00e5 f\u00e5 en oversikt over hvor langt bransjen har kommet med tanke p\u00e5 etablering av CO2-h\u00e5ndteringsl\u00f8sninger. Resultatet av kartleggingen viser at de fleste anleggene er i gang [&hellip;]<\/p>\n","protected":false},"author":1,"featured_media":0,"parent":0,"menu_order":0,"comment_status":"closed","ping_status":"closed","template":"","meta":{"_editorskit_title_hidden":false,"_editorskit_reading_time":0,"_editorskit_is_block_options_detached":false,"_editorskit_block_options_position":"{}","inline_featured_image":false,"footnotes":""},"class_list":["post-1513","page","type-page","status-publish","hentry"],"featured_image_src":null,"yoast_head":"<!-- This site is optimized with the Yoast SEO plugin v27.4 - https:\/\/yoast.com\/product\/yoast-seo-wordpress\/ -->\n<title>CCS ved de neste avfallsforbrenningsanleggene - KAN<\/title>\n<meta name=\"robots\" content=\"index, follow, max-snippet:-1, max-image-preview:large, max-video-preview:-1\" \/>\n<link rel=\"canonical\" href=\"https:\/\/handbook.kanco2.no\/en\/ccs-at-the-next-waste-incineration-plants\/\" \/>\n<meta property=\"og:locale\" content=\"en_GB\" \/>\n<meta property=\"og:type\" content=\"article\" \/>\n<meta property=\"og:title\" content=\"CCS ved de neste avfallsforbrenningsanleggene - KAN\" \/>\n<meta property=\"og:description\" content=\"Kapittel 7 CCS for avfallsforbrenning i Norge I forbindelse med utarbeidelsen av denne h\u00e5ndboken har KAN v\u00e6rt i kontakt med de fleste avfallsforbrenningsanleggene i Norge. M\u00e5let har v\u00e6rt \u00e5 f\u00e5 en oversikt over hvor langt bransjen har kommet med tanke p\u00e5 etablering av CO2-h\u00e5ndteringsl\u00f8sninger. Resultatet av kartleggingen viser at de fleste anleggene er i gang [&hellip;]\" \/>\n<meta property=\"og:url\" content=\"https:\/\/handbook.kanco2.no\/en\/ccs-at-the-next-waste-incineration-plants\/\" \/>\n<meta property=\"og:site_name\" content=\"KAN\" \/>\n<meta property=\"article:modified_time\" content=\"2025-09-30T11:42:21+00:00\" \/>\n<meta property=\"og:image\" content=\"https:\/\/handbook.kanco2.no\/wp-content\/uploads\/2024\/06\/fortum_-_ea_-_klemetsrud_-0549_4.jpg\" \/>\n\t<meta property=\"og:image:width\" content=\"1200\" \/>\n\t<meta property=\"og:image:height\" content=\"900\" \/>\n\t<meta property=\"og:image:type\" content=\"image\/jpeg\" \/>\n<meta name=\"twitter:card\" content=\"summary_large_image\" \/>\n<meta name=\"twitter:label1\" content=\"Estimated reading time\" \/>\n\t<meta name=\"twitter:data1\" content=\"2 minutes\" \/>\n<script type=\"application\/ld+json\" class=\"yoast-schema-graph\">{\"@context\":\"https:\\\/\\\/schema.org\",\"@graph\":[{\"@type\":\"WebPage\",\"@id\":\"https:\\\/\\\/handbook.kanco2.no\\\/ccs-ved-de-neste-avfallsforbrenningsanleggene\\\/\",\"url\":\"https:\\\/\\\/handbook.kanco2.no\\\/ccs-ved-de-neste-avfallsforbrenningsanleggene\\\/\",\"name\":\"CCS ved de neste avfallsforbrenningsanleggene - KAN\",\"isPartOf\":{\"@id\":\"https:\\\/\\\/handbook.kanco2.no\\\/#website\"},\"primaryImageOfPage\":{\"@id\":\"https:\\\/\\\/handbook.kanco2.no\\\/ccs-ved-de-neste-avfallsforbrenningsanleggene\\\/#primaryimage\"},\"image\":{\"@id\":\"https:\\\/\\\/handbook.kanco2.no\\\/ccs-ved-de-neste-avfallsforbrenningsanleggene\\\/#primaryimage\"},\"thumbnailUrl\":\"https:\\\/\\\/handbook.kanco2.no\\\/wp-content\\\/uploads\\\/2024\\\/06\\\/fortum_-_ea_-_klemetsrud_-0549_4.jpg\",\"datePublished\":\"2024-07-31T11:24:17+00:00\",\"dateModified\":\"2025-09-30T11:42:21+00:00\",\"breadcrumb\":{\"@id\":\"https:\\\/\\\/handbook.kanco2.no\\\/ccs-ved-de-neste-avfallsforbrenningsanleggene\\\/#breadcrumb\"},\"inLanguage\":\"en-GB\",\"potentialAction\":[{\"@type\":\"ReadAction\",\"target\":[\"https:\\\/\\\/handbook.kanco2.no\\\/ccs-ved-de-neste-avfallsforbrenningsanleggene\\\/\"]}]},{\"@type\":\"ImageObject\",\"inLanguage\":\"en-GB\",\"@id\":\"https:\\\/\\\/handbook.kanco2.no\\\/ccs-ved-de-neste-avfallsforbrenningsanleggene\\\/#primaryimage\",\"url\":\"https:\\\/\\\/handbook.kanco2.no\\\/wp-content\\\/uploads\\\/2024\\\/06\\\/fortum_-_ea_-_klemetsrud_-0549_4.jpg\",\"contentUrl\":\"https:\\\/\\\/handbook.kanco2.no\\\/wp-content\\\/uploads\\\/2024\\\/06\\\/fortum_-_ea_-_klemetsrud_-0549_4.jpg\"},{\"@type\":\"BreadcrumbList\",\"@id\":\"https:\\\/\\\/handbook.kanco2.no\\\/ccs-ved-de-neste-avfallsforbrenningsanleggene\\\/#breadcrumb\",\"itemListElement\":[{\"@type\":\"ListItem\",\"position\":1,\"name\":\"Home\",\"item\":\"https:\\\/\\\/handbook.kanco2.no\\\/\"},{\"@type\":\"ListItem\",\"position\":2,\"name\":\"CCS ved de neste avfallsforbrenningsanleggene\"}]},{\"@type\":\"WebSite\",\"@id\":\"https:\\\/\\\/handbook.kanco2.no\\\/#website\",\"url\":\"https:\\\/\\\/handbook.kanco2.no\\\/\",\"name\":\"KAN\",\"description\":\"\",\"publisher\":{\"@id\":\"https:\\\/\\\/handbook.kanco2.no\\\/#organization\"},\"potentialAction\":[{\"@type\":\"SearchAction\",\"target\":{\"@type\":\"EntryPoint\",\"urlTemplate\":\"https:\\\/\\\/handbook.kanco2.no\\\/?s={search_term_string}\"},\"query-input\":{\"@type\":\"PropertyValueSpecification\",\"valueRequired\":true,\"valueName\":\"search_term_string\"}}],\"inLanguage\":\"en-GB\"},{\"@type\":\"Organization\",\"@id\":\"https:\\\/\\\/handbook.kanco2.no\\\/#organization\",\"name\":\"KAN\",\"url\":\"https:\\\/\\\/handbook.kanco2.no\\\/\",\"logo\":{\"@type\":\"ImageObject\",\"inLanguage\":\"en-GB\",\"@id\":\"https:\\\/\\\/handbook.kanco2.no\\\/#\\\/schema\\\/logo\\\/image\\\/\",\"url\":\"https:\\\/\\\/handbook.kanco2.no\\\/wp-content\\\/uploads\\\/2024\\\/06\\\/KAN-logo-e1718626874781.png\",\"contentUrl\":\"https:\\\/\\\/handbook.kanco2.no\\\/wp-content\\\/uploads\\\/2024\\\/06\\\/KAN-logo-e1718626874781.png\",\"width\":389,\"height\":230,\"caption\":\"KAN\"},\"image\":{\"@id\":\"https:\\\/\\\/handbook.kanco2.no\\\/#\\\/schema\\\/logo\\\/image\\\/\"}}]}<\/script>\n<!-- \/ Yoast SEO plugin. -->","yoast_head_json":{"title":"CCS ved de neste avfallsforbrenningsanleggene - KAN","robots":{"index":"index","follow":"follow","max-snippet":"max-snippet:-1","max-image-preview":"max-image-preview:large","max-video-preview":"max-video-preview:-1"},"canonical":"https:\/\/handbook.kanco2.no\/en\/ccs-at-the-next-waste-incineration-plants\/","og_locale":"en_GB","og_type":"article","og_title":"CCS ved de neste avfallsforbrenningsanleggene - KAN","og_description":"Kapittel 7 CCS for avfallsforbrenning i Norge I forbindelse med utarbeidelsen av denne h\u00e5ndboken har KAN v\u00e6rt i kontakt med de fleste avfallsforbrenningsanleggene i Norge. M\u00e5let har v\u00e6rt \u00e5 f\u00e5 en oversikt over hvor langt bransjen har kommet med tanke p\u00e5 etablering av CO2-h\u00e5ndteringsl\u00f8sninger. Resultatet av kartleggingen viser at de fleste anleggene er i gang [&hellip;]","og_url":"https:\/\/handbook.kanco2.no\/en\/ccs-at-the-next-waste-incineration-plants\/","og_site_name":"KAN","article_modified_time":"2025-09-30T11:42:21+00:00","og_image":[{"width":1200,"height":900,"url":"https:\/\/handbook.kanco2.no\/wp-content\/uploads\/2024\/06\/fortum_-_ea_-_klemetsrud_-0549_4.jpg","type":"image\/jpeg"}],"twitter_card":"summary_large_image","twitter_misc":{"Estimated reading time":"2 minutes"},"schema":{"@context":"https:\/\/schema.org","@graph":[{"@type":"WebPage","@id":"https:\/\/handbook.kanco2.no\/ccs-ved-de-neste-avfallsforbrenningsanleggene\/","url":"https:\/\/handbook.kanco2.no\/ccs-ved-de-neste-avfallsforbrenningsanleggene\/","name":"CCS ved de neste avfallsforbrenningsanleggene - KAN","isPartOf":{"@id":"https:\/\/handbook.kanco2.no\/#website"},"primaryImageOfPage":{"@id":"https:\/\/handbook.kanco2.no\/ccs-ved-de-neste-avfallsforbrenningsanleggene\/#primaryimage"},"image":{"@id":"https:\/\/handbook.kanco2.no\/ccs-ved-de-neste-avfallsforbrenningsanleggene\/#primaryimage"},"thumbnailUrl":"https:\/\/handbook.kanco2.no\/wp-content\/uploads\/2024\/06\/fortum_-_ea_-_klemetsrud_-0549_4.jpg","datePublished":"2024-07-31T11:24:17+00:00","dateModified":"2025-09-30T11:42:21+00:00","breadcrumb":{"@id":"https:\/\/handbook.kanco2.no\/ccs-ved-de-neste-avfallsforbrenningsanleggene\/#breadcrumb"},"inLanguage":"en-GB","potentialAction":[{"@type":"ReadAction","target":["https:\/\/handbook.kanco2.no\/ccs-ved-de-neste-avfallsforbrenningsanleggene\/"]}]},{"@type":"ImageObject","inLanguage":"en-GB","@id":"https:\/\/handbook.kanco2.no\/ccs-ved-de-neste-avfallsforbrenningsanleggene\/#primaryimage","url":"https:\/\/handbook.kanco2.no\/wp-content\/uploads\/2024\/06\/fortum_-_ea_-_klemetsrud_-0549_4.jpg","contentUrl":"https:\/\/handbook.kanco2.no\/wp-content\/uploads\/2024\/06\/fortum_-_ea_-_klemetsrud_-0549_4.jpg"},{"@type":"BreadcrumbList","@id":"https:\/\/handbook.kanco2.no\/ccs-ved-de-neste-avfallsforbrenningsanleggene\/#breadcrumb","itemListElement":[{"@type":"ListItem","position":1,"name":"Home","item":"https:\/\/handbook.kanco2.no\/"},{"@type":"ListItem","position":2,"name":"CCS ved de neste avfallsforbrenningsanleggene"}]},{"@type":"WebSite","@id":"https:\/\/handbook.kanco2.no\/#website","url":"https:\/\/handbook.kanco2.no\/","name":"KAN","description":"","publisher":{"@id":"https:\/\/handbook.kanco2.no\/#organization"},"potentialAction":[{"@type":"SearchAction","target":{"@type":"EntryPoint","urlTemplate":"https:\/\/handbook.kanco2.no\/?s={search_term_string}"},"query-input":{"@type":"PropertyValueSpecification","valueRequired":true,"valueName":"search_term_string"}}],"inLanguage":"en-GB"},{"@type":"Organization","@id":"https:\/\/handbook.kanco2.no\/#organization","name":"KAN","url":"https:\/\/handbook.kanco2.no\/","logo":{"@type":"ImageObject","inLanguage":"en-GB","@id":"https:\/\/handbook.kanco2.no\/#\/schema\/logo\/image\/","url":"https:\/\/handbook.kanco2.no\/wp-content\/uploads\/2024\/06\/KAN-logo-e1718626874781.png","contentUrl":"https:\/\/handbook.kanco2.no\/wp-content\/uploads\/2024\/06\/KAN-logo-e1718626874781.png","width":389,"height":230,"caption":"KAN"},"image":{"@id":"https:\/\/handbook.kanco2.no\/#\/schema\/logo\/image\/"}}]}},"_links":{"self":[{"href":"https:\/\/handbook.kanco2.no\/en\/wp-json\/wp\/v2\/pages\/1513","targetHints":{"allow":["GET"]}}],"collection":[{"href":"https:\/\/handbook.kanco2.no\/en\/wp-json\/wp\/v2\/pages"}],"about":[{"href":"https:\/\/handbook.kanco2.no\/en\/wp-json\/wp\/v2\/types\/page"}],"author":[{"embeddable":true,"href":"https:\/\/handbook.kanco2.no\/en\/wp-json\/wp\/v2\/users\/1"}],"replies":[{"embeddable":true,"href":"https:\/\/handbook.kanco2.no\/en\/wp-json\/wp\/v2\/comments?post=1513"}],"version-history":[{"count":37,"href":"https:\/\/handbook.kanco2.no\/en\/wp-json\/wp\/v2\/pages\/1513\/revisions"}],"predecessor-version":[{"id":2548,"href":"https:\/\/handbook.kanco2.no\/en\/wp-json\/wp\/v2\/pages\/1513\/revisions\/2548"}],"wp:attachment":[{"href":"https:\/\/handbook.kanco2.no\/en\/wp-json\/wp\/v2\/media?parent=1513"}],"curies":[{"name":"wp","href":"https:\/\/api.w.org\/{rel}","templated":true}]}}