{"id":1515,"date":"2024-07-31T13:24:32","date_gmt":"2024-07-31T11:24:32","guid":{"rendered":"https:\/\/handbook.kanco2.no\/?page_id=1515"},"modified":"2025-09-30T15:54:45","modified_gmt":"2025-09-30T13:54:45","slug":"subcontractors","status":"publish","type":"page","link":"https:\/\/handbook.kanco2.no\/en\/underleverandorer\/","title":{"rendered":"Subcontractors"},"content":{"rendered":"<div class=\"wp-block-group alignfull eplus-wrapper has-beige-background-color has-background has-global-padding is-layout-constrained wp-block-group-is-layout-constrained\" style=\"padding-top:var(--wp--preset--spacing--50);padding-bottom:var(--wp--preset--spacing--50)\">\n<div style=\"height:200px\" aria-hidden=\"true\" class=\"wp-block-spacer\"><\/div>\n\n\n\n<div class=\"wp-block-group eplus-wrapper has-global-padding is-layout-constrained wp-block-group-is-layout-constrained\">\n<div class=\"wp-block-columns eplus-wrapper is-layout-flex wp-container-core-columns-is-layout-28f84493 wp-block-columns-is-layout-flex\">\n<div class=\"wp-block-column eplus-wrapper is-layout-flow wp-block-column-is-layout-flow\" style=\"flex-basis:80%\">\n<h2 class=\"wp-block-heading eplus-wrapper\" id=\"0-verdikjeden-for-karbonfangst-og-lagring-ccs\">Subcontractors<\/h2>\n<\/div>\n\n\n\n<div class=\"wp-block-column is-vertically-aligned-center eplus-wrapper is-layout-flow wp-block-column-is-layout-flow\" style=\"flex-basis:20%\"><\/div>\n<\/div>\n<\/div>\n<\/div>\n\n\n\n<div class=\"wp-block-group alignfull eplus-wrapper has-global-padding is-layout-constrained wp-block-group-is-layout-constrained\" style=\"padding-top:var(--wp--preset--spacing--40);padding-bottom:var(--wp--preset--spacing--40)\">\n<div class=\"wp-block-group eplus-wrapper has-global-padding is-layout-constrained wp-block-group-is-layout-constrained\">\n<div class=\"wp-block-columns eplus-wrapper is-layout-flex wp-container-core-columns-is-layout-28f84493 wp-block-columns-is-layout-flex\">\n<div class=\"wp-block-column eplus-wrapper is-layout-flow wp-block-column-is-layout-flow\">\n<h3 class=\"wp-block-heading\">These have contributed:<\/h3>\n\n\n\n<p class=\"eplus-wrapper\" style=\"font-size:clamp(0.875rem, 0.875rem + ((1vw - 0.2rem) * 0.54), 1.3rem);font-style:normal;font-weight:500\">I utarbeidelsen av denne h\u00e5ndboken har KAN hatt bistand fra Norsk Energi, COWI AS, Brox Consulting AS, Norwaste AS, Thema Consulting Group og Carbon Limits.<\/p>\n\n\n\n<div style=\"height:30px\" aria-hidden=\"true\" class=\"wp-block-spacer eplus-wrapper\"><\/div>\n<\/div>\n<\/div>\n\n\n\n<div class=\"wp-block-columns is-layout-flex wp-container-core-columns-is-layout-28f84493 wp-block-columns-is-layout-flex\">\n<div class=\"wp-block-column is-layout-flow wp-block-column-is-layout-flow\">\n<figure class=\"wp-block-image size-large is-resized\"><img loading=\"lazy\" decoding=\"async\" width=\"1024\" height=\"197\" src=\"https:\/\/handbook.kanco2.no\/wp-content\/uploads\/2024\/08\/NE_m_Undertekst_Blatt_2000px-1024x197.png\" alt=\"\" class=\"wp-image-1979\" style=\"width:182px;height:auto\" srcset=\"https:\/\/handbook.kanco2.no\/wp-content\/uploads\/2024\/08\/NE_m_Undertekst_Blatt_2000px-1024x197.png 1024w, https:\/\/handbook.kanco2.no\/wp-content\/uploads\/2024\/08\/NE_m_Undertekst_Blatt_2000px-300x58.png 300w, https:\/\/handbook.kanco2.no\/wp-content\/uploads\/2024\/08\/NE_m_Undertekst_Blatt_2000px-768x148.png 768w, https:\/\/handbook.kanco2.no\/wp-content\/uploads\/2024\/08\/NE_m_Undertekst_Blatt_2000px-1536x296.png 1536w, https:\/\/handbook.kanco2.no\/wp-content\/uploads\/2024\/08\/NE_m_Undertekst_Blatt_2000px-18x3.png 18w, https:\/\/handbook.kanco2.no\/wp-content\/uploads\/2024\/08\/NE_m_Undertekst_Blatt_2000px.png 2000w\" sizes=\"auto, (max-width: 1024px) 100vw, 1024px\" \/><\/figure>\n\n\n\n<p>Norsk Energi is a consulting engineering company with extensive experience in thermal energy systems and energy efficiency in industry and district heating.<\/p>\n\n\n\n<p>Norsk Energi har utarbeidet rapportene som er grunnlaget for kapitlene:<\/p>\n\n\n\n<ul class=\"wp-block-list\">\n<li>Benchmark for a CO2 capture plant<\/li>\n\n\n\n<li>Smarte integrasjoner av CO2 fangst-anlegg og energigjenvinningsanlegg<\/li>\n<\/ul>\n\n\n\n<p><strong>The team from Norsk Energi consist of:<\/strong><\/p>\n\n\n\n<ul class=\"wp-block-list\">\n<li>Jos van der Plas, Senior Advisor<\/li>\n\n\n\n<li>Jo Borchsenius, Senior Advisor<\/li>\n\n\n\n<li>Magnus Hofstad, advisor<\/li>\n\n\n\n<li>Geir Aspelund, special Advisor<\/li>\n<\/ul>\n\n\n\n<p>For more info about Norsk Energi, see <a href=\"http:\/\/www.energi.no\">www.energi.no<\/a><\/p>\n\n\n\n<div style=\"height:72px\" aria-hidden=\"true\" class=\"wp-block-spacer\"><\/div>\n<\/div>\n\n\n\n<div class=\"wp-block-column is-layout-flow wp-block-column-is-layout-flow\" style=\"flex-basis:5px\"><\/div>\n\n\n\n<div class=\"wp-block-column is-layout-flow wp-block-column-is-layout-flow\">\n<figure class=\"wp-block-image size-full is-resized\"><img loading=\"lazy\" decoding=\"async\" width=\"294\" height=\"91\" src=\"https:\/\/handbook.kanco2.no\/wp-content\/uploads\/2024\/08\/COWI_logo_-RGB_orange-e1723106484590.png\" alt=\"\" class=\"wp-image-1981\" style=\"width:116px;height:auto\" srcset=\"https:\/\/handbook.kanco2.no\/wp-content\/uploads\/2024\/08\/COWI_logo_-RGB_orange-e1723106484590.png 294w, https:\/\/handbook.kanco2.no\/wp-content\/uploads\/2024\/08\/COWI_logo_-RGB_orange-e1723106484590-18x6.png 18w\" sizes=\"auto, (max-width: 294px) 100vw, 294px\" \/><\/figure>\n\n\n\n<p>COWI is an international group with special expertise in total delivery of advisory services in complex industrial projects.&nbsp;<\/p>\n\n\n\n<p>COWI delivers in all stages of the value chain and in all project phases, from feasibility studies to execution and commissioning.<\/p>\n\n\n\n<p>COWI har bist\u00e5tt i arbeidet med:<\/p>\n\n\n\n<ul class=\"wp-block-list\">\n<li>Transport and intermediate storage<\/li>\n\n\n\n<li>CDR fra avfallsforbrenning<\/li>\n\n\n\n<li>LCA<\/li>\n<\/ul>\n\n\n\n<p><strong>Teamet fra COWI var p\u00e5 Transport og mellomlager:<\/strong><\/p>\n\n\n\n<ul class=\"wp-block-list\">\n<li>William Topper Breien, senior Advisor<\/li>\n\n\n\n<li>Alert Holtman, project manager<\/li>\n\n\n\n<li>P\u00e5l Kirstistuen, project manager<\/li>\n<\/ul>\n\n\n\n<p><strong>Teamet fra COWI var p\u00e5 CDR:<\/strong><\/p>\n\n\n\n<ul class=\"wp-block-list\">\n<li>Ole Martin Moe, prosjektleder<\/li>\n\n\n\n<li>Jesper Birch<\/li>\n\n\n\n<li>Andrea Leoni<\/li>\n\n\n\n<li>Maria Finke<\/li>\n\n\n\n<li>Tito Arzuaga-Bj\u00f8rnskov<\/li>\n<\/ul>\n\n\n\n<p><strong>Teamet fra COWI var p\u00e5 LCA:<\/strong><\/p>\n\n\n\n<ul class=\"wp-block-list\">\n<li>Ole Martin Moe, prosjektleder<\/li>\n\n\n\n<li>Trine Henriksen<\/li>\n\n\n\n<li>Cinzia Giampieri<\/li>\n\n\n\n<li>Alicia Goc<\/li>\n\n\n\n<li>Tito Arzuaga-Bj\u00f8rnskov<\/li>\n\n\n\n<li>Emilie \u00d8stmo<\/li>\n\n\n\n<li>Romina Shkurtaj<\/li>\n<\/ul>\n\n\n\n<p>For more info about COWI, see <a href=\"http:\/\/www.cowi.no\">www.cowi.no<\/a><\/p>\n<\/div>\n<\/div>\n\n\n\n<div class=\"wp-block-columns is-layout-flex wp-container-core-columns-is-layout-28f84493 wp-block-columns-is-layout-flex\">\n<div class=\"wp-block-column is-layout-flow wp-block-column-is-layout-flow\">\n<figure class=\"wp-block-image size-full is-resized\"><img loading=\"lazy\" decoding=\"async\" width=\"214\" height=\"36\" src=\"https:\/\/handbook.kanco2.no\/wp-content\/uploads\/2024\/08\/norwaste-logo-temp.png\" alt=\"\" class=\"wp-image-2063\" style=\"width:182px;height:auto\" srcset=\"https:\/\/handbook.kanco2.no\/wp-content\/uploads\/2024\/08\/norwaste-logo-temp.png 214w, https:\/\/handbook.kanco2.no\/wp-content\/uploads\/2024\/08\/norwaste-logo-temp-18x3.png 18w\" sizes=\"auto, (max-width: 214px) 100vw, 214px\" \/><\/figure>\n\n\n\n<p>Norwaste leverer r\u00e5dgivningstjenester innen avfall og gjenvinning.<\/p>\n\n\n\n<p>Norwaste har utarbeidet to rapporter for KAN:<\/p>\n\n\n\n<ul class=\"wp-block-list\">\n<li>Rammebetingelser for avfallsforbrenning i Norge<\/li>\n\n\n\n<li>Utvikling av avfallsmengder til forbrenning: Prognose mot 2035<\/li>\n<\/ul>\n\n\n\n<p><strong>Fra Norwaste har f\u00f8lgende v\u00e6rt involvert:<\/strong><\/p>\n\n\n\n<ul class=\"wp-block-list\">\n<li>Henrik Lystad<\/li>\n\n\n\n<li>Emma Rennan<\/li>\n\n\n\n<li>Svein Thomson<\/li>\n\n\n\n<li>Vegard Rem<\/li>\n\n\n\n<li>Line Blitt<\/li>\n<\/ul>\n\n\n\n<p>For mer info om Norwaste, se <a href=\"https:\/\/norwaste.no\">https:\/\/norwaste.no<\/a><\/p>\n\n\n\n<div style=\"height:72px\" aria-hidden=\"true\" class=\"wp-block-spacer\"><\/div>\n\n\n\n<figure class=\"wp-block-image size-full is-resized\"><img loading=\"lazy\" decoding=\"async\" width=\"587\" height=\"228\" src=\"https:\/\/handbook.kanco2.no\/wp-content\/uploads\/2024\/08\/Ny-logo.png\" alt=\"\" class=\"wp-image-2015\" style=\"width:121px;height:auto\" srcset=\"https:\/\/handbook.kanco2.no\/wp-content\/uploads\/2024\/08\/Ny-logo.png 587w, https:\/\/handbook.kanco2.no\/wp-content\/uploads\/2024\/08\/Ny-logo-300x117.png 300w, https:\/\/handbook.kanco2.no\/wp-content\/uploads\/2024\/08\/Ny-logo-18x7.png 18w\" sizes=\"auto, (max-width: 587px) 100vw, 587px\" \/><\/figure>\n\n\n\n<p>Camilla Brox bist\u00e5r bedrifter og organisasjoner i deres arbeid for reduserte klimagassutslipp, bedre ressursutnyttelse &#8211; sirkul\u00e6r\u00f8konomi og i kartlegging av forretningsmuligheter.<\/p>\n\n\n\n<p>Camilla Brox har bist\u00e5tt KAN som prosjektleder.<\/p>\n\n\n\n<p>For mer info, se: <a href=\"https:\/\/www.camillabrox.no\">www.camillabrox.no<\/a><\/p>\n<\/div>\n\n\n\n<div class=\"wp-block-column is-layout-flow wp-block-column-is-layout-flow\" style=\"flex-basis:5px\"><\/div>\n\n\n\n<div class=\"wp-block-column is-layout-flow wp-block-column-is-layout-flow\">\n<figure class=\"wp-block-image size-full is-resized\"><img loading=\"lazy\" decoding=\"async\" width=\"1109\" height=\"409\" src=\"https:\/\/handbook.kanco2.no\/wp-content\/uploads\/2024\/08\/Thema.png\" alt=\"\" class=\"wp-image-2068\" style=\"width:116px;height:auto\" srcset=\"https:\/\/handbook.kanco2.no\/wp-content\/uploads\/2024\/08\/Thema.png 1109w, https:\/\/handbook.kanco2.no\/wp-content\/uploads\/2024\/08\/Thema-300x111.png 300w, https:\/\/handbook.kanco2.no\/wp-content\/uploads\/2024\/08\/Thema-1024x378.png 1024w, https:\/\/handbook.kanco2.no\/wp-content\/uploads\/2024\/08\/Thema-768x283.png 768w, https:\/\/handbook.kanco2.no\/wp-content\/uploads\/2024\/08\/Thema-18x7.png 18w\" sizes=\"auto, (max-width: 1109px) 100vw, 1109px\" \/><\/figure>\n\n\n\n<p>THEMA Consulting Group leverer r\u00e5dgivning og markedsanalyser for energi- og transportsektoren.<\/p>\n\n\n\n<p>Thema har, sammen med Carbon Limits, bist\u00e5tt KAN med kartlegging av virkemidler for effektiv realisering av CCUS ved norske avfallsforbrenningsanlegg, samt i planlegging og gjennomf\u00f8ring av samarbeidsm\u00f8ter med eksterne akt\u00f8rer.<\/p>\n\n\n\n<p><strong>Teamet har best\u00e5tt av:<\/strong><\/p>\n\n\n\n<ul class=\"wp-block-list\">\n<li>Berit Tennbakk, THEMA Consulting Group<\/li>\n\n\n\n<li>Malin Wikum, THEMA Consulting Group<\/li>\n\n\n\n<li>\u00d8ystein Sand, THEMA Consulting Group<\/li>\n\n\n\n<li>Julian Hentschel, THEMA Consulting Group<\/li>\n\n\n\n<li>Iris Carrascal Simonsen, THEMA Consulting Group<\/li>\n\n\n\n<li>Irina \u00c5lund, Carbon Limits<\/li>\n\n\n\n<li>Paula Hoffmann, Carbon Limits<\/li>\n\n\n\n<li>Valentin Gentile, Carbon Limits<\/li>\n<\/ul>\n\n\n\n<p>For mer info om THEMA Consulting Group, se <a href=\"https:\/\/thema.no\">https:\/\/thema.no<\/a><\/p>\n<\/div>\n<\/div>\n<\/div>\n\n\n\n<div style=\"height:100px\" aria-hidden=\"true\" class=\"wp-block-spacer\"><\/div>\n\n\n\n<div class=\"wp-block-group alignfull has-medium-green-background-color has-background has-global-padding is-layout-constrained wp-container-core-group-is-layout-05278918 wp-block-group-is-layout-constrained\" style=\"padding-top:var(--wp--preset--spacing--30);padding-right:var(--wp--preset--spacing--10);padding-bottom:var(--wp--preset--spacing--30);padding-left:var(--wp--preset--spacing--10)\">\n<div style=\"height:100px\" aria-hidden=\"true\" class=\"wp-block-spacer\"><\/div>\n\n\n\n<div class=\"wp-block-group has-global-padding is-layout-constrained wp-block-group-is-layout-constrained\">\n<div class=\"wp-block-columns bottom-nav-boxes has-dark-green-background-color has-background is-layout-flex wp-container-core-columns-is-layout-9a58509f wp-block-columns-is-layout-flex\" style=\"border-radius:15px;padding-top:var(--wp--preset--spacing--30);padding-right:var(--wp--preset--spacing--40);padding-bottom:var(--wp--preset--spacing--30);padding-left:var(--wp--preset--spacing--40)\">\n<div class=\"wp-block-column line is-layout-flow wp-block-column-is-layout-flow\" style=\"border-right-width:1px;padding-top:var(--wp--preset--spacing--40);padding-right:var(--wp--preset--spacing--30);padding-bottom:var(--wp--preset--spacing--40);padding-left:var(--wp--preset--spacing--30)\">\n<h4 class=\"wp-block-heading has-text-align-right has-white-color has-text-color has-link-color wp-elements-aa8be8e52b890bf831416282a7e06473\"><a href=\"https:\/\/handbook.kanco2.no\/en\/ccs-at-the-next-waste-incineration-plants\/\">CCS at the next waste incineration plants<\/a><\/h4>\n\n\n\n<div style=\"height:20px\" aria-hidden=\"true\" class=\"wp-block-spacer\"><\/div>\n\n\n\n<h4 class=\"wp-block-heading has-text-align-right has-white-color has-text-color has-link-color wp-elements-c842ede2859f48a2d3271c41edf07f3e\"><a href=\"https:\/\/handbook.kanco2.no\/en\/ccs-at-the-next-waste-incineration-plants\/\"><img loading=\"lazy\" decoding=\"async\" width=\"24\" height=\"15\" class=\"wp-image-518\" style=\"width: 24px;\" src=\"https:\/\/handbook.kanco2.no\/wp-content\/uploads\/2024\/06\/arrow-left-white.svg\" alt=\"\"><\/a><\/h4>\n<\/div>\n\n\n\n<div class=\"wp-block-column has-border-color has-white-border-color has-white-background-color has-background is-layout-flow wp-block-column-is-layout-flow\" style=\"border-width:1px;flex-basis:1px\"><\/div>\n\n\n\n<div class=\"wp-block-column is-layout-flow wp-block-column-is-layout-flow\" style=\"padding-top:var(--wp--preset--spacing--40);padding-right:var(--wp--preset--spacing--30);padding-bottom:var(--wp--preset--spacing--40);padding-left:var(--wp--preset--spacing--30)\">\n<h4 class=\"wp-block-heading has-white-color has-text-color has-link-color wp-elements-3263deebef33e804e96aa1d9918fe7ab\"><a href=\"https:\/\/handbook.kanco2.no\/en\/appendix\/\">Appendix<\/a><\/h4>\n\n\n\n<div style=\"height:20px\" aria-hidden=\"true\" class=\"wp-block-spacer\"><\/div>\n\n\n\n<h4 class=\"wp-block-heading has-white-color has-text-color has-link-color wp-elements-fc5bff5dfe46396aec72ff7a889b433d\"><a href=\"https:\/\/handbook.kanco2.no\/en\/appendix\/\"><img loading=\"lazy\" decoding=\"async\" width=\"24\" height=\"15\" class=\"wp-image-60\" style=\"width: 24px;\" src=\"https:\/\/handbook.kanco2.no\/wp-content\/uploads\/2024\/06\/arrow-right-white.svg\" alt=\"\"><\/a><\/h4>\n<\/div>\n<\/div>\n<\/div>\n\n\n\n<div style=\"height:100px\" aria-hidden=\"true\" class=\"wp-block-spacer\"><\/div>\n<\/div>\n<\/div>","protected":false},"excerpt":{"rendered":"<p>Underleverand\u00f8rer Disse har bist\u00e5tt: I utarbeidelsen av denne h\u00e5ndboken har KAN hatt bistand fra Norsk Energi, COWI AS, Brox Consulting AS, Norwaste AS, Thema Consulting Group og Carbon Limits. Norsk Energi er et r\u00e5dgivende ingeni\u00f8rselskap med lang erfaring innen termiske energisystemer og energieffektivisering i industri og fjernvarme. Norsk Energi har utarbeidet rapportene som er grunnlaget [&hellip;]<\/p>\n","protected":false},"author":1,"featured_media":0,"parent":0,"menu_order":0,"comment_status":"closed","ping_status":"closed","template":"","meta":{"_editorskit_title_hidden":false,"_editorskit_reading_time":0,"_editorskit_is_block_options_detached":false,"_editorskit_block_options_position":"{}","inline_featured_image":false,"footnotes":""},"class_list":["post-1515","page","type-page","status-publish","hentry"],"featured_image_src":null,"yoast_head":"<!-- This site is optimized with the Yoast SEO plugin v27.4 - https:\/\/yoast.com\/product\/yoast-seo-wordpress\/ -->\n<title>Underleverand\u00f8rer - KAN<\/title>\n<meta name=\"robots\" content=\"index, follow, max-snippet:-1, max-image-preview:large, max-video-preview:-1\" \/>\n<link rel=\"canonical\" href=\"https:\/\/handbook.kanco2.no\/en\/subcontractors\/\" \/>\n<meta property=\"og:locale\" content=\"en_GB\" \/>\n<meta property=\"og:type\" content=\"article\" \/>\n<meta property=\"og:title\" content=\"Underleverand\u00f8rer - KAN\" \/>\n<meta property=\"og:description\" content=\"Underleverand\u00f8rer Disse har bist\u00e5tt: I utarbeidelsen av denne h\u00e5ndboken har KAN hatt bistand fra Norsk Energi, COWI AS, Brox Consulting AS, Norwaste AS, Thema Consulting Group og Carbon Limits. Norsk Energi er et r\u00e5dgivende ingeni\u00f8rselskap med lang erfaring innen termiske energisystemer og energieffektivisering i industri og fjernvarme. Norsk Energi har utarbeidet rapportene som er grunnlaget [&hellip;]\" \/>\n<meta property=\"og:url\" content=\"https:\/\/handbook.kanco2.no\/en\/subcontractors\/\" \/>\n<meta property=\"og:site_name\" content=\"KAN\" \/>\n<meta property=\"article:modified_time\" content=\"2025-09-30T13:54:45+00:00\" \/>\n<meta property=\"og:image\" content=\"https:\/\/handbook.kanco2.no\/wp-content\/uploads\/2024\/08\/NE_m_Undertekst_Blatt_2000px.png\" \/>\n\t<meta property=\"og:image:width\" content=\"2000\" \/>\n\t<meta property=\"og:image:height\" content=\"385\" \/>\n\t<meta property=\"og:image:type\" content=\"image\/png\" \/>\n<meta name=\"twitter:card\" content=\"summary_large_image\" \/>\n<meta name=\"twitter:label1\" content=\"Estimated reading time\" \/>\n\t<meta name=\"twitter:data1\" content=\"4 minutes\" \/>\n<script type=\"application\/ld+json\" class=\"yoast-schema-graph\">{\"@context\":\"https:\\\/\\\/schema.org\",\"@graph\":[{\"@type\":\"WebPage\",\"@id\":\"https:\\\/\\\/handbook.kanco2.no\\\/underleverandorer\\\/\",\"url\":\"https:\\\/\\\/handbook.kanco2.no\\\/underleverandorer\\\/\",\"name\":\"Underleverand\u00f8rer - KAN\",\"isPartOf\":{\"@id\":\"https:\\\/\\\/handbook.kanco2.no\\\/#website\"},\"primaryImageOfPage\":{\"@id\":\"https:\\\/\\\/handbook.kanco2.no\\\/underleverandorer\\\/#primaryimage\"},\"image\":{\"@id\":\"https:\\\/\\\/handbook.kanco2.no\\\/underleverandorer\\\/#primaryimage\"},\"thumbnailUrl\":\"https:\\\/\\\/handbook.kanco2.no\\\/wp-content\\\/uploads\\\/2024\\\/08\\\/NE_m_Undertekst_Blatt_2000px-1024x197.png\",\"datePublished\":\"2024-07-31T11:24:32+00:00\",\"dateModified\":\"2025-09-30T13:54:45+00:00\",\"breadcrumb\":{\"@id\":\"https:\\\/\\\/handbook.kanco2.no\\\/underleverandorer\\\/#breadcrumb\"},\"inLanguage\":\"en-GB\",\"potentialAction\":[{\"@type\":\"ReadAction\",\"target\":[\"https:\\\/\\\/handbook.kanco2.no\\\/underleverandorer\\\/\"]}]},{\"@type\":\"ImageObject\",\"inLanguage\":\"en-GB\",\"@id\":\"https:\\\/\\\/handbook.kanco2.no\\\/underleverandorer\\\/#primaryimage\",\"url\":\"https:\\\/\\\/handbook.kanco2.no\\\/wp-content\\\/uploads\\\/2024\\\/08\\\/NE_m_Undertekst_Blatt_2000px-1024x197.png\",\"contentUrl\":\"https:\\\/\\\/handbook.kanco2.no\\\/wp-content\\\/uploads\\\/2024\\\/08\\\/NE_m_Undertekst_Blatt_2000px-1024x197.png\"},{\"@type\":\"BreadcrumbList\",\"@id\":\"https:\\\/\\\/handbook.kanco2.no\\\/underleverandorer\\\/#breadcrumb\",\"itemListElement\":[{\"@type\":\"ListItem\",\"position\":1,\"name\":\"Home\",\"item\":\"https:\\\/\\\/handbook.kanco2.no\\\/\"},{\"@type\":\"ListItem\",\"position\":2,\"name\":\"Underleverand\u00f8rer\"}]},{\"@type\":\"WebSite\",\"@id\":\"https:\\\/\\\/handbook.kanco2.no\\\/#website\",\"url\":\"https:\\\/\\\/handbook.kanco2.no\\\/\",\"name\":\"KAN\",\"description\":\"\",\"publisher\":{\"@id\":\"https:\\\/\\\/handbook.kanco2.no\\\/#organization\"},\"potentialAction\":[{\"@type\":\"SearchAction\",\"target\":{\"@type\":\"EntryPoint\",\"urlTemplate\":\"https:\\\/\\\/handbook.kanco2.no\\\/?s={search_term_string}\"},\"query-input\":{\"@type\":\"PropertyValueSpecification\",\"valueRequired\":true,\"valueName\":\"search_term_string\"}}],\"inLanguage\":\"en-GB\"},{\"@type\":\"Organization\",\"@id\":\"https:\\\/\\\/handbook.kanco2.no\\\/#organization\",\"name\":\"KAN\",\"url\":\"https:\\\/\\\/handbook.kanco2.no\\\/\",\"logo\":{\"@type\":\"ImageObject\",\"inLanguage\":\"en-GB\",\"@id\":\"https:\\\/\\\/handbook.kanco2.no\\\/#\\\/schema\\\/logo\\\/image\\\/\",\"url\":\"https:\\\/\\\/handbook.kanco2.no\\\/wp-content\\\/uploads\\\/2024\\\/06\\\/KAN-logo-e1718626874781.png\",\"contentUrl\":\"https:\\\/\\\/handbook.kanco2.no\\\/wp-content\\\/uploads\\\/2024\\\/06\\\/KAN-logo-e1718626874781.png\",\"width\":389,\"height\":230,\"caption\":\"KAN\"},\"image\":{\"@id\":\"https:\\\/\\\/handbook.kanco2.no\\\/#\\\/schema\\\/logo\\\/image\\\/\"}}]}<\/script>\n<!-- \/ Yoast SEO plugin. -->","yoast_head_json":{"title":"Underleverand\u00f8rer - KAN","robots":{"index":"index","follow":"follow","max-snippet":"max-snippet:-1","max-image-preview":"max-image-preview:large","max-video-preview":"max-video-preview:-1"},"canonical":"https:\/\/handbook.kanco2.no\/en\/subcontractors\/","og_locale":"en_GB","og_type":"article","og_title":"Underleverand\u00f8rer - KAN","og_description":"Underleverand\u00f8rer Disse har bist\u00e5tt: I utarbeidelsen av denne h\u00e5ndboken har KAN hatt bistand fra Norsk Energi, COWI AS, Brox Consulting AS, Norwaste AS, Thema Consulting Group og Carbon Limits. Norsk Energi er et r\u00e5dgivende ingeni\u00f8rselskap med lang erfaring innen termiske energisystemer og energieffektivisering i industri og fjernvarme. Norsk Energi har utarbeidet rapportene som er grunnlaget [&hellip;]","og_url":"https:\/\/handbook.kanco2.no\/en\/subcontractors\/","og_site_name":"KAN","article_modified_time":"2025-09-30T13:54:45+00:00","og_image":[{"width":2000,"height":385,"url":"https:\/\/handbook.kanco2.no\/wp-content\/uploads\/2024\/08\/NE_m_Undertekst_Blatt_2000px.png","type":"image\/png"}],"twitter_card":"summary_large_image","twitter_misc":{"Estimated reading time":"4 minutes"},"schema":{"@context":"https:\/\/schema.org","@graph":[{"@type":"WebPage","@id":"https:\/\/handbook.kanco2.no\/underleverandorer\/","url":"https:\/\/handbook.kanco2.no\/underleverandorer\/","name":"Underleverand\u00f8rer - KAN","isPartOf":{"@id":"https:\/\/handbook.kanco2.no\/#website"},"primaryImageOfPage":{"@id":"https:\/\/handbook.kanco2.no\/underleverandorer\/#primaryimage"},"image":{"@id":"https:\/\/handbook.kanco2.no\/underleverandorer\/#primaryimage"},"thumbnailUrl":"https:\/\/handbook.kanco2.no\/wp-content\/uploads\/2024\/08\/NE_m_Undertekst_Blatt_2000px-1024x197.png","datePublished":"2024-07-31T11:24:32+00:00","dateModified":"2025-09-30T13:54:45+00:00","breadcrumb":{"@id":"https:\/\/handbook.kanco2.no\/underleverandorer\/#breadcrumb"},"inLanguage":"en-GB","potentialAction":[{"@type":"ReadAction","target":["https:\/\/handbook.kanco2.no\/underleverandorer\/"]}]},{"@type":"ImageObject","inLanguage":"en-GB","@id":"https:\/\/handbook.kanco2.no\/underleverandorer\/#primaryimage","url":"https:\/\/handbook.kanco2.no\/wp-content\/uploads\/2024\/08\/NE_m_Undertekst_Blatt_2000px-1024x197.png","contentUrl":"https:\/\/handbook.kanco2.no\/wp-content\/uploads\/2024\/08\/NE_m_Undertekst_Blatt_2000px-1024x197.png"},{"@type":"BreadcrumbList","@id":"https:\/\/handbook.kanco2.no\/underleverandorer\/#breadcrumb","itemListElement":[{"@type":"ListItem","position":1,"name":"Home","item":"https:\/\/handbook.kanco2.no\/"},{"@type":"ListItem","position":2,"name":"Underleverand\u00f8rer"}]},{"@type":"WebSite","@id":"https:\/\/handbook.kanco2.no\/#website","url":"https:\/\/handbook.kanco2.no\/","name":"KAN","description":"","publisher":{"@id":"https:\/\/handbook.kanco2.no\/#organization"},"potentialAction":[{"@type":"SearchAction","target":{"@type":"EntryPoint","urlTemplate":"https:\/\/handbook.kanco2.no\/?s={search_term_string}"},"query-input":{"@type":"PropertyValueSpecification","valueRequired":true,"valueName":"search_term_string"}}],"inLanguage":"en-GB"},{"@type":"Organization","@id":"https:\/\/handbook.kanco2.no\/#organization","name":"KAN","url":"https:\/\/handbook.kanco2.no\/","logo":{"@type":"ImageObject","inLanguage":"en-GB","@id":"https:\/\/handbook.kanco2.no\/#\/schema\/logo\/image\/","url":"https:\/\/handbook.kanco2.no\/wp-content\/uploads\/2024\/06\/KAN-logo-e1718626874781.png","contentUrl":"https:\/\/handbook.kanco2.no\/wp-content\/uploads\/2024\/06\/KAN-logo-e1718626874781.png","width":389,"height":230,"caption":"KAN"},"image":{"@id":"https:\/\/handbook.kanco2.no\/#\/schema\/logo\/image\/"}}]}},"_links":{"self":[{"href":"https:\/\/handbook.kanco2.no\/en\/wp-json\/wp\/v2\/pages\/1515","targetHints":{"allow":["GET"]}}],"collection":[{"href":"https:\/\/handbook.kanco2.no\/en\/wp-json\/wp\/v2\/pages"}],"about":[{"href":"https:\/\/handbook.kanco2.no\/en\/wp-json\/wp\/v2\/types\/page"}],"author":[{"embeddable":true,"href":"https:\/\/handbook.kanco2.no\/en\/wp-json\/wp\/v2\/users\/1"}],"replies":[{"embeddable":true,"href":"https:\/\/handbook.kanco2.no\/en\/wp-json\/wp\/v2\/comments?post=1515"}],"version-history":[{"count":31,"href":"https:\/\/handbook.kanco2.no\/en\/wp-json\/wp\/v2\/pages\/1515\/revisions"}],"predecessor-version":[{"id":2559,"href":"https:\/\/handbook.kanco2.no\/en\/wp-json\/wp\/v2\/pages\/1515\/revisions\/2559"}],"wp:attachment":[{"href":"https:\/\/handbook.kanco2.no\/en\/wp-json\/wp\/v2\/media?parent=1515"}],"curies":[{"name":"wp","href":"https:\/\/api.w.org\/{rel}","templated":true}]}}