{"id":174,"date":"2024-06-18T13:56:05","date_gmt":"2024-06-18T11:56:05","guid":{"rendered":"https:\/\/handbook.kanco2.no\/?page_id=174"},"modified":"2024-08-26T10:42:25","modified_gmt":"2024-08-26T08:42:25","slug":"the-value-chain-for-carbon-capture-and-storage","status":"publish","type":"page","link":"https:\/\/handbook.kanco2.no\/en\/karbonfangst-og-lagring-verdikjeden\/","title":{"rendered":"Carbon capture and storage value chain"},"content":{"rendered":"<div class=\"wp-block-group alignfull eplus-wrapper has-beige-background-color has-background has-global-padding is-layout-constrained wp-block-group-is-layout-constrained\" style=\"padding-top:var(--wp--preset--spacing--50);padding-bottom:var(--wp--preset--spacing--50)\">\n<div style=\"height:75px\" aria-hidden=\"true\" class=\"wp-block-spacer hide-mobile\"><\/div>\n\n\n\n<div style=\"height:125px\" aria-hidden=\"true\" class=\"wp-block-spacer\"><\/div>\n\n\n\n<div class=\"wp-block-group eplus-wrapper has-global-padding is-layout-constrained wp-block-group-is-layout-constrained\">\n<div class=\"wp-block-columns eplus-wrapper is-layout-flex wp-container-core-columns-is-layout-28f84493 wp-block-columns-is-layout-flex\">\n<div class=\"wp-block-column eplus-wrapper is-layout-flow wp-block-column-is-layout-flow\" style=\"flex-basis:80%\">\n<p class=\"eplus-wrapper\">Chapter 1<\/p>\n\n\n\n<div style=\"height:20px\" aria-hidden=\"true\" class=\"wp-block-spacer hide-mobile\"><\/div>\n\n\n\n<h2 class=\"wp-block-heading\">The value chain for carbon capture and storage (CCS)<\/h2>\n<\/div>\n\n\n\n<div class=\"wp-block-column is-vertically-aligned-center eplus-wrapper is-layout-flow wp-block-column-is-layout-flow\" style=\"flex-basis:5px\"><\/div>\n\n\n\n<div class=\"wp-block-column is-vertically-aligned-center eplus-wrapper is-layout-flow wp-block-column-is-layout-flow\" style=\"flex-basis:20%\">\n<figure class=\"wp-block-image size-large is-resized eplus-wrapper\"><img loading=\"lazy\" decoding=\"async\" width=\"2\" height=\"2\" src=\"https:\/\/handbook.kanco2.no\/wp-content\/uploads\/2024\/06\/carbon-capture.svg\" alt=\"\" class=\"wp-image-179\" style=\"width:105px;height:auto\"\/><\/figure>\n<\/div>\n<\/div>\n<\/div>\n<\/div>\n\n\n\n<div class=\"wp-block-group alignfull eplus-wrapper has-global-padding is-layout-constrained wp-block-group-is-layout-constrained\" style=\"padding-top:var(--wp--preset--spacing--40);padding-bottom:var(--wp--preset--spacing--40)\">\n<div class=\"wp-block-group eplus-wrapper has-global-padding is-layout-constrained wp-block-group-is-layout-constrained\">\n<div class=\"wp-block-columns eplus-wrapper is-layout-flex wp-container-core-columns-is-layout-28f84493 wp-block-columns-is-layout-flex\">\n<div class=\"wp-block-column eplus-wrapper is-layout-flow wp-block-column-is-layout-flow\">\n<p class=\"eplus-wrapper\" style=\"font-size:clamp(0.875rem, 0.875rem + ((1vw - 0.2rem) * 0.54), 1.3rem);font-style:normal;font-weight:500\">The CCS value chain contains a group of complementary technologies that help prevent CO2 from waste incineration from ending up in the atmosphere. Here, the CO2 is captured, liquefied, and transported to storage. In most cases, an intermediate storage will also be needed. Below are the various steps in the value chain briefly described with reference to the pages in this manual where it says more about this.<\/p>\n\n\n\n<div style=\"height:30px\" aria-hidden=\"true\" class=\"wp-block-spacer eplus-wrapper\"><\/div>\n\n\n\n<figure class=\"wp-block-image size-large eplus-wrapper\"><img loading=\"lazy\" decoding=\"async\" width=\"1024\" height=\"244\" src=\"https:\/\/handbook.kanco2.no\/wp-content\/uploads\/2024\/06\/figurimage001-1024x244.png\" alt=\"\" class=\"wp-image-197\" srcset=\"https:\/\/handbook.kanco2.no\/wp-content\/uploads\/2024\/06\/figurimage001-1024x244.png 1024w, https:\/\/handbook.kanco2.no\/wp-content\/uploads\/2024\/06\/figurimage001-300x72.png 300w, https:\/\/handbook.kanco2.no\/wp-content\/uploads\/2024\/06\/figurimage001-768x183.png 768w, https:\/\/handbook.kanco2.no\/wp-content\/uploads\/2024\/06\/figurimage001-18x4.png 18w, https:\/\/handbook.kanco2.no\/wp-content\/uploads\/2024\/06\/figurimage001.png 1270w\" sizes=\"auto, (max-width: 1024px) 100vw, 1024px\" \/><\/figure>\n\n\n\n<p class=\"has-dark-green-color has-text-color has-link-color wp-elements-5639bf3c6731b61ae7996a8c420302d3\"><br><strong>Pre-treatment of the flue gas - Capture and liquefaction of CO<sub>2<\/sub>&nbsp; &nbsp; - Transport to intermediate storage - Intermediate storage and terminal for shipment of CO<sub>2<\/sub>&nbsp; &nbsp; - Ships - Storage of CO2<sub>2<\/sub><\/strong><\/p>\n\n\n\n<div style=\"height:10px\" aria-hidden=\"true\" class=\"wp-block-spacer eplus-wrapper\"><\/div>\n\n\n\n<p class=\"eplus-wrapper\"><strong>The first step in the CCS value chain is mapping the flue gas.<\/strong><br>A thorough mapping of the flue gas composition under different operating conditions is important, as this can guide the choice of material in the next phase, when the CO2 is to be captured.<\/p>\n\n\n\n<p class=\"eplus-wrapper\">Before capture, the flue gas temperature must be reduced to around 50 degrees, which means that large condensing heat exchangers are needed. There may also be a need to make upgrades or introduce new cleaning steps in the smoke gas cleaning system to meet the requirements of flue gas composition from a capture plant.<\/p>\n\n\n\n<p class=\"eplus-wrapper\"><strong>Capture and liquefaction of<\/strong> <strong>CO2<\/strong><br>There are several different technologies, at different levels of maturity. These are described in <a href=\"https:\/\/handbook.kanco2.no\/en\/benchmark-for-a-co2-capture-plant\/\">chapter 2<\/a>.<br>Good integrations between the CO2 capture plant and the waste fuel plant are also important to put in place.<br>Note: A capture plant requires area, energy, cooling water systems, etc., and in most cases the CO2 must be conditioned before it can be transported to storage. For smaller volumes this  requires compression and for liquefaction, as well as an small local  storage.<\/p>\n\n\n\n<p class=\"eplus-wrapper\"><strong>Transport of the captured CO2 from the capture plant to intermediate storage.<\/strong><br>The distance from the capture plant to the intermediate storage will determine where the CO2 should be transported.<br>Transport of liquid CO2 by truck is the solution that the projects of the partners in KAN have seen as most appropriate.<br>Transport og mellomlager-l\u00f8sninger er n\u00e6rmere beskrevet i <a href=\"https:\/\/handbook.kanco2.no\/en\/transport-and-intermediate-storage\/\">kapittel 4<\/a>. Der er det ogs\u00e5 gitt indikasjoner p\u00e5 hva transport av CO2-en og anlegg for mellomlagring kan koste.<\/p>\n\n\n\n<p class=\"eplus-wrapper\"><strong>The next step in the value chain for CCS is a terminal for CO2 shipment.<\/strong>2<br>This manual provides indications of costs associated with transport, intermediate storage and terminal for shipment. The basis for this is a CCS plant with a capacity from 100,000-200,000 tons of CO2 annually and a hypothetical location from intermediate storage 10-20 km away from the CCS plant.<\/p>\n\n\n\n<p class=\"eplus-wrapper\">Costs such as geographical location, property, ground works, quay facilities, infrastructure such as roads, water, sewerage, etc. are not included in the cost calculations in this manual, but important to clarify early.<\/p>\n\n\n\n<p class=\"eplus-wrapper\"><strong>The next step is transport of CO2 from quay to permanent storage via ship.<\/strong><br>The size of the ship, availability of ships of optimal size, distance from intermediate storage to permanent storage and frequency of call for the ship are factors that are important to clarify early.<\/p>\n\n\n\n<p class=\"eplus-wrapper\">A lot of technology development is underway to be able to scale up volumes and to reduce costs.<\/p>\n\n\n\n<p class=\"eplus-wrapper\"><strong>The final step in the CCS value chain is final storage of the CO2, and this must be done safely.<\/strong><br>Today, it seems most relevant to store CO2 in suitable formations under the seabed.<\/p>\n\n\n\n<p class=\"eplus-wrapper\">In <a href=\"https:\/\/handbook.kanco2.no\/en\/storage-options\/\">chapter 5<\/a> The chapter deals with storage sites that will be operational in the period 2028 \u2013 2030.<\/p>\n<\/div>\n<\/div>\n<\/div>\n<\/div>\n\n\n\n<div class=\"wp-block-group alignfull has-medium-green-background-color has-background has-global-padding is-layout-constrained wp-container-core-group-is-layout-05278918 wp-block-group-is-layout-constrained\" style=\"padding-top:var(--wp--preset--spacing--30);padding-right:var(--wp--preset--spacing--10);padding-bottom:var(--wp--preset--spacing--30);padding-left:var(--wp--preset--spacing--10)\">\n<div style=\"height:50px\" aria-hidden=\"true\" class=\"wp-block-spacer\"><\/div>\n\n\n\n<div style=\"height:50px\" aria-hidden=\"true\" class=\"wp-block-spacer hide-mobile\"><\/div>\n\n\n\n<div class=\"wp-block-group has-global-padding is-layout-constrained wp-block-group-is-layout-constrained\">\n<div class=\"wp-block-columns bottom-nav-boxes has-dark-green-background-color has-background is-layout-flex wp-container-core-columns-is-layout-9a58509f wp-block-columns-is-layout-flex\" style=\"border-radius:15px;padding-top:var(--wp--preset--spacing--30);padding-right:var(--wp--preset--spacing--40);padding-bottom:var(--wp--preset--spacing--30);padding-left:var(--wp--preset--spacing--40)\">\n<div class=\"wp-block-column line is-layout-flow wp-block-column-is-layout-flow\" style=\"border-right-width:1px;padding-top:var(--wp--preset--spacing--40);padding-right:var(--wp--preset--spacing--30);padding-bottom:var(--wp--preset--spacing--40);padding-left:var(--wp--preset--spacing--30)\">\n<h4 class=\"wp-block-heading has-text-align-right has-white-color has-text-color has-link-color wp-elements-3431733015e0205bbd5c0c0195004a3a\"><a href=\"https:\/\/handbook.kanco2.no\/en\/introduction\/\" data-type=\"page\" data-id=\"172\">Introduction<\/a><\/h4>\n\n\n\n<h4 class=\"wp-block-heading has-text-align-right has-white-color has-text-color has-link-color wp-elements-e334ffefdec7f03687239298877d2ab0\"><a href=\"https:\/\/handbook.kanco2.no\/en\/introduction\/\" data-type=\"page\" data-id=\"172\"><img loading=\"lazy\" decoding=\"async\" width=\"24\" height=\"15\" class=\"wp-image-518\" style=\"width: 24px;\" src=\"https:\/\/handbook.kanco2.no\/wp-content\/uploads\/2024\/06\/arrow-left-white.svg\" alt=\"\"><\/a><\/h4>\n<\/div>\n\n\n\n<div class=\"wp-block-column has-border-color has-white-border-color has-white-background-color has-background is-layout-flow wp-block-column-is-layout-flow\" style=\"border-width:1px;flex-basis:1px\"><\/div>\n\n\n\n<div class=\"wp-block-column is-layout-flow wp-block-column-is-layout-flow\" style=\"padding-top:var(--wp--preset--spacing--40);padding-right:var(--wp--preset--spacing--30);padding-bottom:var(--wp--preset--spacing--40);padding-left:var(--wp--preset--spacing--30)\">\n<h4 class=\"wp-block-heading has-white-color has-text-color has-link-color wp-elements-785b880c712586ca43c9f9c7c9f6da00\"><a href=\"https:\/\/handbook.kanco2.no\/en\/benchmark-for-a-co2-capture-plant\/\" data-type=\"page\" data-id=\"208\">Benchmark for a CO2 capture plant<\/a><\/h4>\n\n\n\n<h4 class=\"wp-block-heading has-white-color has-text-color has-link-color wp-elements-dfee356507b352a5d28893d28e067bcb\"><a href=\"https:\/\/handbook.kanco2.no\/en\/benchmark-for-a-co2-capture-plant\/\" data-type=\"page\" data-id=\"208\"><img loading=\"lazy\" decoding=\"async\" width=\"24\" height=\"15\" class=\"wp-image-60\" style=\"width: 24px;\" src=\"https:\/\/handbook.kanco2.no\/wp-content\/uploads\/2024\/06\/arrow-right-white.svg\" alt=\"\"><\/a><\/h4>\n<\/div>\n<\/div>\n<\/div>\n\n\n\n<div style=\"height:50px\" aria-hidden=\"true\" class=\"wp-block-spacer\"><\/div>\n\n\n\n<div style=\"height:50px\" aria-hidden=\"true\" class=\"wp-block-spacer hide-mobile\"><\/div>\n<\/div>","protected":false},"excerpt":{"rendered":"<p>Kapittel 1 Verdikjeden for karbonfangst og-lagring (CCS) Verdikjeden for CCS inneholder en gruppe komplement\u00e6re teknologier som bidrar til hindre at CO2 fra avfallsforbrenningen havner i atmosf\u00e6ren. CO2-en blir her fanget, flytendegjort og transportert til lager. I de fleste tilfeller vil det ogs\u00e5 v\u00e6re behov for et mellomlager. Nedenfor er de ulike trinnene i verdikjeden kort [&hellip;]<\/p>\n","protected":false},"author":1,"featured_media":0,"parent":0,"menu_order":0,"comment_status":"closed","ping_status":"closed","template":"","meta":{"_editorskit_title_hidden":false,"_editorskit_reading_time":0,"_editorskit_is_block_options_detached":false,"_editorskit_block_options_position":"{}","inline_featured_image":false,"footnotes":""},"class_list":["post-174","page","type-page","status-publish","hentry"],"featured_image_src":null,"yoast_head":"<!-- This site is optimized with the Yoast SEO plugin v27.4 - https:\/\/yoast.com\/product\/yoast-seo-wordpress\/ -->\n<title>Karbonfangst og -lagring verdikjeden - KAN<\/title>\n<meta name=\"robots\" content=\"index, follow, max-snippet:-1, max-image-preview:large, max-video-preview:-1\" \/>\n<link rel=\"canonical\" href=\"https:\/\/handbook.kanco2.no\/en\/the-value-chain-for-carbon-capture-and-storage\/\" \/>\n<meta property=\"og:locale\" content=\"en_GB\" \/>\n<meta property=\"og:type\" content=\"article\" \/>\n<meta property=\"og:title\" content=\"Karbonfangst og -lagring verdikjeden - KAN\" \/>\n<meta property=\"og:description\" content=\"Kapittel 1 Verdikjeden for karbonfangst og-lagring (CCS) Verdikjeden for CCS inneholder en gruppe komplement\u00e6re teknologier som bidrar til hindre at CO2 fra avfallsforbrenningen havner i atmosf\u00e6ren. CO2-en blir her fanget, flytendegjort og transportert til lager. I de fleste tilfeller vil det ogs\u00e5 v\u00e6re behov for et mellomlager. Nedenfor er de ulike trinnene i verdikjeden kort [&hellip;]\" \/>\n<meta property=\"og:url\" content=\"https:\/\/handbook.kanco2.no\/en\/the-value-chain-for-carbon-capture-and-storage\/\" \/>\n<meta property=\"og:site_name\" content=\"KAN\" \/>\n<meta property=\"article:modified_time\" content=\"2024-08-26T08:42:25+00:00\" \/>\n<meta property=\"og:image\" content=\"https:\/\/handbook.kanco2.no\/wp-content\/uploads\/2024\/06\/carbon-capture.svg\" \/>\n<meta name=\"twitter:card\" content=\"summary_large_image\" \/>\n<meta name=\"twitter:label1\" content=\"Estimated reading time\" \/>\n\t<meta name=\"twitter:data1\" content=\"4 minutes\" \/>\n<script type=\"application\/ld+json\" class=\"yoast-schema-graph\">{\"@context\":\"https:\\\/\\\/schema.org\",\"@graph\":[{\"@type\":\"WebPage\",\"@id\":\"https:\\\/\\\/handbook.kanco2.no\\\/karbonfangst-og-lagring-verdikjeden\\\/\",\"url\":\"https:\\\/\\\/handbook.kanco2.no\\\/karbonfangst-og-lagring-verdikjeden\\\/\",\"name\":\"Karbonfangst og -lagring verdikjeden - KAN\",\"isPartOf\":{\"@id\":\"https:\\\/\\\/handbook.kanco2.no\\\/#website\"},\"primaryImageOfPage\":{\"@id\":\"https:\\\/\\\/handbook.kanco2.no\\\/karbonfangst-og-lagring-verdikjeden\\\/#primaryimage\"},\"image\":{\"@id\":\"https:\\\/\\\/handbook.kanco2.no\\\/karbonfangst-og-lagring-verdikjeden\\\/#primaryimage\"},\"thumbnailUrl\":\"https:\\\/\\\/handbook.kanco2.no\\\/wp-content\\\/uploads\\\/2024\\\/06\\\/carbon-capture.svg\",\"datePublished\":\"2024-06-18T11:56:05+00:00\",\"dateModified\":\"2024-08-26T08:42:25+00:00\",\"breadcrumb\":{\"@id\":\"https:\\\/\\\/handbook.kanco2.no\\\/karbonfangst-og-lagring-verdikjeden\\\/#breadcrumb\"},\"inLanguage\":\"en-GB\",\"potentialAction\":[{\"@type\":\"ReadAction\",\"target\":[\"https:\\\/\\\/handbook.kanco2.no\\\/karbonfangst-og-lagring-verdikjeden\\\/\"]}]},{\"@type\":\"ImageObject\",\"inLanguage\":\"en-GB\",\"@id\":\"https:\\\/\\\/handbook.kanco2.no\\\/karbonfangst-og-lagring-verdikjeden\\\/#primaryimage\",\"url\":\"https:\\\/\\\/handbook.kanco2.no\\\/wp-content\\\/uploads\\\/2024\\\/06\\\/carbon-capture.svg\",\"contentUrl\":\"https:\\\/\\\/handbook.kanco2.no\\\/wp-content\\\/uploads\\\/2024\\\/06\\\/carbon-capture.svg\"},{\"@type\":\"BreadcrumbList\",\"@id\":\"https:\\\/\\\/handbook.kanco2.no\\\/karbonfangst-og-lagring-verdikjeden\\\/#breadcrumb\",\"itemListElement\":[{\"@type\":\"ListItem\",\"position\":1,\"name\":\"Home\",\"item\":\"https:\\\/\\\/handbook.kanco2.no\\\/\"},{\"@type\":\"ListItem\",\"position\":2,\"name\":\"Karbonfangst og -lagring verdikjeden\"}]},{\"@type\":\"WebSite\",\"@id\":\"https:\\\/\\\/handbook.kanco2.no\\\/#website\",\"url\":\"https:\\\/\\\/handbook.kanco2.no\\\/\",\"name\":\"KAN\",\"description\":\"\",\"publisher\":{\"@id\":\"https:\\\/\\\/handbook.kanco2.no\\\/#organization\"},\"potentialAction\":[{\"@type\":\"SearchAction\",\"target\":{\"@type\":\"EntryPoint\",\"urlTemplate\":\"https:\\\/\\\/handbook.kanco2.no\\\/?s={search_term_string}\"},\"query-input\":{\"@type\":\"PropertyValueSpecification\",\"valueRequired\":true,\"valueName\":\"search_term_string\"}}],\"inLanguage\":\"en-GB\"},{\"@type\":\"Organization\",\"@id\":\"https:\\\/\\\/handbook.kanco2.no\\\/#organization\",\"name\":\"KAN\",\"url\":\"https:\\\/\\\/handbook.kanco2.no\\\/\",\"logo\":{\"@type\":\"ImageObject\",\"inLanguage\":\"en-GB\",\"@id\":\"https:\\\/\\\/handbook.kanco2.no\\\/#\\\/schema\\\/logo\\\/image\\\/\",\"url\":\"https:\\\/\\\/handbook.kanco2.no\\\/wp-content\\\/uploads\\\/2024\\\/06\\\/KAN-logo-e1718626874781.png\",\"contentUrl\":\"https:\\\/\\\/handbook.kanco2.no\\\/wp-content\\\/uploads\\\/2024\\\/06\\\/KAN-logo-e1718626874781.png\",\"width\":389,\"height\":230,\"caption\":\"KAN\"},\"image\":{\"@id\":\"https:\\\/\\\/handbook.kanco2.no\\\/#\\\/schema\\\/logo\\\/image\\\/\"}}]}<\/script>\n<!-- \/ Yoast SEO plugin. -->","yoast_head_json":{"title":"Karbonfangst og -lagring verdikjeden - KAN","robots":{"index":"index","follow":"follow","max-snippet":"max-snippet:-1","max-image-preview":"max-image-preview:large","max-video-preview":"max-video-preview:-1"},"canonical":"https:\/\/handbook.kanco2.no\/en\/the-value-chain-for-carbon-capture-and-storage\/","og_locale":"en_GB","og_type":"article","og_title":"Karbonfangst og -lagring verdikjeden - KAN","og_description":"Kapittel 1 Verdikjeden for karbonfangst og-lagring (CCS) Verdikjeden for CCS inneholder en gruppe komplement\u00e6re teknologier som bidrar til hindre at CO2 fra avfallsforbrenningen havner i atmosf\u00e6ren. CO2-en blir her fanget, flytendegjort og transportert til lager. I de fleste tilfeller vil det ogs\u00e5 v\u00e6re behov for et mellomlager. Nedenfor er de ulike trinnene i verdikjeden kort [&hellip;]","og_url":"https:\/\/handbook.kanco2.no\/en\/the-value-chain-for-carbon-capture-and-storage\/","og_site_name":"KAN","article_modified_time":"2024-08-26T08:42:25+00:00","og_image":[{"url":"https:\/\/handbook.kanco2.no\/wp-content\/uploads\/2024\/06\/carbon-capture.svg","type":"","width":"","height":""}],"twitter_card":"summary_large_image","twitter_misc":{"Estimated reading time":"4 minutes"},"schema":{"@context":"https:\/\/schema.org","@graph":[{"@type":"WebPage","@id":"https:\/\/handbook.kanco2.no\/karbonfangst-og-lagring-verdikjeden\/","url":"https:\/\/handbook.kanco2.no\/karbonfangst-og-lagring-verdikjeden\/","name":"Karbonfangst og -lagring verdikjeden - KAN","isPartOf":{"@id":"https:\/\/handbook.kanco2.no\/#website"},"primaryImageOfPage":{"@id":"https:\/\/handbook.kanco2.no\/karbonfangst-og-lagring-verdikjeden\/#primaryimage"},"image":{"@id":"https:\/\/handbook.kanco2.no\/karbonfangst-og-lagring-verdikjeden\/#primaryimage"},"thumbnailUrl":"https:\/\/handbook.kanco2.no\/wp-content\/uploads\/2024\/06\/carbon-capture.svg","datePublished":"2024-06-18T11:56:05+00:00","dateModified":"2024-08-26T08:42:25+00:00","breadcrumb":{"@id":"https:\/\/handbook.kanco2.no\/karbonfangst-og-lagring-verdikjeden\/#breadcrumb"},"inLanguage":"en-GB","potentialAction":[{"@type":"ReadAction","target":["https:\/\/handbook.kanco2.no\/karbonfangst-og-lagring-verdikjeden\/"]}]},{"@type":"ImageObject","inLanguage":"en-GB","@id":"https:\/\/handbook.kanco2.no\/karbonfangst-og-lagring-verdikjeden\/#primaryimage","url":"https:\/\/handbook.kanco2.no\/wp-content\/uploads\/2024\/06\/carbon-capture.svg","contentUrl":"https:\/\/handbook.kanco2.no\/wp-content\/uploads\/2024\/06\/carbon-capture.svg"},{"@type":"BreadcrumbList","@id":"https:\/\/handbook.kanco2.no\/karbonfangst-og-lagring-verdikjeden\/#breadcrumb","itemListElement":[{"@type":"ListItem","position":1,"name":"Home","item":"https:\/\/handbook.kanco2.no\/"},{"@type":"ListItem","position":2,"name":"Karbonfangst og -lagring verdikjeden"}]},{"@type":"WebSite","@id":"https:\/\/handbook.kanco2.no\/#website","url":"https:\/\/handbook.kanco2.no\/","name":"KAN","description":"","publisher":{"@id":"https:\/\/handbook.kanco2.no\/#organization"},"potentialAction":[{"@type":"SearchAction","target":{"@type":"EntryPoint","urlTemplate":"https:\/\/handbook.kanco2.no\/?s={search_term_string}"},"query-input":{"@type":"PropertyValueSpecification","valueRequired":true,"valueName":"search_term_string"}}],"inLanguage":"en-GB"},{"@type":"Organization","@id":"https:\/\/handbook.kanco2.no\/#organization","name":"KAN","url":"https:\/\/handbook.kanco2.no\/","logo":{"@type":"ImageObject","inLanguage":"en-GB","@id":"https:\/\/handbook.kanco2.no\/#\/schema\/logo\/image\/","url":"https:\/\/handbook.kanco2.no\/wp-content\/uploads\/2024\/06\/KAN-logo-e1718626874781.png","contentUrl":"https:\/\/handbook.kanco2.no\/wp-content\/uploads\/2024\/06\/KAN-logo-e1718626874781.png","width":389,"height":230,"caption":"KAN"},"image":{"@id":"https:\/\/handbook.kanco2.no\/#\/schema\/logo\/image\/"}}]}},"_links":{"self":[{"href":"https:\/\/handbook.kanco2.no\/en\/wp-json\/wp\/v2\/pages\/174","targetHints":{"allow":["GET"]}}],"collection":[{"href":"https:\/\/handbook.kanco2.no\/en\/wp-json\/wp\/v2\/pages"}],"about":[{"href":"https:\/\/handbook.kanco2.no\/en\/wp-json\/wp\/v2\/types\/page"}],"author":[{"embeddable":true,"href":"https:\/\/handbook.kanco2.no\/en\/wp-json\/wp\/v2\/users\/1"}],"replies":[{"embeddable":true,"href":"https:\/\/handbook.kanco2.no\/en\/wp-json\/wp\/v2\/comments?post=174"}],"version-history":[{"count":57,"href":"https:\/\/handbook.kanco2.no\/en\/wp-json\/wp\/v2\/pages\/174\/revisions"}],"predecessor-version":[{"id":2446,"href":"https:\/\/handbook.kanco2.no\/en\/wp-json\/wp\/v2\/pages\/174\/revisions\/2446"}],"wp:attachment":[{"href":"https:\/\/handbook.kanco2.no\/en\/wp-json\/wp\/v2\/media?parent=174"}],"curies":[{"name":"wp","href":"https:\/\/api.w.org\/{rel}","templated":true}]}}