{"id":208,"date":"2024-06-18T15:18:52","date_gmt":"2024-06-18T13:18:52","guid":{"rendered":"https:\/\/handbook.kanco2.no\/?page_id=208"},"modified":"2025-01-09T09:12:50","modified_gmt":"2025-01-09T08:12:50","slug":"benchmark-for-a-co2-capture-plant","status":"publish","type":"page","link":"https:\/\/handbook.kanco2.no\/en\/benchmark-for-et-co2-fangstanlegg\/","title":{"rendered":"Benchmark for a CO2 capture plant"},"content":{"rendered":"<div class=\"wp-block-group alignfull eplus-wrapper has-light-blue-3-background-color has-background has-global-padding is-layout-constrained wp-block-group-is-layout-constrained\" style=\"padding-top:var(--wp--preset--spacing--50);padding-bottom:var(--wp--preset--spacing--50)\">\n<div style=\"height:75px\" aria-hidden=\"true\" class=\"wp-block-spacer hide-mobile\"><\/div>\n\n\n\n<div style=\"height:125px\" aria-hidden=\"true\" class=\"wp-block-spacer\"><\/div>\n\n\n\n<div class=\"wp-block-group eplus-wrapper has-global-padding is-layout-constrained wp-block-group-is-layout-constrained\">\n<div class=\"wp-block-columns eplus-wrapper is-layout-flex wp-container-core-columns-is-layout-28f84493 wp-block-columns-is-layout-flex\">\n<div class=\"wp-block-column is-vertically-aligned-center eplus-wrapper is-layout-flow wp-block-column-is-layout-flow\" style=\"flex-basis:80%\">\n<p class=\"eplus-wrapper\">Chapter 2<\/p>\n\n\n<h2 class=\"wp-block-post-title has-x-large-font-size\">Benchmark for a CO2 capture plant<\/h2><\/div>\n\n\n\n<div class=\"wp-block-column is-layout-flow wp-block-column-is-layout-flow\" style=\"flex-basis:5%\"><\/div>\n\n\n\n<div class=\"wp-block-column is-vertically-aligned-center eplus-wrapper is-layout-flow wp-block-column-is-layout-flow\" style=\"flex-basis:15%\">\n<figure class=\"wp-block-image size-large is-resized\"><img loading=\"lazy\" decoding=\"async\" width=\"127\" height=\"141\" src=\"https:\/\/handbook.kanco2.no\/wp-content\/uploads\/2024\/06\/factory.svg\" alt=\"\" class=\"wp-image-215\" style=\"width:80px;height:auto\"\/><\/figure>\n<\/div>\n<\/div>\n<\/div>\n<\/div>\n\n\n\n<div class=\"wp-block-group alignfull has-global-padding is-layout-constrained wp-block-group-is-layout-constrained\">\n<div class=\"wp-block-group alignfull has-global-padding is-layout-constrained wp-block-group-is-layout-constrained\">\n<div class=\"wp-block-columns alignwide is-layout-flex wp-container-core-columns-is-layout-4fb53a65 wp-block-columns-is-layout-flex\" style=\"margin-bottom:var(--wp--preset--spacing--40);padding-top:var(--wp--preset--spacing--50)\">\n<div class=\"wp-block-column is-layout-flow wp-block-column-is-layout-flow\" style=\"padding-top:0;padding-right:0;padding-bottom:0;padding-left:0;flex-basis:35%\">\n<div class=\"wp-block-columns has-light-blue-1-background-color has-background is-layout-flex wp-container-core-columns-is-layout-7abde1fe wp-block-columns-is-layout-flex\" style=\"padding-top:var(--wp--preset--spacing--40);padding-bottom:var(--wp--preset--spacing--40)\">\n<div class=\"wp-block-column is-layout-flow wp-block-column-is-layout-flow\">\n<div class=\"wp-block-group is-layout-flow wp-container-core-group-is-layout-0ba1ad86 wp-block-group-is-layout-flow\" style=\"padding-right:0;padding-left:0\">\n<div class=\"wp-block-group has-global-padding is-layout-constrained wp-container-core-group-is-layout-5ad7779d wp-block-group-is-layout-constrained\">\n<div class=\"wp-block-group is-vertical is-content-justification-left is-layout-flex wp-container-core-group-is-layout-2b4f249d wp-block-group-is-layout-flex\">\n<h2 class=\"wp-block-heading has-text-align-left\" style=\"font-size:clamp(1.039rem, 1.039rem + ((1vw - 0.2rem) * 0.712), 1.6rem);\">Chapter 2<\/h2>\n\n\n\n<div style=\"height:28px\" aria-hidden=\"true\" class=\"wp-block-spacer wp-container-content-b0b89ccb\"><\/div>\n<\/div>\n\n\n\n<div class=\"wp-block-buttons is-vertical is-layout-flex wp-container-core-buttons-is-layout-b6775ab2 wp-block-buttons-is-layout-flex\">\n<div class=\"wp-block-button\"><a class=\"wp-block-button__link has-light-blue-3-background-color has-background wp-element-button\" href=\"https:\/\/handbook.kanco2.no\/en\/benchmark-for-a-co2-capture-plant\/reference-plant-for-waste-incineration-with-co2-capture\/\">Reference plant for waste incineration with CO2 capture<\/a><\/div>\n\n\n\n<div class=\"wp-block-button\"><a class=\"wp-block-button__link has-light-blue-3-background-color has-background wp-element-button\" href=\"https:\/\/handbook.kanco2.no\/en\/benchmark-for-a-co2-capture-plant\/benchmark-of-co2-capture-technologies\/\">Benchmark of CO2 capture technologies<\/a><\/div>\n\n\n\n<div class=\"wp-block-button\"><a class=\"wp-block-button__link has-light-blue-3-background-color has-background wp-element-button\" href=\"https:\/\/handbook.kanco2.no\/en\/benchmark-for-a-co2-capture-plant\/co2-capture-technologies\/\">CO2 capture technologies<\/a><\/div>\n\n\n\n<div class=\"wp-block-button\"><a class=\"wp-block-button__link has-light-blue-3-background-color has-background wp-element-button\" href=\"https:\/\/handbook.kanco2.no\/en\/benchmark-for-a-co2-capture-plant\/suppliers-of-co2-capture-plants-and-technologies\/\">Suppliers of CO2 capture plants and technologies<\/a><\/div>\n\n\n\n<div class=\"wp-block-button\"><a class=\"wp-block-button__link has-light-blue-3-background-color has-background wp-element-button\" href=\"https:\/\/handbook.kanco2.no\/en\/benchmark-for-a-co2-capture-plant\/summing-up-technologies\/\">Summing up technologies<\/a><\/div>\n<\/div>\n<\/div>\n<\/div>\n<\/div>\n<\/div>\n<\/div>\n\n\n\n<div class=\"wp-block-column is-layout-flow wp-block-column-is-layout-flow\" style=\"flex-basis:5%\"><\/div>\n\n\n\n<div class=\"wp-block-column is-layout-flow wp-block-column-is-layout-flow\" style=\"flex-basis:60%\">\n<p style=\"font-size:clamp(0.875rem, 0.875rem + ((1vw - 0.2rem) * 0.413), 1.2rem);font-style:normal;font-weight:500\">There are many possibilities for CO2 capture associated with waste incineration plants in Norway. In this chapter, we look at available capture technologies and compare solutions that have already been developed by the partners in KAN. Based on this work, a reference facility \"KAN Referansa\" has been prepared and recommendations related to technology choices have been made. The chapter is an excerpt from the attached report \"L2 - Benchmark of technology for carbon capture from waste incineration plants\" by Norsk Energi.<\/p>\n\n\n\n<div style=\"height:25px\" aria-hidden=\"true\" class=\"wp-block-spacer\"><\/div>\n\n\n\n<h3 class=\"wp-block-heading\">Restriction<\/h3>\n\n\n\n<p>This benchmark applies to facilities that generate household and commercial waste, as well as recycled wood. The benchmark also covers plants that burn clean bioenergy such as wood chips, GROT, and other types of bioenergy. Benchmark is adapted to Norwegian conditions but will also have relevance outside Norway.<\/p>\n\n\n\n<div style=\"height:20px\" aria-hidden=\"true\" class=\"wp-block-spacer\"><\/div>\n\n\n\n<figure class=\"wp-block-image size-large has-custom-border\"><img loading=\"lazy\" decoding=\"async\" width=\"1024\" height=\"571\" src=\"https:\/\/handbook.kanco2.no\/wp-content\/uploads\/2024\/06\/1-HOVEDBILDE-KAN-Referansa-Brun-og-blatt-bakgrunn-1024x571.png\" alt=\"\" class=\"wp-image-306\" style=\"border-style:none;border-width:0px\" srcset=\"https:\/\/handbook.kanco2.no\/wp-content\/uploads\/2024\/06\/1-HOVEDBILDE-KAN-Referansa-Brun-og-blatt-bakgrunn-1024x571.png 1024w, https:\/\/handbook.kanco2.no\/wp-content\/uploads\/2024\/06\/1-HOVEDBILDE-KAN-Referansa-Brun-og-blatt-bakgrunn-300x167.png 300w, https:\/\/handbook.kanco2.no\/wp-content\/uploads\/2024\/06\/1-HOVEDBILDE-KAN-Referansa-Brun-og-blatt-bakgrunn-768x428.png 768w, https:\/\/handbook.kanco2.no\/wp-content\/uploads\/2024\/06\/1-HOVEDBILDE-KAN-Referansa-Brun-og-blatt-bakgrunn-1536x857.png 1536w, https:\/\/handbook.kanco2.no\/wp-content\/uploads\/2024\/06\/1-HOVEDBILDE-KAN-Referansa-Brun-og-blatt-bakgrunn-2048x1142.png 2048w, https:\/\/handbook.kanco2.no\/wp-content\/uploads\/2024\/06\/1-HOVEDBILDE-KAN-Referansa-Brun-og-blatt-bakgrunn-18x10.png 18w\" sizes=\"auto, (max-width: 1024px) 100vw, 1024px\" \/><figcaption class=\"wp-element-caption\">The illustration shows our reference waste incineration plant \"KAN Referansa\" which is intended to serve as a design basis for investigating the requirements for Norwegian waste incineration plants with regard to carbon capture.<br>Illustration: Norsk Energi\/Jos van der Plas<\/figcaption><\/figure>\n<\/div>\n<\/div>\n<\/div>\n<\/div>\n\n\n\n<div class=\"wp-block-group alignfull has-medium-green-background-color has-background has-global-padding is-layout-constrained wp-container-core-group-is-layout-05278918 wp-block-group-is-layout-constrained\" style=\"padding-top:var(--wp--preset--spacing--30);padding-right:var(--wp--preset--spacing--10);padding-bottom:var(--wp--preset--spacing--30);padding-left:var(--wp--preset--spacing--10)\">\n<div style=\"height:50px\" aria-hidden=\"true\" class=\"wp-block-spacer\"><\/div>\n\n\n\n<div style=\"height:50px\" aria-hidden=\"true\" class=\"wp-block-spacer hide-mobile\"><\/div>\n\n\n\n<div class=\"wp-block-group has-global-padding is-layout-constrained wp-block-group-is-layout-constrained\">\n<div class=\"wp-block-columns bottom-nav-boxes has-dark-green-background-color has-background is-layout-flex wp-container-core-columns-is-layout-9a58509f wp-block-columns-is-layout-flex\" style=\"padding-top:var(--wp--preset--spacing--30);padding-right:var(--wp--preset--spacing--40);padding-bottom:var(--wp--preset--spacing--30);padding-left:var(--wp--preset--spacing--40)\">\n<div class=\"wp-block-column line is-layout-flow wp-block-column-is-layout-flow\" style=\"border-right-width:1px;padding-top:var(--wp--preset--spacing--30);padding-right:var(--wp--preset--spacing--40);padding-bottom:var(--wp--preset--spacing--30);padding-left:var(--wp--preset--spacing--40)\">\n<h4 class=\"wp-block-heading has-text-align-right has-white-color has-text-color has-link-color wp-elements-f4b596e91503ee8404b677e9c107451f\"><a href=\"https:\/\/handbook.kanco2.no\/en\/the-value-chain-for-carbon-capture-and-storage\/\" class=\"ek-link\">The value chain for carbon capture and storage (CCS) <\/a><\/h4>\n\n\n\n<h4 class=\"wp-block-heading has-text-align-right has-white-color has-text-color has-link-color wp-elements-9aefe24e6bb710c8608ac006a3b19af6\"><img loading=\"lazy\" decoding=\"async\" width=\"24\" height=\"15\" class=\"wp-image-518\" style=\"width: 24px;\" src=\"https:\/\/handbook.kanco2.no\/wp-content\/uploads\/2024\/06\/arrow-left-white.svg\" alt=\"\"><\/h4>\n<\/div>\n\n\n\n<div class=\"wp-block-column has-border-color has-white-border-color has-white-background-color has-background is-layout-flow wp-block-column-is-layout-flow\" style=\"border-width:1px;flex-basis:1px\"><\/div>\n\n\n\n<div class=\"wp-block-column is-layout-flow wp-block-column-is-layout-flow\" style=\"padding-top:var(--wp--preset--spacing--30);padding-right:var(--wp--preset--spacing--30);padding-bottom:var(--wp--preset--spacing--30);padding-left:var(--wp--preset--spacing--30)\">\n<h4 class=\"wp-block-heading has-white-color has-text-color has-link-color wp-elements-13a627c6630714ef632d6f2026df4b28\"><a href=\"https:\/\/handbook.kanco2.no\/en\/benchmark-for-a-co2-capture-plant\/reference-plant-for-waste-incineration-with-co2-capture\/\" class=\"ek-link\">Reference plant for waste<br>incineration with CO2 capture <\/a><\/h4>\n\n\n\n<h4 class=\"wp-block-heading has-white-color has-text-color has-link-color wp-elements-9e3b431d2f11c29c483198cdd2087750\"><img loading=\"lazy\" decoding=\"async\" width=\"24\" height=\"15\" class=\"wp-image-60\" style=\"width: 24px;\" src=\"https:\/\/handbook.kanco2.no\/wp-content\/uploads\/2024\/06\/arrow-right-white.svg\" alt=\"\"><\/h4>\n<\/div>\n<\/div>\n<\/div>\n\n\n\n<div style=\"height:50px\" aria-hidden=\"true\" class=\"wp-block-spacer\"><\/div>\n\n\n\n<div style=\"height:50px\" aria-hidden=\"true\" class=\"wp-block-spacer hide-mobile\"><\/div>\n<\/div>","protected":false},"excerpt":{"rendered":"<p>Kapittel 2 Dagens muligheter for CO2-fangst tilknyttet avfallsforbrenningsanlegg i Norge er mange. I dette kapittelet er det sett p\u00e5 tilgjengelige fangstteknologier og sammenlignet l\u00f8sninger som allerede er utviklet hos partnerne i KAN. Basert p\u00e5 dette arbeidet er det utarbeidet et referanseanlegg \u00abKAN Referansa\u00bb og gitt anbefalinger knyttet til teknologivalg. Kapittelet er et utdrag av en [&hellip;]<\/p>\n","protected":false},"author":1,"featured_media":215,"parent":0,"menu_order":0,"comment_status":"closed","ping_status":"closed","template":"","meta":{"_editorskit_title_hidden":false,"_editorskit_reading_time":0,"_editorskit_is_block_options_detached":false,"_editorskit_block_options_position":"{}","inline_featured_image":false,"footnotes":""},"class_list":["post-208","page","type-page","status-publish","has-post-thumbnail","hentry"],"featured_image_src":"https:\/\/handbook.kanco2.no\/wp-content\/uploads\/2024\/06\/factory.svg","yoast_head":"<!-- This site is optimized with the Yoast SEO plugin v27.4 - https:\/\/yoast.com\/product\/yoast-seo-wordpress\/ -->\n<title>Benchmark for et CO2-fangstanlegg - KAN<\/title>\n<meta name=\"robots\" content=\"index, follow, max-snippet:-1, max-image-preview:large, max-video-preview:-1\" \/>\n<link rel=\"canonical\" href=\"https:\/\/handbook.kanco2.no\/en\/benchmark-for-a-co2-capture-plant\/\" \/>\n<meta property=\"og:locale\" content=\"en_GB\" \/>\n<meta property=\"og:type\" content=\"article\" \/>\n<meta property=\"og:title\" content=\"Benchmark for et CO2-fangstanlegg - KAN\" \/>\n<meta property=\"og:description\" content=\"Kapittel 2 Dagens muligheter for CO2-fangst tilknyttet avfallsforbrenningsanlegg i Norge er mange. I dette kapittelet er det sett p\u00e5 tilgjengelige fangstteknologier og sammenlignet l\u00f8sninger som allerede er utviklet hos partnerne i KAN. Basert p\u00e5 dette arbeidet er det utarbeidet et referanseanlegg \u00abKAN Referansa\u00bb og gitt anbefalinger knyttet til teknologivalg. Kapittelet er et utdrag av en [&hellip;]\" \/>\n<meta property=\"og:url\" content=\"https:\/\/handbook.kanco2.no\/en\/benchmark-for-a-co2-capture-plant\/\" \/>\n<meta property=\"og:site_name\" content=\"KAN\" \/>\n<meta property=\"article:modified_time\" content=\"2025-01-09T08:12:50+00:00\" \/>\n<meta name=\"twitter:card\" content=\"summary_large_image\" \/>\n<meta name=\"twitter:label1\" content=\"Estimated reading time\" \/>\n\t<meta name=\"twitter:data1\" content=\"4 minutes\" \/>\n<script type=\"application\/ld+json\" class=\"yoast-schema-graph\">{\"@context\":\"https:\\\/\\\/schema.org\",\"@graph\":[{\"@type\":\"WebPage\",\"@id\":\"https:\\\/\\\/handbook.kanco2.no\\\/benchmark-for-et-co2-fangstanlegg\\\/\",\"url\":\"https:\\\/\\\/handbook.kanco2.no\\\/benchmark-for-et-co2-fangstanlegg\\\/\",\"name\":\"Benchmark for et CO2-fangstanlegg - KAN\",\"isPartOf\":{\"@id\":\"https:\\\/\\\/handbook.kanco2.no\\\/#website\"},\"primaryImageOfPage\":{\"@id\":\"https:\\\/\\\/handbook.kanco2.no\\\/benchmark-for-et-co2-fangstanlegg\\\/#primaryimage\"},\"image\":{\"@id\":\"https:\\\/\\\/handbook.kanco2.no\\\/benchmark-for-et-co2-fangstanlegg\\\/#primaryimage\"},\"thumbnailUrl\":\"https:\\\/\\\/handbook.kanco2.no\\\/wp-content\\\/uploads\\\/2024\\\/06\\\/factory.svg\",\"datePublished\":\"2024-06-18T13:18:52+00:00\",\"dateModified\":\"2025-01-09T08:12:50+00:00\",\"breadcrumb\":{\"@id\":\"https:\\\/\\\/handbook.kanco2.no\\\/benchmark-for-et-co2-fangstanlegg\\\/#breadcrumb\"},\"inLanguage\":\"en-GB\",\"potentialAction\":[{\"@type\":\"ReadAction\",\"target\":[\"https:\\\/\\\/handbook.kanco2.no\\\/benchmark-for-et-co2-fangstanlegg\\\/\"]}]},{\"@type\":\"ImageObject\",\"inLanguage\":\"en-GB\",\"@id\":\"https:\\\/\\\/handbook.kanco2.no\\\/benchmark-for-et-co2-fangstanlegg\\\/#primaryimage\",\"url\":\"https:\\\/\\\/handbook.kanco2.no\\\/wp-content\\\/uploads\\\/2024\\\/06\\\/factory.svg\",\"contentUrl\":\"https:\\\/\\\/handbook.kanco2.no\\\/wp-content\\\/uploads\\\/2024\\\/06\\\/factory.svg\",\"width\":127,\"height\":141},{\"@type\":\"BreadcrumbList\",\"@id\":\"https:\\\/\\\/handbook.kanco2.no\\\/benchmark-for-et-co2-fangstanlegg\\\/#breadcrumb\",\"itemListElement\":[{\"@type\":\"ListItem\",\"position\":1,\"name\":\"Home\",\"item\":\"https:\\\/\\\/handbook.kanco2.no\\\/\"},{\"@type\":\"ListItem\",\"position\":2,\"name\":\"Benchmark for et CO2-fangstanlegg\"}]},{\"@type\":\"WebSite\",\"@id\":\"https:\\\/\\\/handbook.kanco2.no\\\/#website\",\"url\":\"https:\\\/\\\/handbook.kanco2.no\\\/\",\"name\":\"KAN\",\"description\":\"\",\"publisher\":{\"@id\":\"https:\\\/\\\/handbook.kanco2.no\\\/#organization\"},\"potentialAction\":[{\"@type\":\"SearchAction\",\"target\":{\"@type\":\"EntryPoint\",\"urlTemplate\":\"https:\\\/\\\/handbook.kanco2.no\\\/?s={search_term_string}\"},\"query-input\":{\"@type\":\"PropertyValueSpecification\",\"valueRequired\":true,\"valueName\":\"search_term_string\"}}],\"inLanguage\":\"en-GB\"},{\"@type\":\"Organization\",\"@id\":\"https:\\\/\\\/handbook.kanco2.no\\\/#organization\",\"name\":\"KAN\",\"url\":\"https:\\\/\\\/handbook.kanco2.no\\\/\",\"logo\":{\"@type\":\"ImageObject\",\"inLanguage\":\"en-GB\",\"@id\":\"https:\\\/\\\/handbook.kanco2.no\\\/#\\\/schema\\\/logo\\\/image\\\/\",\"url\":\"https:\\\/\\\/handbook.kanco2.no\\\/wp-content\\\/uploads\\\/2024\\\/06\\\/KAN-logo-e1718626874781.png\",\"contentUrl\":\"https:\\\/\\\/handbook.kanco2.no\\\/wp-content\\\/uploads\\\/2024\\\/06\\\/KAN-logo-e1718626874781.png\",\"width\":389,\"height\":230,\"caption\":\"KAN\"},\"image\":{\"@id\":\"https:\\\/\\\/handbook.kanco2.no\\\/#\\\/schema\\\/logo\\\/image\\\/\"}}]}<\/script>\n<!-- \/ Yoast SEO plugin. -->","yoast_head_json":{"title":"Benchmark for et CO2-fangstanlegg - KAN","robots":{"index":"index","follow":"follow","max-snippet":"max-snippet:-1","max-image-preview":"max-image-preview:large","max-video-preview":"max-video-preview:-1"},"canonical":"https:\/\/handbook.kanco2.no\/en\/benchmark-for-a-co2-capture-plant\/","og_locale":"en_GB","og_type":"article","og_title":"Benchmark for et CO2-fangstanlegg - KAN","og_description":"Kapittel 2 Dagens muligheter for CO2-fangst tilknyttet avfallsforbrenningsanlegg i Norge er mange. I dette kapittelet er det sett p\u00e5 tilgjengelige fangstteknologier og sammenlignet l\u00f8sninger som allerede er utviklet hos partnerne i KAN. Basert p\u00e5 dette arbeidet er det utarbeidet et referanseanlegg \u00abKAN Referansa\u00bb og gitt anbefalinger knyttet til teknologivalg. Kapittelet er et utdrag av en [&hellip;]","og_url":"https:\/\/handbook.kanco2.no\/en\/benchmark-for-a-co2-capture-plant\/","og_site_name":"KAN","article_modified_time":"2025-01-09T08:12:50+00:00","twitter_card":"summary_large_image","twitter_misc":{"Estimated reading time":"4 minutes"},"schema":{"@context":"https:\/\/schema.org","@graph":[{"@type":"WebPage","@id":"https:\/\/handbook.kanco2.no\/benchmark-for-et-co2-fangstanlegg\/","url":"https:\/\/handbook.kanco2.no\/benchmark-for-et-co2-fangstanlegg\/","name":"Benchmark for et CO2-fangstanlegg - KAN","isPartOf":{"@id":"https:\/\/handbook.kanco2.no\/#website"},"primaryImageOfPage":{"@id":"https:\/\/handbook.kanco2.no\/benchmark-for-et-co2-fangstanlegg\/#primaryimage"},"image":{"@id":"https:\/\/handbook.kanco2.no\/benchmark-for-et-co2-fangstanlegg\/#primaryimage"},"thumbnailUrl":"https:\/\/handbook.kanco2.no\/wp-content\/uploads\/2024\/06\/factory.svg","datePublished":"2024-06-18T13:18:52+00:00","dateModified":"2025-01-09T08:12:50+00:00","breadcrumb":{"@id":"https:\/\/handbook.kanco2.no\/benchmark-for-et-co2-fangstanlegg\/#breadcrumb"},"inLanguage":"en-GB","potentialAction":[{"@type":"ReadAction","target":["https:\/\/handbook.kanco2.no\/benchmark-for-et-co2-fangstanlegg\/"]}]},{"@type":"ImageObject","inLanguage":"en-GB","@id":"https:\/\/handbook.kanco2.no\/benchmark-for-et-co2-fangstanlegg\/#primaryimage","url":"https:\/\/handbook.kanco2.no\/wp-content\/uploads\/2024\/06\/factory.svg","contentUrl":"https:\/\/handbook.kanco2.no\/wp-content\/uploads\/2024\/06\/factory.svg","width":127,"height":141},{"@type":"BreadcrumbList","@id":"https:\/\/handbook.kanco2.no\/benchmark-for-et-co2-fangstanlegg\/#breadcrumb","itemListElement":[{"@type":"ListItem","position":1,"name":"Home","item":"https:\/\/handbook.kanco2.no\/"},{"@type":"ListItem","position":2,"name":"Benchmark for et CO2-fangstanlegg"}]},{"@type":"WebSite","@id":"https:\/\/handbook.kanco2.no\/#website","url":"https:\/\/handbook.kanco2.no\/","name":"KAN","description":"","publisher":{"@id":"https:\/\/handbook.kanco2.no\/#organization"},"potentialAction":[{"@type":"SearchAction","target":{"@type":"EntryPoint","urlTemplate":"https:\/\/handbook.kanco2.no\/?s={search_term_string}"},"query-input":{"@type":"PropertyValueSpecification","valueRequired":true,"valueName":"search_term_string"}}],"inLanguage":"en-GB"},{"@type":"Organization","@id":"https:\/\/handbook.kanco2.no\/#organization","name":"KAN","url":"https:\/\/handbook.kanco2.no\/","logo":{"@type":"ImageObject","inLanguage":"en-GB","@id":"https:\/\/handbook.kanco2.no\/#\/schema\/logo\/image\/","url":"https:\/\/handbook.kanco2.no\/wp-content\/uploads\/2024\/06\/KAN-logo-e1718626874781.png","contentUrl":"https:\/\/handbook.kanco2.no\/wp-content\/uploads\/2024\/06\/KAN-logo-e1718626874781.png","width":389,"height":230,"caption":"KAN"},"image":{"@id":"https:\/\/handbook.kanco2.no\/#\/schema\/logo\/image\/"}}]}},"_links":{"self":[{"href":"https:\/\/handbook.kanco2.no\/en\/wp-json\/wp\/v2\/pages\/208","targetHints":{"allow":["GET"]}}],"collection":[{"href":"https:\/\/handbook.kanco2.no\/en\/wp-json\/wp\/v2\/pages"}],"about":[{"href":"https:\/\/handbook.kanco2.no\/en\/wp-json\/wp\/v2\/types\/page"}],"author":[{"embeddable":true,"href":"https:\/\/handbook.kanco2.no\/en\/wp-json\/wp\/v2\/users\/1"}],"replies":[{"embeddable":true,"href":"https:\/\/handbook.kanco2.no\/en\/wp-json\/wp\/v2\/comments?post=208"}],"version-history":[{"count":57,"href":"https:\/\/handbook.kanco2.no\/en\/wp-json\/wp\/v2\/pages\/208\/revisions"}],"predecessor-version":[{"id":2465,"href":"https:\/\/handbook.kanco2.no\/en\/wp-json\/wp\/v2\/pages\/208\/revisions\/2465"}],"wp:featuredmedia":[{"embeddable":true,"href":"https:\/\/handbook.kanco2.no\/en\/wp-json\/wp\/v2\/media\/215"}],"wp:attachment":[{"href":"https:\/\/handbook.kanco2.no\/en\/wp-json\/wp\/v2\/media?parent=208"}],"curies":[{"name":"wp","href":"https:\/\/api.w.org\/{rel}","templated":true}]}}