{"id":2494,"date":"2025-09-30T11:31:51","date_gmt":"2025-09-30T09:31:51","guid":{"rendered":"https:\/\/handbook.kanco2.no\/?page_id=2494"},"modified":"2025-09-30T13:44:41","modified_gmt":"2025-09-30T11:44:41","slug":"lca","status":"publish","type":"page","link":"https:\/\/handbook.kanco2.no\/en\/lca\/","title":{"rendered":"LCA &#8211; livsl\u00f8psvurdering"},"content":{"rendered":"<div class=\"wp-block-group alignfull eplus-wrapper has-beige-background-color has-background has-global-padding is-layout-constrained wp-block-group-is-layout-constrained\" style=\"padding-top:var(--wp--preset--spacing--50);padding-bottom:var(--wp--preset--spacing--50)\">\n<div style=\"height:150px\" aria-hidden=\"true\" class=\"wp-block-spacer\"><\/div>\n\n\n\n<div style=\"height:50px\" aria-hidden=\"true\" class=\"wp-block-spacer hide-mobile\"><\/div>\n\n\n\n<div class=\"wp-block-group eplus-wrapper has-global-padding is-layout-constrained wp-block-group-is-layout-constrained\">\n<div class=\"wp-block-columns eplus-wrapper is-layout-flex wp-container-core-columns-is-layout-28f84493 wp-block-columns-is-layout-flex\">\n<div class=\"wp-block-column eplus-wrapper is-layout-flow wp-block-column-is-layout-flow\" style=\"flex-basis:80%\">\n<p class=\"eplus-wrapper\">Kapittel 9<\/p>\n\n\n\n<h2 class=\"wp-block-heading eplus-wrapper\" id=\"0-rammebetingelser\">LCA for avfallsforbrenningsanlegg med CCS<\/h2>\n<\/div>\n\n\n\n<div class=\"wp-block-column is-vertically-aligned-center eplus-wrapper is-layout-flow wp-block-column-is-layout-flow\" style=\"flex-basis:20%\"><\/div>\n<\/div>\n<\/div>\n<\/div>\n\n\n\n<div class=\"wp-block-group alignfull eplus-wrapper has-global-padding is-layout-constrained wp-block-group-is-layout-constrained\" style=\"padding-top:var(--wp--preset--spacing--40);padding-bottom:var(--wp--preset--spacing--40)\">\n<div class=\"wp-block-group eplus-wrapper has-global-padding is-layout-constrained wp-block-group-is-layout-constrained\">\n<div class=\"wp-block-columns eplus-wrapper is-layout-flex wp-container-core-columns-is-layout-28f84493 wp-block-columns-is-layout-flex\">\n<div class=\"wp-block-column eplus-wrapper is-layout-flow wp-block-column-is-layout-flow\">\n<p class=\"eplus-wrapper\" style=\"font-size:clamp(0.875rem, 0.875rem + ((1vw - 0.2rem) * 0.54), 1.3rem);font-style:normal;font-weight:500\">V\u00e5ren 2025 gikk KAN &#8211; Klimakur for Avfallsforbrenning i Norge &#8211; til anskaffelse av ekstern bistand for \u00e5 f\u00e5 utarbeidet en fullstendig LCA (Life Cycle Assessment\/livsl\u00f8psvurdering) for et referanseanlegg: KAN referansa. Leveransen var klar august 2025.<\/p>\n\n\n\n<p>M\u00e5let var bl.a. \u00e5:<\/p>\n\n\n\n<p>F\u00e5 en kartlegging av hva kj\u00f8pere av karbonkreditter setter som krav til LCA.<\/p>\n\n\n\n<p><\/p>\n\n\n<div style=\"background-color: #f8f8f8; border-width: 2px; border-color: #ECECEC; \" class=\"ub_call_to_action wp-block-ub-call-to-action-block\" id=\"ub_call_to_action_cbaaebd6-e36b-4e5d-825b-5844141e907f\">\n\t\t\t<div class=\"ub_call_to_action_headline\">\n\t\t\t\t<p class=\"ub_call_to_action_headline_text\" style=\"font-size: 30px; text-align: center; \">LCA for avfallsforbrenningsanlegg med CCS<\/p>\n\t\t\t<\/div>\n\t\t\t<div class=\"ub_call_to_action_content\">\n\t\t\t\t<p class=\"ub_cta_content_text\" style=\"font-size: 15px; text-align: center; \">COWI bisto KAN og leverte en solid LCA-rapport som beskriver metode, fremgangsm\u00e5te, forutsetninger, vurderinger og resultater.\u00a0<br>CLIMIT har st\u00f8ttet arbeidet og rapporten deles her til nytte for alle: <\/p>\n\t\t\t<\/div>\n\t\t\t<div class=\"ub_call_to_action_button\">\n\t\t\t\t<a href=\"\" target=\"_self\" rel=\"noopener noreferrer\" class=\"ub_cta_button\" style=\"background-color: #E27330; width: 250px; \">\n\t\t\t\t\t<p class=\"ub_cta_button_text\" style=\"font-size: 14px; \">Last ned COWIs rapport her<\/p>\n\t\t\t\t<\/a>\n\t\t\t<\/div>\n\t\t<\/div>\n\n\n<div style=\"height:35px\" aria-hidden=\"true\" class=\"wp-block-spacer\"><\/div>\n<\/div>\n<\/div>\n<\/div>\n\n\n\n<div style=\"height:73px\" aria-hidden=\"true\" class=\"wp-block-spacer\"><\/div>\n\n\n\n<div class=\"wp-block-group alignfull has-medium-green-background-color has-background has-global-padding is-layout-constrained wp-container-core-group-is-layout-05278918 wp-block-group-is-layout-constrained\" style=\"padding-top:var(--wp--preset--spacing--30);padding-right:var(--wp--preset--spacing--10);padding-bottom:var(--wp--preset--spacing--30);padding-left:var(--wp--preset--spacing--10)\">\n<div style=\"height:50px\" aria-hidden=\"true\" class=\"wp-block-spacer\"><\/div>\n\n\n\n<div style=\"height:50px\" aria-hidden=\"true\" class=\"wp-block-spacer hide-mobile\"><\/div>\n\n\n\n<div class=\"wp-block-group has-global-padding is-layout-constrained wp-block-group-is-layout-constrained\">\n<div class=\"wp-block-columns bottom-nav-boxes has-dark-green-background-color has-background is-layout-flex wp-container-core-columns-is-layout-9a58509f wp-block-columns-is-layout-flex\" style=\"border-radius:15px;padding-top:var(--wp--preset--spacing--30);padding-right:var(--wp--preset--spacing--40);padding-bottom:var(--wp--preset--spacing--30);padding-left:var(--wp--preset--spacing--40)\">\n<div class=\"wp-block-column line is-layout-flow wp-block-column-is-layout-flow\" style=\"border-right-width:1px;padding-top:var(--wp--preset--spacing--40);padding-right:var(--wp--preset--spacing--30);padding-bottom:var(--wp--preset--spacing--40);padding-left:var(--wp--preset--spacing--30)\">\n<h4 class=\"wp-block-heading has-text-align-right has-white-color has-text-color has-link-color wp-elements-8e33748844b80f20a7bab9c9a72ef79a\" id=\"7-lagringsmuligheter-\"><a href=\"https:\/\/handbook.kanco2.no\/en\/cdr\/\">CDR fra avfallsforbrenning<\/a><\/h4>\n\n\n\n<h4 class=\"wp-block-heading has-text-align-right has-white-color has-text-color has-link-color wp-elements-23df811a65363dcc6964848956e0b5d9\" id=\"8-\"><a href=\"https:\/\/handbook.kanco2.no\/en\/cdr\/\"><img loading=\"lazy\" decoding=\"async\" width=\"24\" height=\"15\" class=\"wp-image-518\" style=\"width: 24px;\" src=\"https:\/\/handbook.kanco2.no\/wp-content\/uploads\/2024\/06\/arrow-left-white.svg\" alt=\"\"><\/a><\/h4>\n<\/div>\n\n\n\n<div class=\"wp-block-column has-border-color has-white-border-color has-white-background-color has-background is-layout-flow wp-block-column-is-layout-flow\" style=\"border-width:1px;flex-basis:1px\"><\/div>\n\n\n\n<div class=\"wp-block-column is-layout-flow wp-block-column-is-layout-flow\" style=\"padding-top:var(--wp--preset--spacing--40);padding-right:var(--wp--preset--spacing--30);padding-bottom:var(--wp--preset--spacing--40);padding-left:var(--wp--preset--spacing--30)\">\n<h4 class=\"wp-block-heading has-white-color has-text-color has-link-color wp-elements-2a5900a7834daf41b5ef84b903be4c33\" id=\"9-ccs-ved-de-neste-avfallsforbrenningsanleggene-\"><a href=\"https:\/\/handbook.kanco2.no\/en\/subcontractors\/\">Subcontractors<\/a><\/h4>\n\n\n\n<h4 class=\"wp-block-heading has-white-color has-text-color has-link-color wp-elements-329a716d1b83db56deb59d0ab929a88d\" id=\"10-\"><a href=\"https:\/\/handbook.kanco2.no\/en\/subcontractors\/\"><img loading=\"lazy\" decoding=\"async\" width=\"24\" height=\"15\" class=\"wp-image-60\" style=\"width: 24px;\" src=\"https:\/\/handbook.kanco2.no\/wp-content\/uploads\/2024\/06\/arrow-right-white.svg\" alt=\"\"><\/a><\/h4>\n<\/div>\n<\/div>\n<\/div>\n\n\n\n<div style=\"height:50px\" aria-hidden=\"true\" class=\"wp-block-spacer\"><\/div>\n\n\n\n<div style=\"height:50px\" aria-hidden=\"true\" class=\"wp-block-spacer hide-mobile\"><\/div>\n<\/div>\n<\/div>","protected":false},"excerpt":{"rendered":"<p>Kapittel 9 LCA for avfallsforbrenningsanlegg med CCS V\u00e5ren 2025 gikk KAN &#8211; Klimakur for Avfallsforbrenning i Norge &#8211; til anskaffelse av ekstern bistand for \u00e5 f\u00e5 utarbeidet en fullstendig LCA (Life Cycle Assessment\/livsl\u00f8psvurdering) for et referanseanlegg: KAN referansa. Leveransen var klar august 2025. M\u00e5let var bl.a. \u00e5: F\u00e5 en kartlegging av hva kj\u00f8pere av karbonkreditter [&hellip;]<\/p>\n","protected":false},"author":1,"featured_media":0,"parent":0,"menu_order":0,"comment_status":"closed","ping_status":"closed","template":"","meta":{"_editorskit_title_hidden":false,"_editorskit_reading_time":0,"_editorskit_is_block_options_detached":false,"_editorskit_block_options_position":"{}","inline_featured_image":false,"footnotes":""},"class_list":["post-2494","page","type-page","status-publish","hentry"],"featured_image_src":null,"yoast_head":"<!-- This site is optimized with the Yoast SEO plugin v27.4 - https:\/\/yoast.com\/product\/yoast-seo-wordpress\/ -->\n<title>LCA - livsl\u00f8psvurdering - KAN<\/title>\n<meta name=\"robots\" content=\"index, follow, max-snippet:-1, max-image-preview:large, max-video-preview:-1\" \/>\n<link rel=\"canonical\" href=\"https:\/\/handbook.kanco2.no\/en\/lca\/\" \/>\n<meta property=\"og:locale\" content=\"en_GB\" \/>\n<meta property=\"og:type\" content=\"article\" \/>\n<meta property=\"og:title\" content=\"LCA - livsl\u00f8psvurdering - KAN\" \/>\n<meta property=\"og:description\" content=\"Kapittel 9 LCA for avfallsforbrenningsanlegg med CCS V\u00e5ren 2025 gikk KAN &#8211; Klimakur for Avfallsforbrenning i Norge &#8211; til anskaffelse av ekstern bistand for \u00e5 f\u00e5 utarbeidet en fullstendig LCA (Life Cycle Assessment\/livsl\u00f8psvurdering) for et referanseanlegg: KAN referansa. Leveransen var klar august 2025. M\u00e5let var bl.a. \u00e5: F\u00e5 en kartlegging av hva kj\u00f8pere av karbonkreditter [&hellip;]\" \/>\n<meta property=\"og:url\" content=\"https:\/\/handbook.kanco2.no\/en\/lca\/\" \/>\n<meta property=\"og:site_name\" content=\"KAN\" \/>\n<meta property=\"article:modified_time\" content=\"2025-09-30T11:44:41+00:00\" \/>\n<meta name=\"twitter:card\" content=\"summary_large_image\" \/>\n<meta name=\"twitter:label1\" content=\"Estimated reading time\" \/>\n\t<meta name=\"twitter:data1\" content=\"1 minute\" \/>\n<script type=\"application\/ld+json\" class=\"yoast-schema-graph\">{\"@context\":\"https:\\\/\\\/schema.org\",\"@graph\":[{\"@type\":\"WebPage\",\"@id\":\"https:\\\/\\\/handbook.kanco2.no\\\/lca\\\/\",\"url\":\"https:\\\/\\\/handbook.kanco2.no\\\/lca\\\/\",\"name\":\"LCA - livsl\u00f8psvurdering - KAN\",\"isPartOf\":{\"@id\":\"https:\\\/\\\/handbook.kanco2.no\\\/#website\"},\"primaryImageOfPage\":{\"@id\":\"https:\\\/\\\/handbook.kanco2.no\\\/lca\\\/#primaryimage\"},\"image\":{\"@id\":\"https:\\\/\\\/handbook.kanco2.no\\\/lca\\\/#primaryimage\"},\"thumbnailUrl\":\"https:\\\/\\\/handbook.kanco2.no\\\/wp-content\\\/uploads\\\/2024\\\/06\\\/arrow-left-white.svg\",\"datePublished\":\"2025-09-30T09:31:51+00:00\",\"dateModified\":\"2025-09-30T11:44:41+00:00\",\"breadcrumb\":{\"@id\":\"https:\\\/\\\/handbook.kanco2.no\\\/lca\\\/#breadcrumb\"},\"inLanguage\":\"en-GB\",\"potentialAction\":[{\"@type\":\"ReadAction\",\"target\":[\"https:\\\/\\\/handbook.kanco2.no\\\/lca\\\/\"]}]},{\"@type\":\"ImageObject\",\"inLanguage\":\"en-GB\",\"@id\":\"https:\\\/\\\/handbook.kanco2.no\\\/lca\\\/#primaryimage\",\"url\":\"https:\\\/\\\/handbook.kanco2.no\\\/wp-content\\\/uploads\\\/2024\\\/06\\\/arrow-left-white.svg\",\"contentUrl\":\"https:\\\/\\\/handbook.kanco2.no\\\/wp-content\\\/uploads\\\/2024\\\/06\\\/arrow-left-white.svg\"},{\"@type\":\"BreadcrumbList\",\"@id\":\"https:\\\/\\\/handbook.kanco2.no\\\/lca\\\/#breadcrumb\",\"itemListElement\":[{\"@type\":\"ListItem\",\"position\":1,\"name\":\"Home\",\"item\":\"https:\\\/\\\/handbook.kanco2.no\\\/\"},{\"@type\":\"ListItem\",\"position\":2,\"name\":\"LCA &#8211; livsl\u00f8psvurdering\"}]},{\"@type\":\"WebSite\",\"@id\":\"https:\\\/\\\/handbook.kanco2.no\\\/#website\",\"url\":\"https:\\\/\\\/handbook.kanco2.no\\\/\",\"name\":\"KAN\",\"description\":\"\",\"publisher\":{\"@id\":\"https:\\\/\\\/handbook.kanco2.no\\\/#organization\"},\"potentialAction\":[{\"@type\":\"SearchAction\",\"target\":{\"@type\":\"EntryPoint\",\"urlTemplate\":\"https:\\\/\\\/handbook.kanco2.no\\\/?s={search_term_string}\"},\"query-input\":{\"@type\":\"PropertyValueSpecification\",\"valueRequired\":true,\"valueName\":\"search_term_string\"}}],\"inLanguage\":\"en-GB\"},{\"@type\":\"Organization\",\"@id\":\"https:\\\/\\\/handbook.kanco2.no\\\/#organization\",\"name\":\"KAN\",\"url\":\"https:\\\/\\\/handbook.kanco2.no\\\/\",\"logo\":{\"@type\":\"ImageObject\",\"inLanguage\":\"en-GB\",\"@id\":\"https:\\\/\\\/handbook.kanco2.no\\\/#\\\/schema\\\/logo\\\/image\\\/\",\"url\":\"https:\\\/\\\/handbook.kanco2.no\\\/wp-content\\\/uploads\\\/2024\\\/06\\\/KAN-logo-e1718626874781.png\",\"contentUrl\":\"https:\\\/\\\/handbook.kanco2.no\\\/wp-content\\\/uploads\\\/2024\\\/06\\\/KAN-logo-e1718626874781.png\",\"width\":389,\"height\":230,\"caption\":\"KAN\"},\"image\":{\"@id\":\"https:\\\/\\\/handbook.kanco2.no\\\/#\\\/schema\\\/logo\\\/image\\\/\"}}]}<\/script>\n<!-- \/ Yoast SEO plugin. -->","yoast_head_json":{"title":"LCA - livsl\u00f8psvurdering - KAN","robots":{"index":"index","follow":"follow","max-snippet":"max-snippet:-1","max-image-preview":"max-image-preview:large","max-video-preview":"max-video-preview:-1"},"canonical":"https:\/\/handbook.kanco2.no\/en\/lca\/","og_locale":"en_GB","og_type":"article","og_title":"LCA - livsl\u00f8psvurdering - KAN","og_description":"Kapittel 9 LCA for avfallsforbrenningsanlegg med CCS V\u00e5ren 2025 gikk KAN &#8211; Klimakur for Avfallsforbrenning i Norge &#8211; til anskaffelse av ekstern bistand for \u00e5 f\u00e5 utarbeidet en fullstendig LCA (Life Cycle Assessment\/livsl\u00f8psvurdering) for et referanseanlegg: KAN referansa. Leveransen var klar august 2025. M\u00e5let var bl.a. \u00e5: F\u00e5 en kartlegging av hva kj\u00f8pere av karbonkreditter [&hellip;]","og_url":"https:\/\/handbook.kanco2.no\/en\/lca\/","og_site_name":"KAN","article_modified_time":"2025-09-30T11:44:41+00:00","twitter_card":"summary_large_image","twitter_misc":{"Estimated reading time":"1 minute"},"schema":{"@context":"https:\/\/schema.org","@graph":[{"@type":"WebPage","@id":"https:\/\/handbook.kanco2.no\/lca\/","url":"https:\/\/handbook.kanco2.no\/lca\/","name":"LCA - livsl\u00f8psvurdering - KAN","isPartOf":{"@id":"https:\/\/handbook.kanco2.no\/#website"},"primaryImageOfPage":{"@id":"https:\/\/handbook.kanco2.no\/lca\/#primaryimage"},"image":{"@id":"https:\/\/handbook.kanco2.no\/lca\/#primaryimage"},"thumbnailUrl":"https:\/\/handbook.kanco2.no\/wp-content\/uploads\/2024\/06\/arrow-left-white.svg","datePublished":"2025-09-30T09:31:51+00:00","dateModified":"2025-09-30T11:44:41+00:00","breadcrumb":{"@id":"https:\/\/handbook.kanco2.no\/lca\/#breadcrumb"},"inLanguage":"en-GB","potentialAction":[{"@type":"ReadAction","target":["https:\/\/handbook.kanco2.no\/lca\/"]}]},{"@type":"ImageObject","inLanguage":"en-GB","@id":"https:\/\/handbook.kanco2.no\/lca\/#primaryimage","url":"https:\/\/handbook.kanco2.no\/wp-content\/uploads\/2024\/06\/arrow-left-white.svg","contentUrl":"https:\/\/handbook.kanco2.no\/wp-content\/uploads\/2024\/06\/arrow-left-white.svg"},{"@type":"BreadcrumbList","@id":"https:\/\/handbook.kanco2.no\/lca\/#breadcrumb","itemListElement":[{"@type":"ListItem","position":1,"name":"Home","item":"https:\/\/handbook.kanco2.no\/"},{"@type":"ListItem","position":2,"name":"LCA &#8211; livsl\u00f8psvurdering"}]},{"@type":"WebSite","@id":"https:\/\/handbook.kanco2.no\/#website","url":"https:\/\/handbook.kanco2.no\/","name":"KAN","description":"","publisher":{"@id":"https:\/\/handbook.kanco2.no\/#organization"},"potentialAction":[{"@type":"SearchAction","target":{"@type":"EntryPoint","urlTemplate":"https:\/\/handbook.kanco2.no\/?s={search_term_string}"},"query-input":{"@type":"PropertyValueSpecification","valueRequired":true,"valueName":"search_term_string"}}],"inLanguage":"en-GB"},{"@type":"Organization","@id":"https:\/\/handbook.kanco2.no\/#organization","name":"KAN","url":"https:\/\/handbook.kanco2.no\/","logo":{"@type":"ImageObject","inLanguage":"en-GB","@id":"https:\/\/handbook.kanco2.no\/#\/schema\/logo\/image\/","url":"https:\/\/handbook.kanco2.no\/wp-content\/uploads\/2024\/06\/KAN-logo-e1718626874781.png","contentUrl":"https:\/\/handbook.kanco2.no\/wp-content\/uploads\/2024\/06\/KAN-logo-e1718626874781.png","width":389,"height":230,"caption":"KAN"},"image":{"@id":"https:\/\/handbook.kanco2.no\/#\/schema\/logo\/image\/"}}]}},"_links":{"self":[{"href":"https:\/\/handbook.kanco2.no\/en\/wp-json\/wp\/v2\/pages\/2494","targetHints":{"allow":["GET"]}}],"collection":[{"href":"https:\/\/handbook.kanco2.no\/en\/wp-json\/wp\/v2\/pages"}],"about":[{"href":"https:\/\/handbook.kanco2.no\/en\/wp-json\/wp\/v2\/types\/page"}],"author":[{"embeddable":true,"href":"https:\/\/handbook.kanco2.no\/en\/wp-json\/wp\/v2\/users\/1"}],"replies":[{"embeddable":true,"href":"https:\/\/handbook.kanco2.no\/en\/wp-json\/wp\/v2\/comments?post=2494"}],"version-history":[{"count":9,"href":"https:\/\/handbook.kanco2.no\/en\/wp-json\/wp\/v2\/pages\/2494\/revisions"}],"predecessor-version":[{"id":2552,"href":"https:\/\/handbook.kanco2.no\/en\/wp-json\/wp\/v2\/pages\/2494\/revisions\/2552"}],"wp:attachment":[{"href":"https:\/\/handbook.kanco2.no\/en\/wp-json\/wp\/v2\/media?parent=2494"}],"curies":[{"name":"wp","href":"https:\/\/api.w.org\/{rel}","templated":true}]}}