{"id":322,"date":"2024-06-19T14:20:20","date_gmt":"2024-06-19T12:20:20","guid":{"rendered":"https:\/\/handbook.kanco2.no\/?page_id=322"},"modified":"2024-08-15T14:02:39","modified_gmt":"2024-08-15T12:02:39","slug":"benchmark-of-co2-capture-technologies","status":"publish","type":"page","link":"https:\/\/handbook.kanco2.no\/en\/benchmark-for-et-co2-fangstanlegg\/benchmark-av-co2-fangst-teknologier\/","title":{"rendered":"Benchmark of CO2 capture technologies"},"content":{"rendered":"<div class=\"wp-block-group alignfull eplus-wrapper has-global-padding is-layout-constrained wp-block-group-is-layout-constrained\" style=\"padding-top:0;padding-bottom:0\">\n<div style=\"height:50px\" aria-hidden=\"true\" class=\"wp-block-spacer hide-mobile\"><\/div>\n\n\n\n<div style=\"height:200px\" aria-hidden=\"true\" class=\"wp-block-spacer\"><\/div>\n\n\n\n<div style=\"height:50px\" aria-hidden=\"true\" class=\"wp-block-spacer hide-mobile\"><\/div>\n\n\n\n<div class=\"wp-block-group alignwide eplus-wrapper has-light-blue-3-background-color has-background has-global-padding is-layout-constrained wp-container-core-group-is-layout-52009084 wp-block-group-is-layout-constrained\" style=\"border-radius:15px;padding-top:var(--wp--preset--spacing--40);padding-right:var(--wp--preset--spacing--40);padding-bottom:var(--wp--preset--spacing--40);padding-left:var(--wp--preset--spacing--40)\">\n<div class=\"wp-block-columns eplus-wrapper is-layout-flex wp-container-core-columns-is-layout-28f84493 wp-block-columns-is-layout-flex\">\n<div class=\"wp-block-column is-layout-flow wp-block-column-is-layout-flow\" style=\"flex-basis:2%\"><\/div>\n\n\n\n<div class=\"wp-block-column is-vertically-aligned-center eplus-wrapper is-layout-flow wp-block-column-is-layout-flow\" style=\"flex-basis:80%\">\n<p class=\"eplus-wrapper\">Chapter 2<\/p>\n\n\n<h2 class=\"wp-block-post-title has-x-large-font-size\">Benchmark of CO2 capture technologies<\/h2><\/div>\n\n\n\n<div class=\"wp-block-column is-layout-flow wp-block-column-is-layout-flow\" style=\"flex-basis:5%\"><\/div>\n\n\n\n<div class=\"wp-block-column is-vertically-aligned-bottom eplus-wrapper is-layout-flow wp-block-column-is-layout-flow\" style=\"flex-basis:15%\">\n<figure class=\"wp-block-image size-large is-resized\"><img loading=\"lazy\" decoding=\"async\" width=\"331\" height=\"331\" src=\"https:\/\/handbook.kanco2.no\/wp-content\/uploads\/2024\/07\/incinerator-factory.svg\" alt=\"\" class=\"wp-image-1224\" style=\"width:112px;height:auto\"\/><\/figure>\n<\/div>\n\n\n\n<div class=\"wp-block-column is-layout-flow wp-block-column-is-layout-flow\" style=\"flex-basis:2%\"><\/div>\n<\/div>\n<\/div>\n<\/div>\n\n\n\n<div class=\"wp-block-group alignfull has-global-padding is-layout-constrained wp-block-group-is-layout-constrained\">\n<div class=\"wp-block-group alignfull has-global-padding is-layout-constrained wp-block-group-is-layout-constrained\">\n<div class=\"wp-block-columns alignwide is-layout-flex wp-container-core-columns-is-layout-4fb53a65 wp-block-columns-is-layout-flex\" style=\"margin-bottom:var(--wp--preset--spacing--40);padding-top:var(--wp--preset--spacing--50)\">\n<div class=\"wp-block-column is-layout-flow wp-block-column-is-layout-flow\" style=\"padding-top:0;padding-right:0;padding-bottom:0;padding-left:0;flex-basis:35%\">\n<div class=\"wp-block-columns has-light-blue-1-background-color has-background is-layout-flex wp-container-core-columns-is-layout-7abde1fe wp-block-columns-is-layout-flex\" style=\"padding-top:var(--wp--preset--spacing--40);padding-bottom:var(--wp--preset--spacing--40)\">\n<div class=\"wp-block-column is-layout-flow wp-block-column-is-layout-flow\">\n<div class=\"wp-block-group is-layout-flow wp-container-core-group-is-layout-0ba1ad86 wp-block-group-is-layout-flow\" style=\"padding-right:0;padding-left:0\">\n<div class=\"wp-block-group has-global-padding is-layout-constrained wp-container-core-group-is-layout-5ad7779d wp-block-group-is-layout-constrained\">\n<div class=\"wp-block-group is-vertical is-content-justification-left is-layout-flex wp-container-core-group-is-layout-2b4f249d wp-block-group-is-layout-flex\">\n<h2 class=\"wp-block-heading has-text-align-left\" style=\"font-size:clamp(1.039rem, 1.039rem + ((1vw - 0.2rem) * 0.712), 1.6rem);\">Chapter 2<\/h2>\n\n\n\n<div style=\"height:28px\" aria-hidden=\"true\" class=\"wp-block-spacer wp-container-content-b0b89ccb\"><\/div>\n<\/div>\n\n\n\n<div class=\"wp-block-buttons is-vertical is-layout-flex wp-container-core-buttons-is-layout-b6775ab2 wp-block-buttons-is-layout-flex\">\n<div class=\"wp-block-button\"><a class=\"wp-block-button__link has-light-blue-3-background-color has-background wp-element-button\" href=\"https:\/\/handbook.kanco2.no\/en\/benchmark-for-a-co2-capture-plant\/reference-plant-for-waste-incineration-with-co2-capture\/\">Reference plant for waste incineration with CO2 capture<\/a><\/div>\n\n\n\n<div class=\"wp-block-button\"><a class=\"wp-block-button__link has-light-blue-3-background-color has-background wp-element-button\" href=\"https:\/\/handbook.kanco2.no\/en\/benchmark-for-a-co2-capture-plant\/benchmark-of-co2-capture-technologies\/\">Benchmark of CO2 capture technologies<\/a><\/div>\n\n\n\n<div class=\"wp-block-button\"><a class=\"wp-block-button__link has-light-blue-3-background-color has-background wp-element-button\" href=\"https:\/\/handbook.kanco2.no\/en\/benchmark-for-a-co2-capture-plant\/co2-capture-technologies\/\">CO2 capture technologies<\/a><\/div>\n\n\n\n<div class=\"wp-block-button\"><a class=\"wp-block-button__link has-light-blue-3-background-color has-background wp-element-button\" href=\"https:\/\/handbook.kanco2.no\/en\/benchmark-for-a-co2-capture-plant\/suppliers-of-co2-capture-plants-and-technologies\/\">Suppliers of CO2 capture plants and technologies<\/a><\/div>\n\n\n\n<div class=\"wp-block-button\"><a class=\"wp-block-button__link has-light-blue-3-background-color has-background wp-element-button\" href=\"https:\/\/handbook.kanco2.no\/en\/benchmark-for-a-co2-capture-plant\/summing-up-technologies\/\">Summing up technologies<\/a><\/div>\n<\/div>\n<\/div>\n<\/div>\n<\/div>\n<\/div>\n<\/div>\n\n\n\n<div class=\"wp-block-column is-layout-flow wp-block-column-is-layout-flow\" style=\"flex-basis:5%\"><\/div>\n\n\n\n<div class=\"wp-block-column is-layout-flow wp-block-column-is-layout-flow\" style=\"flex-basis:60%\">\n<main class=\"wp-block-group has-global-padding is-layout-constrained wp-block-group-is-layout-constrained\">\n<h3 class=\"wp-block-heading\">Restriction<\/h3>\n\n\n\n<p>This benchmark applies to facilities that fuel household and commercial waste, as well as recycled wood. The benchmark also covers plants that generate clean bioenergy such as wood chips, GROT, and other types of bioenergy.&nbsp;<\/p>\n\n\n\n<p>Benchmark is adapted to Norwegian conditions but will also have relevance outside Norway.<\/p>\n\n\n\n<h3 class=\"wp-block-heading\">Target group<\/h3>\n\n\n\n<p>This benchmark aims to provide an opportunity to compare ongoing carbon capture plants in Norway. Benchmark has been developed based on data from several of the largest players globally, as well as several players locally, for comparison of both own and others' projects. The benchmark has been developed for use in the individual ongoing and future carbon capture projects.<\/p>\n\n\n\n<h3 class=\"wp-block-heading\">Demand for information from suppliers <\/h3>\n\n\n\n<p>A standardized approach has been used to obtain information from suppliers. A contact log has also been kept for initial contact with the suppliers.&nbsp;<\/p>\n\n\n\n<p>Details of this are attached to the report and include standardized mail, log of communication and design basis for \"KAN Referansa\".<\/p>\n\n\n\n<h3 class=\"wp-block-heading\">Benchmark of technologies<\/h3>\n\n\n\n<p>In order to benchmark suppliers against Referansa and present an objective comparison, there are certain necessary criteria that were not met in this work. These include the sufficient participation of several suppliers, the desire of suppliers to avoid disclosure of intellectual property, as well as available time within the project frameworks.&nbsp;<\/p>\n\n\n\n<p>Benchmark is therefore developed on technologies based on data obtained from suppliers, as well as available literature and dialogue with independent expertise.<\/p>\n\n\n\n<div style=\"height:40px\" aria-hidden=\"true\" class=\"wp-block-spacer\"><\/div>\n\n\n\n<p><strong>Criteria considered:<\/strong><\/p>\n\n\n\n<ul class=\"wp-block-list\">\n<li>TRL specific to waste incineration (matrix attached)<\/li>\n\n\n\n<li>CO2 concentration on flue gas for which technology is suitable<\/li>\n\n\n\n<li>Main source of energy for the capture process<\/li>\n\n\n\n<li>Energy demand Heat<\/li>\n\n\n\n<li>Energy demand Electric<\/li>\n\n\n\n<li>Potential for harmful emissions to air<\/li>\n\n\n\n<li>Potential for heat recovery<\/li>\n\n\n\n<li>Amount of waste heat<\/li>\n\n\n\n<li>Cooling requirements<\/li>\n\n\n\n<li>Footprint<\/li>\n\n\n\n<li>Assumed Relative cost<\/li>\n\n\n\n<li>Overall assessment of whether the technology is suitable for use on waste incineration<\/li>\n<\/ul>\n\n\n\n<div style=\"height:50px\" aria-hidden=\"true\" class=\"wp-block-spacer\"><\/div>\n<\/main>\n<\/div>\n<\/div>\n<\/div>\n<\/div>\n\n\n\n<div class=\"wp-block-group alignfull has-medium-green-background-color has-background has-global-padding is-layout-constrained wp-container-core-group-is-layout-05278918 wp-block-group-is-layout-constrained\" style=\"padding-top:var(--wp--preset--spacing--30);padding-right:var(--wp--preset--spacing--10);padding-bottom:var(--wp--preset--spacing--30);padding-left:var(--wp--preset--spacing--10)\">\n<div style=\"height:50px\" aria-hidden=\"true\" class=\"wp-block-spacer\"><\/div>\n\n\n\n<div style=\"height:50px\" aria-hidden=\"true\" class=\"wp-block-spacer hide-mobile\"><\/div>\n\n\n\n<div class=\"wp-block-group has-global-padding is-layout-constrained wp-block-group-is-layout-constrained\">\n<div class=\"wp-block-columns bottom-nav-boxes has-dark-green-background-color has-background is-layout-flex wp-container-core-columns-is-layout-9a58509f wp-block-columns-is-layout-flex\" style=\"padding-top:var(--wp--preset--spacing--30);padding-right:var(--wp--preset--spacing--40);padding-bottom:var(--wp--preset--spacing--30);padding-left:var(--wp--preset--spacing--40)\">\n<div class=\"wp-block-column line is-layout-flow wp-block-column-is-layout-flow\" style=\"border-right-width:1px;padding-top:var(--wp--preset--spacing--30);padding-right:var(--wp--preset--spacing--40);padding-bottom:var(--wp--preset--spacing--30);padding-left:var(--wp--preset--spacing--40)\">\n<h4 class=\"wp-block-heading has-text-align-right has-white-color has-text-color has-link-color wp-elements-0a1d41edf121ef51d654e2cd17dcbc57\"><a href=\"https:\/\/handbook.kanco2.no\/en\/benchmark-for-a-co2-capture-plant\/reference-plant-for-waste-incineration-with-co2-capture\/\" data-type=\"page\" data-id=\"211\">Reference plant for waste incineration with CO2 capture<\/a><\/h4>\n\n\n\n<h4 class=\"wp-block-heading has-text-align-right has-white-color has-text-color has-link-color wp-elements-a48e9dd2add2bccb94d1f6e9faef83b4\"><a href=\"https:\/\/handbook.kanco2.no\/en\/benchmark-for-a-co2-capture-plant\/reference-plant-for-waste-incineration-with-co2-capture\/\" data-type=\"page\" data-id=\"211\"><img loading=\"lazy\" decoding=\"async\" width=\"24\" height=\"15\" class=\"wp-image-518\" style=\"width: 24px;\" src=\"https:\/\/handbook.kanco2.no\/wp-content\/uploads\/2024\/06\/arrow-left-white.svg\" alt=\"\"><\/a><\/h4>\n<\/div>\n\n\n\n<div class=\"wp-block-column has-border-color has-white-border-color is-layout-flow wp-block-column-is-layout-flow\" style=\"border-width:1px;flex-basis:1px\"><\/div>\n\n\n\n<div class=\"wp-block-column is-layout-flow wp-block-column-is-layout-flow\" style=\"padding-top:var(--wp--preset--spacing--30);padding-right:var(--wp--preset--spacing--30);padding-bottom:var(--wp--preset--spacing--30);padding-left:var(--wp--preset--spacing--30)\">\n<h4 class=\"wp-block-heading has-white-color has-text-color has-link-color wp-elements-ff88b68d137e49b83c3ba652c1b5effa\"><a href=\"https:\/\/handbook.kanco2.no\/en\/benchmark-for-a-co2-capture-plant\/co2-capture-technologies\/\" data-type=\"page\" data-id=\"324\">CO2 capture technologies<\/a><\/h4>\n\n\n\n<h4 class=\"wp-block-heading has-white-color has-text-color has-link-color wp-elements-1f656e7d6972fc18d82fd36058d136a0\"><a href=\"https:\/\/handbook.kanco2.no\/en\/benchmark-for-a-co2-capture-plant\/co2-capture-technologies\/\" data-type=\"page\" data-id=\"324\"><img loading=\"lazy\" decoding=\"async\" width=\"24\" height=\"15\" class=\"wp-image-60\" style=\"width: 24px;\" src=\"https:\/\/handbook.kanco2.no\/wp-content\/uploads\/2024\/06\/arrow-right-white.svg\" alt=\"\"><\/a><\/h4>\n<\/div>\n<\/div>\n<\/div>\n\n\n\n<div style=\"height:50px\" aria-hidden=\"true\" class=\"wp-block-spacer\"><\/div>\n\n\n\n<div style=\"height:50px\" aria-hidden=\"true\" class=\"wp-block-spacer hide-mobile\"><\/div>\n<\/div>","protected":false},"excerpt":{"rendered":"<p>Kapittel 2 Avgrensning Denne benchmark gjelder for anlegg som forbrenner husholdnings- og n\u00e6ringsavfall, samt returtre. Benchmark er ogs\u00e5 dekkende for anlegg som brenner ren bioenergi som flis, GROT, og annen type bioenergi.&nbsp; Benchmark er tilpasset norske forhold, men vil ogs\u00e5 ha relevans utenfor Norge. M\u00e5lgruppe Denne benchmark har til hensikt \u00e5 gi en mulighet for [&hellip;]<\/p>\n","protected":false},"author":1,"featured_media":0,"parent":208,"menu_order":0,"comment_status":"closed","ping_status":"closed","template":"","meta":{"_editorskit_title_hidden":false,"_editorskit_reading_time":0,"_editorskit_is_block_options_detached":false,"_editorskit_block_options_position":"{}","inline_featured_image":false,"footnotes":""},"class_list":["post-322","page","type-page","status-publish","hentry"],"featured_image_src":null,"yoast_head":"<!-- This site is optimized with the Yoast SEO plugin v27.4 - https:\/\/yoast.com\/product\/yoast-seo-wordpress\/ -->\n<title>Benchmark av CO2-fangst teknologier - KAN<\/title>\n<meta name=\"robots\" content=\"index, follow, max-snippet:-1, max-image-preview:large, max-video-preview:-1\" \/>\n<link rel=\"canonical\" href=\"https:\/\/handbook.kanco2.no\/en\/benchmark-for-a-co2-capture-plant\/benchmark-of-co2-capture-technologies\/\" \/>\n<meta property=\"og:locale\" content=\"en_GB\" \/>\n<meta property=\"og:type\" content=\"article\" \/>\n<meta property=\"og:title\" content=\"Benchmark av CO2-fangst teknologier - KAN\" \/>\n<meta property=\"og:description\" content=\"Kapittel 2 Avgrensning Denne benchmark gjelder for anlegg som forbrenner husholdnings- og n\u00e6ringsavfall, samt returtre. Benchmark er ogs\u00e5 dekkende for anlegg som brenner ren bioenergi som flis, GROT, og annen type bioenergi.&nbsp; Benchmark er tilpasset norske forhold, men vil ogs\u00e5 ha relevans utenfor Norge. M\u00e5lgruppe Denne benchmark har til hensikt \u00e5 gi en mulighet for [&hellip;]\" \/>\n<meta property=\"og:url\" content=\"https:\/\/handbook.kanco2.no\/en\/benchmark-for-a-co2-capture-plant\/benchmark-of-co2-capture-technologies\/\" \/>\n<meta property=\"og:site_name\" content=\"KAN\" \/>\n<meta property=\"article:modified_time\" content=\"2024-08-15T12:02:39+00:00\" \/>\n<meta property=\"og:image\" content=\"https:\/\/handbook.kanco2.no\/wp-content\/uploads\/2024\/07\/incinerator-factory.svg\" \/>\n<meta name=\"twitter:card\" content=\"summary_large_image\" \/>\n<meta name=\"twitter:label1\" content=\"Estimated reading time\" \/>\n\t<meta name=\"twitter:data1\" content=\"5 minutes\" \/>\n<script type=\"application\/ld+json\" class=\"yoast-schema-graph\">{\"@context\":\"https:\\\/\\\/schema.org\",\"@graph\":[{\"@type\":\"WebPage\",\"@id\":\"https:\\\/\\\/handbook.kanco2.no\\\/benchmark-for-et-co2-fangstanlegg\\\/benchmark-av-co2-fangst-teknologier\\\/\",\"url\":\"https:\\\/\\\/handbook.kanco2.no\\\/benchmark-for-et-co2-fangstanlegg\\\/benchmark-av-co2-fangst-teknologier\\\/\",\"name\":\"Benchmark av CO2-fangst teknologier - KAN\",\"isPartOf\":{\"@id\":\"https:\\\/\\\/handbook.kanco2.no\\\/#website\"},\"primaryImageOfPage\":{\"@id\":\"https:\\\/\\\/handbook.kanco2.no\\\/benchmark-for-et-co2-fangstanlegg\\\/benchmark-av-co2-fangst-teknologier\\\/#primaryimage\"},\"image\":{\"@id\":\"https:\\\/\\\/handbook.kanco2.no\\\/benchmark-for-et-co2-fangstanlegg\\\/benchmark-av-co2-fangst-teknologier\\\/#primaryimage\"},\"thumbnailUrl\":\"https:\\\/\\\/handbook.kanco2.no\\\/wp-content\\\/uploads\\\/2024\\\/07\\\/incinerator-factory.svg\",\"datePublished\":\"2024-06-19T12:20:20+00:00\",\"dateModified\":\"2024-08-15T12:02:39+00:00\",\"breadcrumb\":{\"@id\":\"https:\\\/\\\/handbook.kanco2.no\\\/benchmark-for-et-co2-fangstanlegg\\\/benchmark-av-co2-fangst-teknologier\\\/#breadcrumb\"},\"inLanguage\":\"en-GB\",\"potentialAction\":[{\"@type\":\"ReadAction\",\"target\":[\"https:\\\/\\\/handbook.kanco2.no\\\/benchmark-for-et-co2-fangstanlegg\\\/benchmark-av-co2-fangst-teknologier\\\/\"]}]},{\"@type\":\"ImageObject\",\"inLanguage\":\"en-GB\",\"@id\":\"https:\\\/\\\/handbook.kanco2.no\\\/benchmark-for-et-co2-fangstanlegg\\\/benchmark-av-co2-fangst-teknologier\\\/#primaryimage\",\"url\":\"https:\\\/\\\/handbook.kanco2.no\\\/wp-content\\\/uploads\\\/2024\\\/07\\\/incinerator-factory.svg\",\"contentUrl\":\"https:\\\/\\\/handbook.kanco2.no\\\/wp-content\\\/uploads\\\/2024\\\/07\\\/incinerator-factory.svg\"},{\"@type\":\"BreadcrumbList\",\"@id\":\"https:\\\/\\\/handbook.kanco2.no\\\/benchmark-for-et-co2-fangstanlegg\\\/benchmark-av-co2-fangst-teknologier\\\/#breadcrumb\",\"itemListElement\":[{\"@type\":\"ListItem\",\"position\":1,\"name\":\"Home\",\"item\":\"https:\\\/\\\/handbook.kanco2.no\\\/\"},{\"@type\":\"ListItem\",\"position\":2,\"name\":\"Benchmark for et CO2-fangstanlegg\",\"item\":\"https:\\\/\\\/handbook.kanco2.no\\\/benchmark-for-et-co2-fangstanlegg\\\/\"},{\"@type\":\"ListItem\",\"position\":3,\"name\":\"Benchmark av CO2-fangst teknologier\"}]},{\"@type\":\"WebSite\",\"@id\":\"https:\\\/\\\/handbook.kanco2.no\\\/#website\",\"url\":\"https:\\\/\\\/handbook.kanco2.no\\\/\",\"name\":\"KAN\",\"description\":\"\",\"publisher\":{\"@id\":\"https:\\\/\\\/handbook.kanco2.no\\\/#organization\"},\"potentialAction\":[{\"@type\":\"SearchAction\",\"target\":{\"@type\":\"EntryPoint\",\"urlTemplate\":\"https:\\\/\\\/handbook.kanco2.no\\\/?s={search_term_string}\"},\"query-input\":{\"@type\":\"PropertyValueSpecification\",\"valueRequired\":true,\"valueName\":\"search_term_string\"}}],\"inLanguage\":\"en-GB\"},{\"@type\":\"Organization\",\"@id\":\"https:\\\/\\\/handbook.kanco2.no\\\/#organization\",\"name\":\"KAN\",\"url\":\"https:\\\/\\\/handbook.kanco2.no\\\/\",\"logo\":{\"@type\":\"ImageObject\",\"inLanguage\":\"en-GB\",\"@id\":\"https:\\\/\\\/handbook.kanco2.no\\\/#\\\/schema\\\/logo\\\/image\\\/\",\"url\":\"https:\\\/\\\/handbook.kanco2.no\\\/wp-content\\\/uploads\\\/2024\\\/06\\\/KAN-logo-e1718626874781.png\",\"contentUrl\":\"https:\\\/\\\/handbook.kanco2.no\\\/wp-content\\\/uploads\\\/2024\\\/06\\\/KAN-logo-e1718626874781.png\",\"width\":389,\"height\":230,\"caption\":\"KAN\"},\"image\":{\"@id\":\"https:\\\/\\\/handbook.kanco2.no\\\/#\\\/schema\\\/logo\\\/image\\\/\"}}]}<\/script>\n<!-- \/ Yoast SEO plugin. -->","yoast_head_json":{"title":"Benchmark av CO2-fangst teknologier - KAN","robots":{"index":"index","follow":"follow","max-snippet":"max-snippet:-1","max-image-preview":"max-image-preview:large","max-video-preview":"max-video-preview:-1"},"canonical":"https:\/\/handbook.kanco2.no\/en\/benchmark-for-a-co2-capture-plant\/benchmark-of-co2-capture-technologies\/","og_locale":"en_GB","og_type":"article","og_title":"Benchmark av CO2-fangst teknologier - KAN","og_description":"Kapittel 2 Avgrensning Denne benchmark gjelder for anlegg som forbrenner husholdnings- og n\u00e6ringsavfall, samt returtre. Benchmark er ogs\u00e5 dekkende for anlegg som brenner ren bioenergi som flis, GROT, og annen type bioenergi.&nbsp; Benchmark er tilpasset norske forhold, men vil ogs\u00e5 ha relevans utenfor Norge. M\u00e5lgruppe Denne benchmark har til hensikt \u00e5 gi en mulighet for [&hellip;]","og_url":"https:\/\/handbook.kanco2.no\/en\/benchmark-for-a-co2-capture-plant\/benchmark-of-co2-capture-technologies\/","og_site_name":"KAN","article_modified_time":"2024-08-15T12:02:39+00:00","og_image":[{"url":"https:\/\/handbook.kanco2.no\/wp-content\/uploads\/2024\/07\/incinerator-factory.svg","type":"","width":"","height":""}],"twitter_card":"summary_large_image","twitter_misc":{"Estimated reading time":"5 minutes"},"schema":{"@context":"https:\/\/schema.org","@graph":[{"@type":"WebPage","@id":"https:\/\/handbook.kanco2.no\/benchmark-for-et-co2-fangstanlegg\/benchmark-av-co2-fangst-teknologier\/","url":"https:\/\/handbook.kanco2.no\/benchmark-for-et-co2-fangstanlegg\/benchmark-av-co2-fangst-teknologier\/","name":"Benchmark av CO2-fangst teknologier - KAN","isPartOf":{"@id":"https:\/\/handbook.kanco2.no\/#website"},"primaryImageOfPage":{"@id":"https:\/\/handbook.kanco2.no\/benchmark-for-et-co2-fangstanlegg\/benchmark-av-co2-fangst-teknologier\/#primaryimage"},"image":{"@id":"https:\/\/handbook.kanco2.no\/benchmark-for-et-co2-fangstanlegg\/benchmark-av-co2-fangst-teknologier\/#primaryimage"},"thumbnailUrl":"https:\/\/handbook.kanco2.no\/wp-content\/uploads\/2024\/07\/incinerator-factory.svg","datePublished":"2024-06-19T12:20:20+00:00","dateModified":"2024-08-15T12:02:39+00:00","breadcrumb":{"@id":"https:\/\/handbook.kanco2.no\/benchmark-for-et-co2-fangstanlegg\/benchmark-av-co2-fangst-teknologier\/#breadcrumb"},"inLanguage":"en-GB","potentialAction":[{"@type":"ReadAction","target":["https:\/\/handbook.kanco2.no\/benchmark-for-et-co2-fangstanlegg\/benchmark-av-co2-fangst-teknologier\/"]}]},{"@type":"ImageObject","inLanguage":"en-GB","@id":"https:\/\/handbook.kanco2.no\/benchmark-for-et-co2-fangstanlegg\/benchmark-av-co2-fangst-teknologier\/#primaryimage","url":"https:\/\/handbook.kanco2.no\/wp-content\/uploads\/2024\/07\/incinerator-factory.svg","contentUrl":"https:\/\/handbook.kanco2.no\/wp-content\/uploads\/2024\/07\/incinerator-factory.svg"},{"@type":"BreadcrumbList","@id":"https:\/\/handbook.kanco2.no\/benchmark-for-et-co2-fangstanlegg\/benchmark-av-co2-fangst-teknologier\/#breadcrumb","itemListElement":[{"@type":"ListItem","position":1,"name":"Home","item":"https:\/\/handbook.kanco2.no\/"},{"@type":"ListItem","position":2,"name":"Benchmark for et CO2-fangstanlegg","item":"https:\/\/handbook.kanco2.no\/benchmark-for-et-co2-fangstanlegg\/"},{"@type":"ListItem","position":3,"name":"Benchmark av CO2-fangst teknologier"}]},{"@type":"WebSite","@id":"https:\/\/handbook.kanco2.no\/#website","url":"https:\/\/handbook.kanco2.no\/","name":"KAN","description":"","publisher":{"@id":"https:\/\/handbook.kanco2.no\/#organization"},"potentialAction":[{"@type":"SearchAction","target":{"@type":"EntryPoint","urlTemplate":"https:\/\/handbook.kanco2.no\/?s={search_term_string}"},"query-input":{"@type":"PropertyValueSpecification","valueRequired":true,"valueName":"search_term_string"}}],"inLanguage":"en-GB"},{"@type":"Organization","@id":"https:\/\/handbook.kanco2.no\/#organization","name":"KAN","url":"https:\/\/handbook.kanco2.no\/","logo":{"@type":"ImageObject","inLanguage":"en-GB","@id":"https:\/\/handbook.kanco2.no\/#\/schema\/logo\/image\/","url":"https:\/\/handbook.kanco2.no\/wp-content\/uploads\/2024\/06\/KAN-logo-e1718626874781.png","contentUrl":"https:\/\/handbook.kanco2.no\/wp-content\/uploads\/2024\/06\/KAN-logo-e1718626874781.png","width":389,"height":230,"caption":"KAN"},"image":{"@id":"https:\/\/handbook.kanco2.no\/#\/schema\/logo\/image\/"}}]}},"_links":{"self":[{"href":"https:\/\/handbook.kanco2.no\/en\/wp-json\/wp\/v2\/pages\/322","targetHints":{"allow":["GET"]}}],"collection":[{"href":"https:\/\/handbook.kanco2.no\/en\/wp-json\/wp\/v2\/pages"}],"about":[{"href":"https:\/\/handbook.kanco2.no\/en\/wp-json\/wp\/v2\/types\/page"}],"author":[{"embeddable":true,"href":"https:\/\/handbook.kanco2.no\/en\/wp-json\/wp\/v2\/users\/1"}],"replies":[{"embeddable":true,"href":"https:\/\/handbook.kanco2.no\/en\/wp-json\/wp\/v2\/comments?post=322"}],"version-history":[{"count":19,"href":"https:\/\/handbook.kanco2.no\/en\/wp-json\/wp\/v2\/pages\/322\/revisions"}],"predecessor-version":[{"id":2398,"href":"https:\/\/handbook.kanco2.no\/en\/wp-json\/wp\/v2\/pages\/322\/revisions\/2398"}],"up":[{"embeddable":true,"href":"https:\/\/handbook.kanco2.no\/en\/wp-json\/wp\/v2\/pages\/208"}],"wp:attachment":[{"href":"https:\/\/handbook.kanco2.no\/en\/wp-json\/wp\/v2\/media?parent=322"}],"curies":[{"name":"wp","href":"https:\/\/api.w.org\/{rel}","templated":true}]}}