{"id":328,"date":"2024-06-19T14:21:23","date_gmt":"2024-06-19T12:21:23","guid":{"rendered":"https:\/\/handbook.kanco2.no\/?page_id=328"},"modified":"2024-08-15T13:47:10","modified_gmt":"2024-08-15T11:47:10","slug":"summing-up-technologies","status":"publish","type":"page","link":"https:\/\/handbook.kanco2.no\/en\/benchmark-for-et-co2-fangstanlegg\/oppsummering-teknologier\/","title":{"rendered":"Summing up technologies"},"content":{"rendered":"<div class=\"wp-block-group alignfull eplus-wrapper has-global-padding is-layout-constrained wp-block-group-is-layout-constrained\" style=\"padding-top:0;padding-bottom:0\">\n<div style=\"height:200px\" aria-hidden=\"true\" class=\"wp-block-spacer\"><\/div>\n\n\n\n<div style=\"height:50px\" aria-hidden=\"true\" class=\"wp-block-spacer hide-mobile\"><\/div>\n\n\n\n<div class=\"wp-block-group alignwide eplus-wrapper has-light-blue-3-background-color has-background has-global-padding is-layout-constrained wp-container-core-group-is-layout-52009084 wp-block-group-is-layout-constrained\" style=\"border-radius:15px;padding-top:var(--wp--preset--spacing--40);padding-right:var(--wp--preset--spacing--40);padding-bottom:var(--wp--preset--spacing--40);padding-left:var(--wp--preset--spacing--40)\">\n<div class=\"wp-block-columns eplus-wrapper is-layout-flex wp-container-core-columns-is-layout-28f84493 wp-block-columns-is-layout-flex\">\n<div class=\"wp-block-column is-layout-flow wp-block-column-is-layout-flow\" style=\"flex-basis:2%\"><\/div>\n\n\n\n<div class=\"wp-block-column is-vertically-aligned-center eplus-wrapper is-layout-flow wp-block-column-is-layout-flow\" style=\"flex-basis:80%\">\n<p class=\"eplus-wrapper\">Chapter 2<\/p>\n\n\n<h2 class=\"wp-block-post-title has-x-large-font-size\">Summing up technologies<\/h2><\/div>\n\n\n\n<div class=\"wp-block-column is-layout-flow wp-block-column-is-layout-flow\" style=\"flex-basis:5%\"><\/div>\n\n\n\n<div class=\"wp-block-column is-vertically-aligned-bottom eplus-wrapper is-layout-flow wp-block-column-is-layout-flow\" style=\"flex-basis:15%\">\n<figure class=\"wp-block-image size-large is-resized\"><img loading=\"lazy\" decoding=\"async\" width=\"205\" height=\"259\" src=\"https:\/\/handbook.kanco2.no\/wp-content\/uploads\/2024\/07\/summary.svg\" alt=\"\" class=\"wp-image-1258\" style=\"width:61px;height:auto\"\/><\/figure>\n<\/div>\n\n\n\n<div class=\"wp-block-column is-layout-flow wp-block-column-is-layout-flow\" style=\"flex-basis:2%\"><\/div>\n<\/div>\n<\/div>\n<\/div>\n\n\n\n<div class=\"wp-block-group alignfull has-global-padding is-layout-constrained wp-block-group-is-layout-constrained\">\n<div class=\"wp-block-group alignfull has-global-padding is-layout-constrained wp-block-group-is-layout-constrained\">\n<div class=\"wp-block-columns alignwide is-layout-flex wp-container-core-columns-is-layout-4fb53a65 wp-block-columns-is-layout-flex\" style=\"margin-bottom:var(--wp--preset--spacing--40);padding-top:var(--wp--preset--spacing--50)\">\n<div class=\"wp-block-column is-layout-flow wp-block-column-is-layout-flow\" style=\"padding-top:0;padding-right:0;padding-bottom:0;padding-left:0;flex-basis:35%\">\n<div class=\"wp-block-columns has-light-blue-1-background-color has-background is-layout-flex wp-container-core-columns-is-layout-7abde1fe wp-block-columns-is-layout-flex\" style=\"padding-top:var(--wp--preset--spacing--40);padding-bottom:var(--wp--preset--spacing--40)\">\n<div class=\"wp-block-column is-layout-flow wp-block-column-is-layout-flow\">\n<div class=\"wp-block-group is-layout-flow wp-container-core-group-is-layout-0ba1ad86 wp-block-group-is-layout-flow\" style=\"padding-right:0;padding-left:0\">\n<div class=\"wp-block-group has-global-padding is-layout-constrained wp-container-core-group-is-layout-5ad7779d wp-block-group-is-layout-constrained\">\n<div class=\"wp-block-group is-vertical is-content-justification-left is-layout-flex wp-container-core-group-is-layout-2b4f249d wp-block-group-is-layout-flex\">\n<h2 class=\"wp-block-heading has-text-align-left\" style=\"font-size:clamp(1.039rem, 1.039rem + ((1vw - 0.2rem) * 0.712), 1.6rem);\">Chapter 2<\/h2>\n\n\n\n<div style=\"height:28px\" aria-hidden=\"true\" class=\"wp-block-spacer wp-container-content-b0b89ccb\"><\/div>\n<\/div>\n\n\n\n<div class=\"wp-block-buttons is-vertical is-layout-flex wp-container-core-buttons-is-layout-b6775ab2 wp-block-buttons-is-layout-flex\">\n<div class=\"wp-block-button\"><a class=\"wp-block-button__link has-light-blue-3-background-color has-background wp-element-button\" href=\"https:\/\/handbook.kanco2.no\/en\/benchmark-for-a-co2-capture-plant\/reference-plant-for-waste-incineration-with-co2-capture\/\">Reference plant for waste incineration with CO2 capture<\/a><\/div>\n\n\n\n<div class=\"wp-block-button\"><a class=\"wp-block-button__link has-light-blue-3-background-color has-background wp-element-button\" href=\"https:\/\/handbook.kanco2.no\/en\/benchmark-for-a-co2-capture-plant\/benchmark-of-co2-capture-technologies\/\">Benchmark of CO2 capture technologies<\/a><\/div>\n\n\n\n<div class=\"wp-block-button\"><a class=\"wp-block-button__link has-light-blue-3-background-color has-background wp-element-button\" href=\"https:\/\/handbook.kanco2.no\/en\/benchmark-for-a-co2-capture-plant\/co2-capture-technologies\/\">CO2 capture technologies<\/a><\/div>\n\n\n\n<div class=\"wp-block-button\"><a class=\"wp-block-button__link has-light-blue-3-background-color has-background wp-element-button\" href=\"https:\/\/handbook.kanco2.no\/en\/benchmark-for-a-co2-capture-plant\/suppliers-of-co2-capture-plants-and-technologies\/\">Suppliers of CO2 capture plants and technologies<\/a><\/div>\n\n\n\n<div class=\"wp-block-button\"><a class=\"wp-block-button__link has-light-blue-3-background-color has-background wp-element-button\" href=\"https:\/\/handbook.kanco2.no\/en\/benchmark-for-a-co2-capture-plant\/summing-up-technologies\/\">Summing up technologies<\/a><\/div>\n<\/div>\n<\/div>\n<\/div>\n<\/div>\n<\/div>\n<\/div>\n\n\n\n<div class=\"wp-block-column is-layout-flow wp-block-column-is-layout-flow\" style=\"flex-basis:5%\"><\/div>\n\n\n\n<div class=\"wp-block-column is-layout-flow wp-block-column-is-layout-flow\" style=\"flex-basis:60%\">\n<main class=\"wp-block-group has-global-padding is-layout-constrained wp-block-group-is-layout-constrained\">\n<p style=\"font-size:clamp(0.875rem, 0.875rem + ((1vw - 0.2rem) * 0.413), 1.2rem);font-style:normal;font-weight:500\">Differences between waste incineration plants significantly affect the choice of capture technology and the supplier of capture plants. It is therefore not possible to give an answer as to which technology or supplier is best suited for use in waste incineration CCS. What is possible, however, is to point out which factors benefit which technologies.&nbsp;<\/p>\n\n\n\n<div style=\"height:25px\" aria-hidden=\"true\" class=\"wp-block-spacer\"><\/div>\n\n\n\n<figure class=\"wp-block-image size-full is-resized\"><img loading=\"lazy\" decoding=\"async\" width=\"2085\" height=\"709\" src=\"https:\/\/handbook.kanco2.no\/wp-content\/uploads\/2024\/07\/Copy-of-Konkluderende-matrise-teknologier-e1721125287950.jpg\" alt=\"\" class=\"wp-image-671\" style=\"width:716px;height:auto\" srcset=\"https:\/\/handbook.kanco2.no\/wp-content\/uploads\/2024\/07\/Copy-of-Konkluderende-matrise-teknologier-e1721125287950.jpg 2085w, https:\/\/handbook.kanco2.no\/wp-content\/uploads\/2024\/07\/Copy-of-Konkluderende-matrise-teknologier-e1721125287950-300x102.jpg 300w, https:\/\/handbook.kanco2.no\/wp-content\/uploads\/2024\/07\/Copy-of-Konkluderende-matrise-teknologier-e1721125287950-1024x348.jpg 1024w, https:\/\/handbook.kanco2.no\/wp-content\/uploads\/2024\/07\/Copy-of-Konkluderende-matrise-teknologier-e1721125287950-768x261.jpg 768w, https:\/\/handbook.kanco2.no\/wp-content\/uploads\/2024\/07\/Copy-of-Konkluderende-matrise-teknologier-e1721125287950-1536x522.jpg 1536w, https:\/\/handbook.kanco2.no\/wp-content\/uploads\/2024\/07\/Copy-of-Konkluderende-matrise-teknologier-e1721125287950-2048x696.jpg 2048w, https:\/\/handbook.kanco2.no\/wp-content\/uploads\/2024\/07\/Copy-of-Konkluderende-matrise-teknologier-e1721125287950-18x6.jpg 18w\" sizes=\"auto, (max-width: 2085px) 100vw, 2085px\" \/><\/figure>\n\n\n\n<div style=\"height:10px\" aria-hidden=\"true\" class=\"wp-block-spacer\"><\/div>\n\n\n\n<h5 class=\"wp-block-heading\">Waste incineration with available heat in the form of steam<\/h5>\n\n\n\n<p>Waste incineration with available heat in the form of steam\nIf the intention is to install a capture plant today at a plant, with some available residual heat in the form of steam and the normal cost of electricity with the lowest possible project risk, it is difficult to conclude anything other than an amine-based solution from one of the major experienced players. This is technology that has been proven over time at many different emission points, and most challenges are both known and solved. It is also the only capture technology that can be said to have an established and functioning global market.&nbsp;<\/p>\n\n\n\n<p>When it comes to choosing a supplier, one can choose to go directly to established capture suppliers such as Aker Carbon Capture, Mitsubishi Heavy Industries or Shell Cansolv. There is also an option to go to an EPC supplier who supplies under license for one of these, such as Kanfa (Cansolv). Of these, there are many. Furthermore, there are companies that handle the project as an intermediary between customer and supplier and help simplify the process for the end customer, such as Carbon Centric (Kanfa\/Cansolv etc.). The companies mentioned here are examples with experience, and there are good alternatives to them. There are also other technologies that can be said to be safe choices today, but which nevertheless have somewhat less prevalence and experience.<\/p>\n\n\n\n<div style=\"height:10px\" aria-hidden=\"true\" class=\"wp-block-spacer\"><\/div>\n\n\n\n<p>Whether the purpose is a small plant, a plant sometime in the future, one is willing to take more risk, wants to take part in development or support schemes, lacks available residual heat and\/or has very reasonable access to electricity, other technologies and suppliers may be favorable choices.&nbsp;<\/p>\n\n\n\n<h5 class=\"wp-block-heading\">Waste incineration with available heat in the form of hot water<\/h5>\n\n\n\n<p>Under these assumptions, the potassium carbonate solution with enzyme as catalyst used by Saipem CO2-Solutions may seem promising. With temperature requirements between 40 and 90 \u00b0C, it is conceivable that this solution can operate as a consumer on the district heating network. The solution has been tested at Klemetsrud.<\/p>\n\n\n\n<h5 class=\"wp-block-heading\">For waste incineration without available heat, but reasonable access to electricity<\/h5>\n\n\n\n<p>An example worth mentioning with these pre-deposits is a combination of membrane and cryogenic distillation. The membrane prioritizes CO2 over N2 with a ratio of typically 1:50, and consequently several steps are needed to reach sufficient concentration of CO2. It is a solution that only requires a modest absolute pressure difference at moderate pressures, so in itself it would be a very competitive technology if two or more steps were not required. Cryogenic distillation therein is very energy-intensive if you need to cool the entire flue gas quantity but becomes more and more competitive the less the total amount to be cooled per part of CO2. So, after the first step with membrane there will be very high concentration CO2 compared to flue gas, cryogenic distillation is then a far less energy-intensive process that achieves very high concentration.&nbsp;<\/p>\n\n\n\n<p>Both technologies mainly require some electricity and little heat. The combination is therefore assumed to be a very good solution in absence of heat, but with access to affordable electricity. So for most waste incineration plants in Norway it may not be a good candidate, but in certain plants and for other industries this can be a solution that can provide very beneficial operation. It is not yet known to have been executed on any industrial scale, but the potential of the solution seems promising.<\/p>\n\n\n\n<div style=\"height:50px\" aria-hidden=\"true\" class=\"wp-block-spacer\"><\/div>\n<\/main>\n<\/div>\n<\/div>\n<\/div>\n<\/div>\n\n\n\n<div class=\"wp-block-group alignfull has-medium-green-background-color has-background has-global-padding is-layout-constrained wp-container-core-group-is-layout-05278918 wp-block-group-is-layout-constrained\" style=\"padding-top:var(--wp--preset--spacing--30);padding-right:var(--wp--preset--spacing--10);padding-bottom:var(--wp--preset--spacing--30);padding-left:var(--wp--preset--spacing--10)\">\n<div style=\"height:50px\" aria-hidden=\"true\" class=\"wp-block-spacer\"><\/div>\n\n\n\n<div style=\"height:50px\" aria-hidden=\"true\" class=\"wp-block-spacer hide-mobile\"><\/div>\n\n\n\n<div class=\"wp-block-group has-global-padding is-layout-constrained wp-block-group-is-layout-constrained\">\n<div class=\"wp-block-columns bottom-nav-boxes has-dark-green-background-color has-background is-layout-flex wp-container-core-columns-is-layout-9a58509f wp-block-columns-is-layout-flex\" style=\"padding-top:var(--wp--preset--spacing--30);padding-right:var(--wp--preset--spacing--40);padding-bottom:var(--wp--preset--spacing--30);padding-left:var(--wp--preset--spacing--40)\">\n<div class=\"wp-block-column line is-layout-flow wp-block-column-is-layout-flow\" style=\"border-right-width:1px;padding-top:var(--wp--preset--spacing--30);padding-right:var(--wp--preset--spacing--40);padding-bottom:var(--wp--preset--spacing--30);padding-left:var(--wp--preset--spacing--40)\">\n<h4 class=\"wp-block-heading has-text-align-right has-white-color has-text-color has-link-color wp-elements-269a5a424616ffd2023261cc961bbec5\"><a href=\"https:\/\/handbook.kanco2.no\/en\/benchmark-for-a-co2-capture-plant\/suppliers-of-co2-capture-plants-and-technologies\/\" data-type=\"page\" data-id=\"326\">Suppliers of CO2 capture plants and technologies<\/a><\/h4>\n\n\n\n<h4 class=\"wp-block-heading has-text-align-right has-white-color has-text-color has-link-color wp-elements-c9d0f9cf36d709711d4b7278c534d90b\"><a href=\"https:\/\/handbook.kanco2.no\/en\/benchmark-for-a-co2-capture-plant\/suppliers-of-co2-capture-plants-and-technologies\/\" data-type=\"page\" data-id=\"326\"><img loading=\"lazy\" decoding=\"async\" width=\"24\" height=\"15\" class=\"wp-image-518\" style=\"width: 24px;\" src=\"https:\/\/handbook.kanco2.no\/wp-content\/uploads\/2024\/06\/arrow-left-white.svg\" alt=\"\"><\/a><\/h4>\n<\/div>\n\n\n\n<div class=\"wp-block-column has-white-background-color has-background is-layout-flow wp-block-column-is-layout-flow\" style=\"flex-basis:1px\"><\/div>\n\n\n\n<div class=\"wp-block-column is-layout-flow wp-block-column-is-layout-flow\" style=\"padding-top:var(--wp--preset--spacing--30);padding-right:var(--wp--preset--spacing--30);padding-bottom:var(--wp--preset--spacing--30);padding-left:var(--wp--preset--spacing--30)\">\n<h4 class=\"wp-block-heading has-white-color has-text-color has-link-color wp-elements-e3a763dc0126a1cd4d7db916494be696\"><a href=\"https:\/\/handbook.kanco2.no\/en\/smart-integrations-of-co2-capture-plants-and-energy-recovery-plants\/\" data-type=\"page\" data-id=\"330\">Smart integrations of CO2 capture plants and energy recovery plants<br>og energigjenvinningsanlegg<\/a><\/h4>\n\n\n\n<h4 class=\"wp-block-heading has-white-color has-text-color has-link-color wp-elements-2601833e22431d6dedc93477bbe5aec7\"><a href=\"https:\/\/handbook.kanco2.no\/en\/smart-integrations-of-co2-capture-plants-and-energy-recovery-plants\/\" data-type=\"page\" data-id=\"330\"><img loading=\"lazy\" decoding=\"async\" width=\"24\" height=\"15\" class=\"wp-image-60\" style=\"width: 24px;\" src=\"https:\/\/handbook.kanco2.no\/wp-content\/uploads\/2024\/06\/arrow-right-white.svg\" alt=\"\"><\/a><\/h4>\n<\/div>\n<\/div>\n<\/div>\n\n\n\n<div style=\"height:50px\" aria-hidden=\"true\" class=\"wp-block-spacer\"><\/div>\n\n\n\n<div style=\"height:50px\" aria-hidden=\"true\" class=\"wp-block-spacer hide-mobile\"><\/div>\n<\/div>","protected":false},"excerpt":{"rendered":"<p>Kapittel 2 Mellom avfallsforbrenningsanlegg er det forskjeller som p\u00e5virker valg av fangstteknologi og leverand\u00f8r av fangstanlegg betydelig. Det er derfor ikke mulig \u00e5 gi ett svar p\u00e5 hvilken teknologi eller hvilken leverand\u00f8r som er best egnet for bruk til CCS i avfallsforbrenning. Det som derimot er mulig er \u00e5 p\u00e5peke hvilke faktorer som gagner hvilke [&hellip;]<\/p>\n","protected":false},"author":1,"featured_media":0,"parent":208,"menu_order":0,"comment_status":"closed","ping_status":"closed","template":"","meta":{"_editorskit_title_hidden":false,"_editorskit_reading_time":0,"_editorskit_is_block_options_detached":false,"_editorskit_block_options_position":"{}","inline_featured_image":false,"footnotes":""},"class_list":["post-328","page","type-page","status-publish","hentry"],"featured_image_src":null,"yoast_head":"<!-- This site is optimized with the Yoast SEO plugin v27.4 - https:\/\/yoast.com\/product\/yoast-seo-wordpress\/ -->\n<title>Oppsummering teknologier - KAN<\/title>\n<meta name=\"robots\" content=\"index, follow, max-snippet:-1, max-image-preview:large, max-video-preview:-1\" \/>\n<link rel=\"canonical\" href=\"https:\/\/handbook.kanco2.no\/en\/benchmark-for-a-co2-capture-plant\/summing-up-technologies\/\" \/>\n<meta property=\"og:locale\" content=\"en_GB\" \/>\n<meta property=\"og:type\" content=\"article\" \/>\n<meta property=\"og:title\" content=\"Oppsummering teknologier - KAN\" \/>\n<meta property=\"og:description\" content=\"Kapittel 2 Mellom avfallsforbrenningsanlegg er det forskjeller som p\u00e5virker valg av fangstteknologi og leverand\u00f8r av fangstanlegg betydelig. Det er derfor ikke mulig \u00e5 gi ett svar p\u00e5 hvilken teknologi eller hvilken leverand\u00f8r som er best egnet for bruk til CCS i avfallsforbrenning. Det som derimot er mulig er \u00e5 p\u00e5peke hvilke faktorer som gagner hvilke [&hellip;]\" \/>\n<meta property=\"og:url\" content=\"https:\/\/handbook.kanco2.no\/en\/benchmark-for-a-co2-capture-plant\/summing-up-technologies\/\" \/>\n<meta property=\"og:site_name\" content=\"KAN\" \/>\n<meta property=\"article:modified_time\" content=\"2024-08-15T11:47:10+00:00\" \/>\n<meta property=\"og:image\" content=\"https:\/\/handbook.kanco2.no\/wp-content\/uploads\/2024\/07\/summary.svg\" \/>\n<meta name=\"twitter:card\" content=\"summary_large_image\" \/>\n<meta name=\"twitter:label1\" content=\"Estimated reading time\" \/>\n\t<meta name=\"twitter:data1\" content=\"9 minutes\" \/>\n<script type=\"application\/ld+json\" class=\"yoast-schema-graph\">{\"@context\":\"https:\\\/\\\/schema.org\",\"@graph\":[{\"@type\":\"WebPage\",\"@id\":\"https:\\\/\\\/handbook.kanco2.no\\\/benchmark-for-et-co2-fangstanlegg\\\/oppsummering-teknologier\\\/\",\"url\":\"https:\\\/\\\/handbook.kanco2.no\\\/benchmark-for-et-co2-fangstanlegg\\\/oppsummering-teknologier\\\/\",\"name\":\"Oppsummering teknologier - KAN\",\"isPartOf\":{\"@id\":\"https:\\\/\\\/handbook.kanco2.no\\\/#website\"},\"primaryImageOfPage\":{\"@id\":\"https:\\\/\\\/handbook.kanco2.no\\\/benchmark-for-et-co2-fangstanlegg\\\/oppsummering-teknologier\\\/#primaryimage\"},\"image\":{\"@id\":\"https:\\\/\\\/handbook.kanco2.no\\\/benchmark-for-et-co2-fangstanlegg\\\/oppsummering-teknologier\\\/#primaryimage\"},\"thumbnailUrl\":\"https:\\\/\\\/handbook.kanco2.no\\\/wp-content\\\/uploads\\\/2024\\\/07\\\/summary.svg\",\"datePublished\":\"2024-06-19T12:21:23+00:00\",\"dateModified\":\"2024-08-15T11:47:10+00:00\",\"breadcrumb\":{\"@id\":\"https:\\\/\\\/handbook.kanco2.no\\\/benchmark-for-et-co2-fangstanlegg\\\/oppsummering-teknologier\\\/#breadcrumb\"},\"inLanguage\":\"en-GB\",\"potentialAction\":[{\"@type\":\"ReadAction\",\"target\":[\"https:\\\/\\\/handbook.kanco2.no\\\/benchmark-for-et-co2-fangstanlegg\\\/oppsummering-teknologier\\\/\"]}]},{\"@type\":\"ImageObject\",\"inLanguage\":\"en-GB\",\"@id\":\"https:\\\/\\\/handbook.kanco2.no\\\/benchmark-for-et-co2-fangstanlegg\\\/oppsummering-teknologier\\\/#primaryimage\",\"url\":\"https:\\\/\\\/handbook.kanco2.no\\\/wp-content\\\/uploads\\\/2024\\\/07\\\/summary.svg\",\"contentUrl\":\"https:\\\/\\\/handbook.kanco2.no\\\/wp-content\\\/uploads\\\/2024\\\/07\\\/summary.svg\"},{\"@type\":\"BreadcrumbList\",\"@id\":\"https:\\\/\\\/handbook.kanco2.no\\\/benchmark-for-et-co2-fangstanlegg\\\/oppsummering-teknologier\\\/#breadcrumb\",\"itemListElement\":[{\"@type\":\"ListItem\",\"position\":1,\"name\":\"Home\",\"item\":\"https:\\\/\\\/handbook.kanco2.no\\\/\"},{\"@type\":\"ListItem\",\"position\":2,\"name\":\"Benchmark for et CO2-fangstanlegg\",\"item\":\"https:\\\/\\\/handbook.kanco2.no\\\/benchmark-for-et-co2-fangstanlegg\\\/\"},{\"@type\":\"ListItem\",\"position\":3,\"name\":\"Oppsummering teknologier\"}]},{\"@type\":\"WebSite\",\"@id\":\"https:\\\/\\\/handbook.kanco2.no\\\/#website\",\"url\":\"https:\\\/\\\/handbook.kanco2.no\\\/\",\"name\":\"KAN\",\"description\":\"\",\"publisher\":{\"@id\":\"https:\\\/\\\/handbook.kanco2.no\\\/#organization\"},\"potentialAction\":[{\"@type\":\"SearchAction\",\"target\":{\"@type\":\"EntryPoint\",\"urlTemplate\":\"https:\\\/\\\/handbook.kanco2.no\\\/?s={search_term_string}\"},\"query-input\":{\"@type\":\"PropertyValueSpecification\",\"valueRequired\":true,\"valueName\":\"search_term_string\"}}],\"inLanguage\":\"en-GB\"},{\"@type\":\"Organization\",\"@id\":\"https:\\\/\\\/handbook.kanco2.no\\\/#organization\",\"name\":\"KAN\",\"url\":\"https:\\\/\\\/handbook.kanco2.no\\\/\",\"logo\":{\"@type\":\"ImageObject\",\"inLanguage\":\"en-GB\",\"@id\":\"https:\\\/\\\/handbook.kanco2.no\\\/#\\\/schema\\\/logo\\\/image\\\/\",\"url\":\"https:\\\/\\\/handbook.kanco2.no\\\/wp-content\\\/uploads\\\/2024\\\/06\\\/KAN-logo-e1718626874781.png\",\"contentUrl\":\"https:\\\/\\\/handbook.kanco2.no\\\/wp-content\\\/uploads\\\/2024\\\/06\\\/KAN-logo-e1718626874781.png\",\"width\":389,\"height\":230,\"caption\":\"KAN\"},\"image\":{\"@id\":\"https:\\\/\\\/handbook.kanco2.no\\\/#\\\/schema\\\/logo\\\/image\\\/\"}}]}<\/script>\n<!-- \/ Yoast SEO plugin. -->","yoast_head_json":{"title":"Oppsummering teknologier - KAN","robots":{"index":"index","follow":"follow","max-snippet":"max-snippet:-1","max-image-preview":"max-image-preview:large","max-video-preview":"max-video-preview:-1"},"canonical":"https:\/\/handbook.kanco2.no\/en\/benchmark-for-a-co2-capture-plant\/summing-up-technologies\/","og_locale":"en_GB","og_type":"article","og_title":"Oppsummering teknologier - KAN","og_description":"Kapittel 2 Mellom avfallsforbrenningsanlegg er det forskjeller som p\u00e5virker valg av fangstteknologi og leverand\u00f8r av fangstanlegg betydelig. Det er derfor ikke mulig \u00e5 gi ett svar p\u00e5 hvilken teknologi eller hvilken leverand\u00f8r som er best egnet for bruk til CCS i avfallsforbrenning. Det som derimot er mulig er \u00e5 p\u00e5peke hvilke faktorer som gagner hvilke [&hellip;]","og_url":"https:\/\/handbook.kanco2.no\/en\/benchmark-for-a-co2-capture-plant\/summing-up-technologies\/","og_site_name":"KAN","article_modified_time":"2024-08-15T11:47:10+00:00","og_image":[{"url":"https:\/\/handbook.kanco2.no\/wp-content\/uploads\/2024\/07\/summary.svg","type":"","width":"","height":""}],"twitter_card":"summary_large_image","twitter_misc":{"Estimated reading time":"9 minutes"},"schema":{"@context":"https:\/\/schema.org","@graph":[{"@type":"WebPage","@id":"https:\/\/handbook.kanco2.no\/benchmark-for-et-co2-fangstanlegg\/oppsummering-teknologier\/","url":"https:\/\/handbook.kanco2.no\/benchmark-for-et-co2-fangstanlegg\/oppsummering-teknologier\/","name":"Oppsummering teknologier - KAN","isPartOf":{"@id":"https:\/\/handbook.kanco2.no\/#website"},"primaryImageOfPage":{"@id":"https:\/\/handbook.kanco2.no\/benchmark-for-et-co2-fangstanlegg\/oppsummering-teknologier\/#primaryimage"},"image":{"@id":"https:\/\/handbook.kanco2.no\/benchmark-for-et-co2-fangstanlegg\/oppsummering-teknologier\/#primaryimage"},"thumbnailUrl":"https:\/\/handbook.kanco2.no\/wp-content\/uploads\/2024\/07\/summary.svg","datePublished":"2024-06-19T12:21:23+00:00","dateModified":"2024-08-15T11:47:10+00:00","breadcrumb":{"@id":"https:\/\/handbook.kanco2.no\/benchmark-for-et-co2-fangstanlegg\/oppsummering-teknologier\/#breadcrumb"},"inLanguage":"en-GB","potentialAction":[{"@type":"ReadAction","target":["https:\/\/handbook.kanco2.no\/benchmark-for-et-co2-fangstanlegg\/oppsummering-teknologier\/"]}]},{"@type":"ImageObject","inLanguage":"en-GB","@id":"https:\/\/handbook.kanco2.no\/benchmark-for-et-co2-fangstanlegg\/oppsummering-teknologier\/#primaryimage","url":"https:\/\/handbook.kanco2.no\/wp-content\/uploads\/2024\/07\/summary.svg","contentUrl":"https:\/\/handbook.kanco2.no\/wp-content\/uploads\/2024\/07\/summary.svg"},{"@type":"BreadcrumbList","@id":"https:\/\/handbook.kanco2.no\/benchmark-for-et-co2-fangstanlegg\/oppsummering-teknologier\/#breadcrumb","itemListElement":[{"@type":"ListItem","position":1,"name":"Home","item":"https:\/\/handbook.kanco2.no\/"},{"@type":"ListItem","position":2,"name":"Benchmark for et CO2-fangstanlegg","item":"https:\/\/handbook.kanco2.no\/benchmark-for-et-co2-fangstanlegg\/"},{"@type":"ListItem","position":3,"name":"Oppsummering teknologier"}]},{"@type":"WebSite","@id":"https:\/\/handbook.kanco2.no\/#website","url":"https:\/\/handbook.kanco2.no\/","name":"KAN","description":"","publisher":{"@id":"https:\/\/handbook.kanco2.no\/#organization"},"potentialAction":[{"@type":"SearchAction","target":{"@type":"EntryPoint","urlTemplate":"https:\/\/handbook.kanco2.no\/?s={search_term_string}"},"query-input":{"@type":"PropertyValueSpecification","valueRequired":true,"valueName":"search_term_string"}}],"inLanguage":"en-GB"},{"@type":"Organization","@id":"https:\/\/handbook.kanco2.no\/#organization","name":"KAN","url":"https:\/\/handbook.kanco2.no\/","logo":{"@type":"ImageObject","inLanguage":"en-GB","@id":"https:\/\/handbook.kanco2.no\/#\/schema\/logo\/image\/","url":"https:\/\/handbook.kanco2.no\/wp-content\/uploads\/2024\/06\/KAN-logo-e1718626874781.png","contentUrl":"https:\/\/handbook.kanco2.no\/wp-content\/uploads\/2024\/06\/KAN-logo-e1718626874781.png","width":389,"height":230,"caption":"KAN"},"image":{"@id":"https:\/\/handbook.kanco2.no\/#\/schema\/logo\/image\/"}}]}},"_links":{"self":[{"href":"https:\/\/handbook.kanco2.no\/en\/wp-json\/wp\/v2\/pages\/328","targetHints":{"allow":["GET"]}}],"collection":[{"href":"https:\/\/handbook.kanco2.no\/en\/wp-json\/wp\/v2\/pages"}],"about":[{"href":"https:\/\/handbook.kanco2.no\/en\/wp-json\/wp\/v2\/types\/page"}],"author":[{"embeddable":true,"href":"https:\/\/handbook.kanco2.no\/en\/wp-json\/wp\/v2\/users\/1"}],"replies":[{"embeddable":true,"href":"https:\/\/handbook.kanco2.no\/en\/wp-json\/wp\/v2\/comments?post=328"}],"version-history":[{"count":17,"href":"https:\/\/handbook.kanco2.no\/en\/wp-json\/wp\/v2\/pages\/328\/revisions"}],"predecessor-version":[{"id":2370,"href":"https:\/\/handbook.kanco2.no\/en\/wp-json\/wp\/v2\/pages\/328\/revisions\/2370"}],"up":[{"embeddable":true,"href":"https:\/\/handbook.kanco2.no\/en\/wp-json\/wp\/v2\/pages\/208"}],"wp:attachment":[{"href":"https:\/\/handbook.kanco2.no\/en\/wp-json\/wp\/v2\/media?parent=328"}],"curies":[{"name":"wp","href":"https:\/\/api.w.org\/{rel}","templated":true}]}}