{"id":943,"date":"2024-07-19T15:13:00","date_gmt":"2024-07-19T13:13:00","guid":{"rendered":"https:\/\/handbook.kanco2.no\/?page_id=943"},"modified":"2024-08-15T14:02:16","modified_gmt":"2024-08-15T12:02:16","slug":"conclusion","status":"publish","type":"page","link":"https:\/\/handbook.kanco2.no\/en\/smarte-integrasjoner-av-co2-fangstanleggog-energigjenvinningsanlegg\/konklusjon\/","title":{"rendered":"Conclusion"},"content":{"rendered":"<div class=\"wp-block-group alignfull eplus-wrapper has-global-padding is-layout-constrained wp-block-group-is-layout-constrained\" style=\"padding-top:0;padding-bottom:0\">\n<div style=\"height:250px\" aria-hidden=\"true\" class=\"wp-block-spacer\"><\/div>\n\n\n\n<div style=\"height:50px\" aria-hidden=\"true\" class=\"wp-block-spacer hide-mobile\"><\/div>\n\n\n\n<div class=\"wp-block-group alignwide eplus-wrapper has-light-blue-3-background-color has-background has-global-padding is-layout-constrained wp-container-core-group-is-layout-f0e4704a wp-block-group-is-layout-constrained\" style=\"border-radius:15px;padding-top:var(--wp--preset--spacing--40);padding-right:var(--wp--preset--spacing--10);padding-bottom:var(--wp--preset--spacing--40);padding-left:var(--wp--preset--spacing--10)\">\n<div class=\"wp-block-columns eplus-wrapper is-layout-flex wp-container-core-columns-is-layout-28f84493 wp-block-columns-is-layout-flex\">\n<div class=\"wp-block-column is-layout-flow wp-block-column-is-layout-flow\" style=\"flex-basis:2%\"><\/div>\n\n\n\n<div class=\"wp-block-column is-vertically-aligned-center eplus-wrapper is-layout-flow wp-block-column-is-layout-flow\" style=\"flex-basis:80%\">\n<p class=\"eplus-wrapper\">Chapter 3<\/p>\n\n\n<h2 class=\"wp-block-post-title has-x-large-font-size\">Conclusion<\/h2><\/div>\n\n\n\n<div class=\"wp-block-column is-layout-flow wp-block-column-is-layout-flow\" style=\"flex-basis:5%\"><\/div>\n\n\n\n<div class=\"wp-block-column is-vertically-aligned-bottom eplus-wrapper is-layout-flow wp-block-column-is-layout-flow\" style=\"flex-basis:15%\">\n<div style=\"height:8px\" aria-hidden=\"true\" class=\"wp-block-spacer\"><\/div>\n\n\n<\/div>\n\n\n\n<div class=\"wp-block-column is-layout-flow wp-block-column-is-layout-flow\" style=\"flex-basis:2%\"><\/div>\n<\/div>\n<\/div>\n<\/div>\n\n\n\n<div class=\"wp-block-group alignfull has-global-padding is-layout-constrained wp-block-group-is-layout-constrained\">\n<div class=\"wp-block-group alignfull has-global-padding is-layout-constrained wp-block-group-is-layout-constrained\">\n<div class=\"wp-block-columns alignwide is-layout-flex wp-container-core-columns-is-layout-4fb53a65 wp-block-columns-is-layout-flex\" style=\"margin-bottom:var(--wp--preset--spacing--40);padding-top:var(--wp--preset--spacing--50)\">\n<div class=\"wp-block-column is-layout-flow wp-block-column-is-layout-flow\" style=\"padding-top:0;padding-right:0;padding-bottom:0;padding-left:0;flex-basis:35%\">\n<div class=\"wp-block-columns has-light-blue-1-background-color has-background is-layout-flex wp-container-core-columns-is-layout-7abde1fe wp-block-columns-is-layout-flex\" style=\"padding-top:var(--wp--preset--spacing--40);padding-bottom:var(--wp--preset--spacing--40)\">\n<div class=\"wp-block-column is-layout-flow wp-block-column-is-layout-flow\">\n<div class=\"wp-block-group is-layout-flow wp-container-core-group-is-layout-0ba1ad86 wp-block-group-is-layout-flow\" style=\"padding-right:0;padding-left:0\">\n<div class=\"wp-block-group has-global-padding is-layout-constrained wp-container-core-group-is-layout-5ad7779d wp-block-group-is-layout-constrained\">\n<div class=\"wp-block-group is-vertical is-content-justification-left is-layout-flex wp-container-core-group-is-layout-2b4f249d wp-block-group-is-layout-flex\">\n<h2 class=\"wp-block-heading has-text-align-left\" style=\"font-size:clamp(1.039rem, 1.039rem + ((1vw - 0.2rem) * 0.712), 1.6rem);\">Chapter 3<\/h2>\n\n\n\n<div style=\"height:28px\" aria-hidden=\"true\" class=\"wp-block-spacer wp-container-content-b0b89ccb\"><\/div>\n<\/div>\n\n\n\n<div class=\"wp-block-buttons is-vertical is-layout-flex wp-container-core-buttons-is-layout-b6775ab2 wp-block-buttons-is-layout-flex\">\n<div class=\"wp-block-button\"><a class=\"wp-block-button__link has-light-blue-3-background-color has-background wp-element-button\" href=\"https:\/\/handbook.kanco2.no\/en\/smart-integrations-of-co2-capture-plants-and-energy-recovery-plants\/description-of-the-energy-system\/\">Description of the energy system<\/a><\/div>\n\n\n\n<div class=\"wp-block-button\"><a class=\"wp-block-button__link has-light-blue-3-background-color has-background wp-element-button\" href=\"https:\/\/handbook.kanco2.no\/en\/smart-integrations-of-co2-capture-plants-and-energy-recovery-plants\/smart-integrations-per-technology\/\">Smart integrations per technology<\/a><\/div>\n\n\n\n<div class=\"wp-block-button\"><a class=\"wp-block-button__link has-light-blue-3-background-color has-background wp-element-button\" href=\"https:\/\/handbook.kanco2.no\/en\/smart-integrations-of-co2-capture-plants-and-energy-recovery-plants\/smart-integrations\/\">Smart integrations<\/a><\/div>\n\n\n\n<div class=\"wp-block-button\"><a class=\"wp-block-button__link has-light-blue-3-background-color has-background wp-element-button\" href=\"https:\/\/handbook.kanco2.no\/en\/smart-integrations-of-co2-capture-plants-and-energy-recovery-plants\/measures-in-existing-waste-incineration-plants\/\">Measures in existing waste incineration plants<\/a><\/div>\n\n\n\n<div class=\"wp-block-button\"><a class=\"wp-block-button__link has-light-blue-3-background-color has-background wp-element-button\" href=\"https:\/\/handbook.kanco2.no\/en\/smart-integrations-of-co2-capture-plants-and-energy-recovery-plants\/heat-supply-to-capture-plants\/\">Heat supply to capture plants<\/a><\/div>\n\n\n\n<div class=\"wp-block-button\"><a class=\"wp-block-button__link has-light-blue-3-background-color has-background wp-element-button\" href=\"https:\/\/handbook.kanco2.no\/en\/smart-integrations-of-co2-capture-plants-and-energy-recovery-plants\/recovery-of-waste-heat-from-capture-plants\/\">Recovery of waste heat from capture plants<\/a><\/div>\n\n\n\n<div class=\"wp-block-button\"><a class=\"wp-block-button__link has-light-blue-3-background-color has-background wp-element-button\" href=\"https:\/\/handbook.kanco2.no\/en\/smart-integrations-of-co2-capture-plants-and-energy-recovery-plants\/cooling-of-unused-waste-heat\/\">Cooling of unused waste heat<\/a><\/div>\n\n\n\n<div class=\"wp-block-button\"><a class=\"wp-block-button__link has-light-blue-3-background-color has-background wp-element-button\" href=\"https:\/\/handbook.kanco2.no\/en\/smart-integrations-of-co2-capture-plants-and-energy-recovery-plants\/other-measures-for-the-use-of-waste-heat\/\">Other measures for the use of waste heat<\/a><\/div>\n\n\n\n<div class=\"wp-block-button\"><a class=\"wp-block-button__link has-light-blue-3-background-color has-background wp-element-button\" href=\"https:\/\/handbook.kanco2.no\/en\/smart-integrations-of-co2-capture-plants-and-energy-recovery-plants\/conclusion\/\">Conclusion<\/a><\/div>\n<\/div>\n<\/div>\n<\/div>\n<\/div>\n<\/div>\n<\/div>\n\n\n\n<div class=\"wp-block-column is-layout-flow wp-block-column-is-layout-flow\" style=\"flex-basis:5%\"><\/div>\n\n\n\n<div class=\"wp-block-column is-layout-flow wp-block-column-is-layout-flow\" style=\"flex-basis:60%\">\n<p style=\"font-size:clamp(0.875rem, 0.875rem + ((1vw - 0.2rem) * 0.413), 1.2rem);font-style:normal;font-weight:500\"><br>Table 5 shows the influence of the various alternatives on the most important parameters. It is thought that the steam is drained by the upstream turbine, although there are better alternatives for this. It is assumed that all cooling will be taken by dry coolers, although specific solutions must be prepared for the days when the outside temperature is too high.<\/p>\n\n\n\n<p>It is assumed that the waste incinerator has installed full cooling capacity. If waste heat from the capture plant to the DH grid is to be recovered, all the heat that can be sent directly to the DH return from the capture plant should have first priority and be the base load.<\/p>\n\n\n\n<p>It may be interesting to explore actions in existing waste incineration plants, especially flue gas recycling. Oxygen incineration plants are becoming an alternative to other carbon capture technologies and have been considered more closely in L2. If increased flue gas recycling can be done in existing waste incineration plants without major impacts on the downstream process, this is recommended.<\/p>\n\n\n\n<p>The heat supply to the carbon capture plant should come from the steam produced in boilers from the flue gases and not from steam-producing heat pumps on the cooling water of the capture plant. The ideal is if you can take as much steam as possible from existing outlet in the existing turbine and the rest from the upstream turbine if the turbine does not have outlet. If this is not possible, one should take all the steam upstream of the existing steam turbine and possibly install a new smaller counter pressure turbine rather than letting all the steam go through the existing turbine and using steam fans. If the plant does not have steam or hot water available, and the alternative is an electric boiler, a steam-producing HP should be considered.<\/p>\n\n\n\n<p>For recovery of waste heat to the DH network, they should collect as much heat as possible directly from the capture plant to the DH return, this is assumed in Table 5. The remaining waste heat recovery is best done through a heat pump that delivers to the DH return. This can be done with a COP of 6.5 with HFO-based heat pumps or NH3-based heat pumps. We go from delivering 5 MWel (or 40 GWh\/year) to the grid without a carbon capture plant to consuming 1-1.5 MWel (or about 10 GWh\/year) from the grid with a carbon capture plant and heat pump. If one is to increase DH delivery, the potential is to increase DH delivery maximum 44.9 MW or 45.9 MW, as shown in Figure 55 and Figure 59. Such a heating system would in the best case have a COP of approx. 3.5 and it should be assessed against the remaining peak load sources in the grid together with the DH owner.<\/p>\n\n\n\n<p>For less traditional solutions for recovery of waste heat for DH, it is recommended to look at hybrid heat pumps, CO2 heat pumps, Helium Stirling heat pumps, Rotary vane compressors. These can potentially have a lower power consumption than compressor based HFO or ammonia heat pumps. Several of the less widespread heat pumps listed here have less competition between suppliers and opportunities for innovation support.<\/p>\n\n\n\n<p>Absorption heat pumps are dependent on the DH network not having too high an outlet temperature and that the steam available has a high enough pressure (min. 4 bar(g)). It is worth investigating the possibilities with suppliers of absorption heat pumps to supply a unit that can act as a heat pump in winter and cooler in summer. This could potentially kill two birds with one stone but will probably need to be designed for the application by the supplier.&nbsp;<\/p>\n\n\n\n<p>To ensure that an installed HP does not experience excessive fluctuations in the process, it is recommended to accumulate heat over short periods, either in the DH network by raising the outlet temperature (and possibly the return temperature) or in a separate accumulation tank. If this is not possible, it is recommended to place newly installed HP as base load during periods when heat demand fluctuates in such a way that it would require heat pumps to be turned on and off frequently.<\/p>\n\n\n\n<p>The waste heat that cannot be utilized is best if you find applications for, this is challenging due to the low temperatures. You may want to look towards nearby businesses for alternative consumers of waste heat.<\/p>\n\n\n\n<p>To cool away unused waste heat, it is a good idea to see if you can cool against the sea either directly or through the DH network. For short periods, it may be wise to use the DH network as cooling. For those days when temperatures are too high for cooling against the outside air, it may also be worthwhile to look at the possibilities of sorptive cooling or an absorption cooler. Most capture plants will require temperatures that make it favorable to have dry coolers with air and any extra capacity for days when it is warmer than the cooling water outside.<\/p>\n<\/div>\n<\/div>\n\n\n\n<div class=\"wp-block-group alignfull has-medium-green-background-color has-background has-global-padding is-layout-constrained wp-container-core-group-is-layout-05278918 wp-block-group-is-layout-constrained\" style=\"padding-top:var(--wp--preset--spacing--30);padding-right:var(--wp--preset--spacing--10);padding-bottom:var(--wp--preset--spacing--30);padding-left:var(--wp--preset--spacing--10)\">\n<div style=\"height:50px\" aria-hidden=\"true\" class=\"wp-block-spacer\"><\/div>\n\n\n\n<div style=\"height:50px\" aria-hidden=\"true\" class=\"wp-block-spacer hide-mobile\"><\/div>\n\n\n\n<div class=\"wp-block-group has-global-padding is-layout-constrained wp-block-group-is-layout-constrained\">\n<div class=\"wp-block-columns bottom-nav-boxes has-dark-green-background-color has-background is-layout-flex wp-container-core-columns-is-layout-9a58509f wp-block-columns-is-layout-flex\" style=\"padding-top:var(--wp--preset--spacing--30);padding-right:var(--wp--preset--spacing--40);padding-bottom:var(--wp--preset--spacing--30);padding-left:var(--wp--preset--spacing--40)\">\n<div class=\"wp-block-column line is-layout-flow wp-block-column-is-layout-flow\" style=\"border-right-width:1px;padding-top:var(--wp--preset--spacing--30);padding-right:var(--wp--preset--spacing--40);padding-bottom:var(--wp--preset--spacing--30);padding-left:var(--wp--preset--spacing--40)\">\n<h4 class=\"wp-block-heading has-text-align-right has-white-color has-text-color has-link-color wp-elements-ebc6b83c28be4e03fa4afeb82ede2214\"><a href=\"https:\/\/handbook.kanco2.no\/en\/smart-integrations-of-co2-capture-plants-and-energy-recovery-plants\/other-measures-for-the-use-of-waste-heat\/\">Other measures for the use of waste heat<\/a><\/h4>\n\n\n\n<h4 class=\"wp-block-heading has-text-align-right has-white-color has-text-color has-link-color wp-elements-13f5c3660cd1fc2a99eaf9ea5542ea7d\"><a href=\"https:\/\/handbook.kanco2.no\/en\/smart-integrations-of-co2-capture-plants-and-energy-recovery-plants\/other-measures-for-the-use-of-waste-heat\/\"><img loading=\"lazy\" decoding=\"async\" width=\"24\" height=\"15\" class=\"wp-image-518\" style=\"width: 24px;\" src=\"https:\/\/handbook.kanco2.no\/wp-content\/uploads\/2024\/06\/arrow-left-white.svg\" alt=\"\"><\/a><\/h4>\n<\/div>\n\n\n\n<div class=\"wp-block-column has-border-color has-white-border-color is-layout-flow wp-block-column-is-layout-flow\" style=\"border-width:1px;flex-basis:1px\"><\/div>\n\n\n\n<div class=\"wp-block-column is-layout-flow wp-block-column-is-layout-flow\" style=\"padding-top:var(--wp--preset--spacing--30);padding-right:var(--wp--preset--spacing--30);padding-bottom:var(--wp--preset--spacing--30);padding-left:var(--wp--preset--spacing--30)\">\n<h4 class=\"wp-block-heading has-white-color has-text-color has-link-color wp-elements-b27b375059eb2af3a2d2d24d61fa48a5\"><a href=\"https:\/\/handbook.kanco2.no\/en\/transport-and-intermediate-storage\/\">Transport and intermediate storage<\/a><\/h4>\n\n\n\n<h4 class=\"wp-block-heading has-white-color has-text-color has-link-color wp-elements-b2157827eb664efec9d9862d67c6c109\"><a href=\"https:\/\/handbook.kanco2.no\/en\/transport-and-intermediate-storage\/\"><img loading=\"lazy\" decoding=\"async\" width=\"24\" height=\"15\" class=\"wp-image-60\" style=\"width: 24px;\" src=\"https:\/\/handbook.kanco2.no\/wp-content\/uploads\/2024\/06\/arrow-right-white.svg\" alt=\"\"><\/a><\/h4>\n<\/div>\n<\/div>\n<\/div>\n\n\n\n<div style=\"height:50px\" aria-hidden=\"true\" class=\"wp-block-spacer\"><\/div>\n\n\n\n<div style=\"height:50px\" aria-hidden=\"true\" class=\"wp-block-spacer hide-mobile\"><\/div>\n<\/div>\n<\/div>\n<\/div>","protected":false},"excerpt":{"rendered":"<p>Kapittel 3 I Tabell 5 er p\u00e5virkningene de ulike alternativene har p\u00e5 de viktigste parameterne vist. Det er antatt at dampen tappes av oppstr\u00f8ms turbin enda det finnes bedre alternativer for dette. Det er antatt at all kj\u00f8lingen skal tas av t\u00f8rrkj\u00f8lere enda det m\u00e5 utarbeides spesifikke l\u00f8sninger for dagene utetemperaturen er for h\u00f8y. Det [&hellip;]<\/p>\n","protected":false},"author":1,"featured_media":0,"parent":330,"menu_order":0,"comment_status":"closed","ping_status":"closed","template":"","meta":{"_editorskit_title_hidden":false,"_editorskit_reading_time":0,"_editorskit_is_block_options_detached":false,"_editorskit_block_options_position":"{}","inline_featured_image":false,"footnotes":""},"class_list":["post-943","page","type-page","status-publish","hentry"],"featured_image_src":null,"yoast_head":"<!-- This site is optimized with the Yoast SEO plugin v27.4 - https:\/\/yoast.com\/product\/yoast-seo-wordpress\/ -->\n<title>Konklusjon - KAN<\/title>\n<meta name=\"robots\" content=\"index, follow, max-snippet:-1, max-image-preview:large, max-video-preview:-1\" \/>\n<link rel=\"canonical\" href=\"https:\/\/handbook.kanco2.no\/en\/smart-integrations-of-co2-capture-plants-and-energy-recovery-plants\/conclusion\/\" \/>\n<meta property=\"og:locale\" content=\"en_GB\" \/>\n<meta property=\"og:type\" content=\"article\" \/>\n<meta property=\"og:title\" content=\"Konklusjon - KAN\" \/>\n<meta property=\"og:description\" content=\"Kapittel 3 I Tabell 5 er p\u00e5virkningene de ulike alternativene har p\u00e5 de viktigste parameterne vist. Det er antatt at dampen tappes av oppstr\u00f8ms turbin enda det finnes bedre alternativer for dette. Det er antatt at all kj\u00f8lingen skal tas av t\u00f8rrkj\u00f8lere enda det m\u00e5 utarbeides spesifikke l\u00f8sninger for dagene utetemperaturen er for h\u00f8y. Det [&hellip;]\" \/>\n<meta property=\"og:url\" content=\"https:\/\/handbook.kanco2.no\/en\/smart-integrations-of-co2-capture-plants-and-energy-recovery-plants\/conclusion\/\" \/>\n<meta property=\"og:site_name\" content=\"KAN\" \/>\n<meta property=\"article:modified_time\" content=\"2024-08-15T12:02:16+00:00\" \/>\n<meta property=\"og:image\" content=\"https:\/\/handbook.kanco2.no\/wp-content\/uploads\/2024\/06\/arrow-left-white.svg\" \/>\n<meta name=\"twitter:card\" content=\"summary_large_image\" \/>\n<meta name=\"twitter:label1\" content=\"Estimated reading time\" \/>\n\t<meta name=\"twitter:data1\" content=\"9 minutes\" \/>\n<script type=\"application\/ld+json\" class=\"yoast-schema-graph\">{\"@context\":\"https:\\\/\\\/schema.org\",\"@graph\":[{\"@type\":\"WebPage\",\"@id\":\"https:\\\/\\\/handbook.kanco2.no\\\/smarte-integrasjoner-av-co2-fangstanleggog-energigjenvinningsanlegg\\\/konklusjon\\\/\",\"url\":\"https:\\\/\\\/handbook.kanco2.no\\\/smarte-integrasjoner-av-co2-fangstanleggog-energigjenvinningsanlegg\\\/konklusjon\\\/\",\"name\":\"Konklusjon - KAN\",\"isPartOf\":{\"@id\":\"https:\\\/\\\/handbook.kanco2.no\\\/#website\"},\"primaryImageOfPage\":{\"@id\":\"https:\\\/\\\/handbook.kanco2.no\\\/smarte-integrasjoner-av-co2-fangstanleggog-energigjenvinningsanlegg\\\/konklusjon\\\/#primaryimage\"},\"image\":{\"@id\":\"https:\\\/\\\/handbook.kanco2.no\\\/smarte-integrasjoner-av-co2-fangstanleggog-energigjenvinningsanlegg\\\/konklusjon\\\/#primaryimage\"},\"thumbnailUrl\":\"https:\\\/\\\/handbook.kanco2.no\\\/wp-content\\\/uploads\\\/2024\\\/06\\\/arrow-left-white.svg\",\"datePublished\":\"2024-07-19T13:13:00+00:00\",\"dateModified\":\"2024-08-15T12:02:16+00:00\",\"breadcrumb\":{\"@id\":\"https:\\\/\\\/handbook.kanco2.no\\\/smarte-integrasjoner-av-co2-fangstanleggog-energigjenvinningsanlegg\\\/konklusjon\\\/#breadcrumb\"},\"inLanguage\":\"en-GB\",\"potentialAction\":[{\"@type\":\"ReadAction\",\"target\":[\"https:\\\/\\\/handbook.kanco2.no\\\/smarte-integrasjoner-av-co2-fangstanleggog-energigjenvinningsanlegg\\\/konklusjon\\\/\"]}]},{\"@type\":\"ImageObject\",\"inLanguage\":\"en-GB\",\"@id\":\"https:\\\/\\\/handbook.kanco2.no\\\/smarte-integrasjoner-av-co2-fangstanleggog-energigjenvinningsanlegg\\\/konklusjon\\\/#primaryimage\",\"url\":\"https:\\\/\\\/handbook.kanco2.no\\\/wp-content\\\/uploads\\\/2024\\\/06\\\/arrow-left-white.svg\",\"contentUrl\":\"https:\\\/\\\/handbook.kanco2.no\\\/wp-content\\\/uploads\\\/2024\\\/06\\\/arrow-left-white.svg\"},{\"@type\":\"BreadcrumbList\",\"@id\":\"https:\\\/\\\/handbook.kanco2.no\\\/smarte-integrasjoner-av-co2-fangstanleggog-energigjenvinningsanlegg\\\/konklusjon\\\/#breadcrumb\",\"itemListElement\":[{\"@type\":\"ListItem\",\"position\":1,\"name\":\"Home\",\"item\":\"https:\\\/\\\/handbook.kanco2.no\\\/\"},{\"@type\":\"ListItem\",\"position\":2,\"name\":\"Smarte integrasjoner av CO2 fangstanlegg og energigjenvinningsanlegg\",\"item\":\"https:\\\/\\\/handbook.kanco2.no\\\/smarte-integrasjoner-av-co2-fangstanleggog-energigjenvinningsanlegg\\\/\"},{\"@type\":\"ListItem\",\"position\":3,\"name\":\"Konklusjon\"}]},{\"@type\":\"WebSite\",\"@id\":\"https:\\\/\\\/handbook.kanco2.no\\\/#website\",\"url\":\"https:\\\/\\\/handbook.kanco2.no\\\/\",\"name\":\"KAN\",\"description\":\"\",\"publisher\":{\"@id\":\"https:\\\/\\\/handbook.kanco2.no\\\/#organization\"},\"potentialAction\":[{\"@type\":\"SearchAction\",\"target\":{\"@type\":\"EntryPoint\",\"urlTemplate\":\"https:\\\/\\\/handbook.kanco2.no\\\/?s={search_term_string}\"},\"query-input\":{\"@type\":\"PropertyValueSpecification\",\"valueRequired\":true,\"valueName\":\"search_term_string\"}}],\"inLanguage\":\"en-GB\"},{\"@type\":\"Organization\",\"@id\":\"https:\\\/\\\/handbook.kanco2.no\\\/#organization\",\"name\":\"KAN\",\"url\":\"https:\\\/\\\/handbook.kanco2.no\\\/\",\"logo\":{\"@type\":\"ImageObject\",\"inLanguage\":\"en-GB\",\"@id\":\"https:\\\/\\\/handbook.kanco2.no\\\/#\\\/schema\\\/logo\\\/image\\\/\",\"url\":\"https:\\\/\\\/handbook.kanco2.no\\\/wp-content\\\/uploads\\\/2024\\\/06\\\/KAN-logo-e1718626874781.png\",\"contentUrl\":\"https:\\\/\\\/handbook.kanco2.no\\\/wp-content\\\/uploads\\\/2024\\\/06\\\/KAN-logo-e1718626874781.png\",\"width\":389,\"height\":230,\"caption\":\"KAN\"},\"image\":{\"@id\":\"https:\\\/\\\/handbook.kanco2.no\\\/#\\\/schema\\\/logo\\\/image\\\/\"}}]}<\/script>\n<!-- \/ Yoast SEO plugin. -->","yoast_head_json":{"title":"Konklusjon - KAN","robots":{"index":"index","follow":"follow","max-snippet":"max-snippet:-1","max-image-preview":"max-image-preview:large","max-video-preview":"max-video-preview:-1"},"canonical":"https:\/\/handbook.kanco2.no\/en\/smart-integrations-of-co2-capture-plants-and-energy-recovery-plants\/conclusion\/","og_locale":"en_GB","og_type":"article","og_title":"Konklusjon - KAN","og_description":"Kapittel 3 I Tabell 5 er p\u00e5virkningene de ulike alternativene har p\u00e5 de viktigste parameterne vist. Det er antatt at dampen tappes av oppstr\u00f8ms turbin enda det finnes bedre alternativer for dette. Det er antatt at all kj\u00f8lingen skal tas av t\u00f8rrkj\u00f8lere enda det m\u00e5 utarbeides spesifikke l\u00f8sninger for dagene utetemperaturen er for h\u00f8y. Det [&hellip;]","og_url":"https:\/\/handbook.kanco2.no\/en\/smart-integrations-of-co2-capture-plants-and-energy-recovery-plants\/conclusion\/","og_site_name":"KAN","article_modified_time":"2024-08-15T12:02:16+00:00","og_image":[{"url":"https:\/\/handbook.kanco2.no\/wp-content\/uploads\/2024\/06\/arrow-left-white.svg","type":"","width":"","height":""}],"twitter_card":"summary_large_image","twitter_misc":{"Estimated reading time":"9 minutes"},"schema":{"@context":"https:\/\/schema.org","@graph":[{"@type":"WebPage","@id":"https:\/\/handbook.kanco2.no\/smarte-integrasjoner-av-co2-fangstanleggog-energigjenvinningsanlegg\/konklusjon\/","url":"https:\/\/handbook.kanco2.no\/smarte-integrasjoner-av-co2-fangstanleggog-energigjenvinningsanlegg\/konklusjon\/","name":"Konklusjon - KAN","isPartOf":{"@id":"https:\/\/handbook.kanco2.no\/#website"},"primaryImageOfPage":{"@id":"https:\/\/handbook.kanco2.no\/smarte-integrasjoner-av-co2-fangstanleggog-energigjenvinningsanlegg\/konklusjon\/#primaryimage"},"image":{"@id":"https:\/\/handbook.kanco2.no\/smarte-integrasjoner-av-co2-fangstanleggog-energigjenvinningsanlegg\/konklusjon\/#primaryimage"},"thumbnailUrl":"https:\/\/handbook.kanco2.no\/wp-content\/uploads\/2024\/06\/arrow-left-white.svg","datePublished":"2024-07-19T13:13:00+00:00","dateModified":"2024-08-15T12:02:16+00:00","breadcrumb":{"@id":"https:\/\/handbook.kanco2.no\/smarte-integrasjoner-av-co2-fangstanleggog-energigjenvinningsanlegg\/konklusjon\/#breadcrumb"},"inLanguage":"en-GB","potentialAction":[{"@type":"ReadAction","target":["https:\/\/handbook.kanco2.no\/smarte-integrasjoner-av-co2-fangstanleggog-energigjenvinningsanlegg\/konklusjon\/"]}]},{"@type":"ImageObject","inLanguage":"en-GB","@id":"https:\/\/handbook.kanco2.no\/smarte-integrasjoner-av-co2-fangstanleggog-energigjenvinningsanlegg\/konklusjon\/#primaryimage","url":"https:\/\/handbook.kanco2.no\/wp-content\/uploads\/2024\/06\/arrow-left-white.svg","contentUrl":"https:\/\/handbook.kanco2.no\/wp-content\/uploads\/2024\/06\/arrow-left-white.svg"},{"@type":"BreadcrumbList","@id":"https:\/\/handbook.kanco2.no\/smarte-integrasjoner-av-co2-fangstanleggog-energigjenvinningsanlegg\/konklusjon\/#breadcrumb","itemListElement":[{"@type":"ListItem","position":1,"name":"Home","item":"https:\/\/handbook.kanco2.no\/"},{"@type":"ListItem","position":2,"name":"Smarte integrasjoner av CO2 fangstanlegg og energigjenvinningsanlegg","item":"https:\/\/handbook.kanco2.no\/smarte-integrasjoner-av-co2-fangstanleggog-energigjenvinningsanlegg\/"},{"@type":"ListItem","position":3,"name":"Konklusjon"}]},{"@type":"WebSite","@id":"https:\/\/handbook.kanco2.no\/#website","url":"https:\/\/handbook.kanco2.no\/","name":"KAN","description":"","publisher":{"@id":"https:\/\/handbook.kanco2.no\/#organization"},"potentialAction":[{"@type":"SearchAction","target":{"@type":"EntryPoint","urlTemplate":"https:\/\/handbook.kanco2.no\/?s={search_term_string}"},"query-input":{"@type":"PropertyValueSpecification","valueRequired":true,"valueName":"search_term_string"}}],"inLanguage":"en-GB"},{"@type":"Organization","@id":"https:\/\/handbook.kanco2.no\/#organization","name":"KAN","url":"https:\/\/handbook.kanco2.no\/","logo":{"@type":"ImageObject","inLanguage":"en-GB","@id":"https:\/\/handbook.kanco2.no\/#\/schema\/logo\/image\/","url":"https:\/\/handbook.kanco2.no\/wp-content\/uploads\/2024\/06\/KAN-logo-e1718626874781.png","contentUrl":"https:\/\/handbook.kanco2.no\/wp-content\/uploads\/2024\/06\/KAN-logo-e1718626874781.png","width":389,"height":230,"caption":"KAN"},"image":{"@id":"https:\/\/handbook.kanco2.no\/#\/schema\/logo\/image\/"}}]}},"_links":{"self":[{"href":"https:\/\/handbook.kanco2.no\/en\/wp-json\/wp\/v2\/pages\/943","targetHints":{"allow":["GET"]}}],"collection":[{"href":"https:\/\/handbook.kanco2.no\/en\/wp-json\/wp\/v2\/pages"}],"about":[{"href":"https:\/\/handbook.kanco2.no\/en\/wp-json\/wp\/v2\/types\/page"}],"author":[{"embeddable":true,"href":"https:\/\/handbook.kanco2.no\/en\/wp-json\/wp\/v2\/users\/1"}],"replies":[{"embeddable":true,"href":"https:\/\/handbook.kanco2.no\/en\/wp-json\/wp\/v2\/comments?post=943"}],"version-history":[{"count":6,"href":"https:\/\/handbook.kanco2.no\/en\/wp-json\/wp\/v2\/pages\/943\/revisions"}],"predecessor-version":[{"id":2397,"href":"https:\/\/handbook.kanco2.no\/en\/wp-json\/wp\/v2\/pages\/943\/revisions\/2397"}],"up":[{"embeddable":true,"href":"https:\/\/handbook.kanco2.no\/en\/wp-json\/wp\/v2\/pages\/330"}],"wp:attachment":[{"href":"https:\/\/handbook.kanco2.no\/en\/wp-json\/wp\/v2\/media?parent=943"}],"curies":[{"name":"wp","href":"https:\/\/api.w.org\/{rel}","templated":true}]}}